{"id":1228,"date":"2018-03-29T14:23:05","date_gmt":"2018-03-29T12:23:05","guid":{"rendered":"http:\/\/wp-isite.urbiloglabs.fr\/?page_id=1228"},"modified":"2019-05-21T12:03:33","modified_gmt":"2019-05-21T10:03:33","slug":"coordination-team","status":"publish","type":"page","link":"https:\/\/wp-isite.urbiloglabs.fr\/index.php\/en\/coordination-team\/","title":{"rendered":"Coordination Team \/ Hub Office"},"content":{"rendered":"<p>A coordination team set up to assist the Executive Director and act as experts in the daily running of the organisation and the implementation of I-SITE operations.<\/p>\n<table>\n<tbody>\n<tr>\n<td style=\"width: 82px;\"><img loading=\"lazy\" class=\"alignleft size-full wp-image-4139\" src=\"https:\/\/wp-isite.urbiloglabs.fr\/wp-content\/uploads\/2018\/11\/pattou.jpg\" alt=\"\" width=\"150\" height=\"225\" \/><\/td>\n<td style=\"width: 275px;\">\u2018Health\u2019 Hub: <a href=\"mailto:francois.pattou@univ-lille2.fr\" target=\"_blank\" rel=\"noopener\">Fran\u00e7ois Pattou<\/a>, Professor of surgery at the <a href=\"https:\/\/www.univ-lille.fr\/\" target=\"_blank\" rel=\"noopener\">University of Lille<\/a>;<\/td>\n<td style=\"width: 15px;\"><\/td>\n<td style=\"width: 82px;\"><img loading=\"lazy\" class=\"alignleft size-full wp-image-4145\" src=\"https:\/\/wp-isite.urbiloglabs.fr\/wp-content\/uploads\/2018\/11\/duflos.jpg\" alt=\"\" width=\"150\" height=\"225\" \/><\/td>\n<td style=\"width: 385px;\">Pedagogical innovation: <a href=\"mailto:emmanuel.duflos@centralelille.fr\" target=\"_blank\" rel=\"noopener\">Emmanuel Duflos<\/a>, Professor of Statistical Signal Processing and Computer Science at <a href=\"http:\/\/centralelille.fr\/\" target=\"_blank\" rel=\"noopener\">Centrale Lille<\/a>;<\/td>\n<\/tr>\n<tr>\n<td style=\"width: 82px;\"><img loading=\"lazy\" class=\"alignleft size-full wp-image-4142\" src=\"https:\/\/wp-isite.urbiloglabs.fr\/wp-content\/uploads\/2018\/11\/dumeignil.jpg\" alt=\"\" width=\"150\" height=\"225\" \/><\/td>\n<td style=\"width: 275px;\">\u2018Planet\u2019 Hub: <a href=\"mailto:franck.dumeignil@univ-lille1.fr\" target=\"_blank\" rel=\"noopener\">Franck Dumeignil<\/a>, Professor of chemistry at the <a href=\"https:\/\/www.univ-lille.fr\/\" target=\"_blank\" rel=\"noopener\">University of Lille<\/a>;<\/td>\n<td style=\"width: 15px;\"><\/td>\n<td style=\"width: 82px;\"><img loading=\"lazy\" class=\"alignleft size-full wp-image-4146\" src=\"https:\/\/wp-isite.urbiloglabs.fr\/wp-content\/uploads\/2018\/11\/tison.jpg\" alt=\"\" width=\"150\" height=\"225\" \/><\/td>\n<td style=\"width: 385px;\">Development of relations with the socio-economic world: <a href=\"mailto:sophie.tison@wp-isite.urbiloglabs.fr\" target=\"_blank\" rel=\"noopener\">Sophie Tison<\/a>, Professor of computer science at the <a href=\"https:\/\/www.univ-lille.fr\/\" target=\"_blank\" rel=\"noopener\">University of Lille<\/a>;<\/td>\n<\/tr>\n<tr>\n<td style=\"width: 82px;\"><img loading=\"lazy\" class=\"alignleft size-full wp-image-4143\" src=\"https:\/\/wp-isite.urbiloglabs.fr\/wp-content\/uploads\/2018\/11\/coello.jpg\" alt=\"\" width=\"150\" height=\"225\" \/><\/td>\n<td style=\"width: 275px;\">\u2018Digital World\u2019 Hub: <a href=\"mailto:yann.coello@univ-lille3.fr\" target=\"_blank\" rel=\"noopener\">Yann Coello<\/a>, Professor of psychology at the <a href=\"https:\/\/www.univ-lille.fr\/\" target=\"_blank\" rel=\"noopener\">University of Lille<\/a>;<\/td>\n<td style=\"width: 15px;\"><\/td>\n<td style=\"width: 82px;\"><img loading=\"lazy\" class=\"alignleft size-full wp-image-4147\" src=\"https:\/\/wp-isite.urbiloglabs.fr\/wp-content\/uploads\/2018\/11\/oconnor.jpg\" alt=\"\" width=\"150\" height=\"225\" \/><\/td>\n<td style=\"width: 385px;\">Development of international relations: <a href=\"mailto:kathleen.oconnor@univ-lille3.fr\" target=\"_blank\" rel=\"noopener\">Kathleen O\u2019Connor<\/a>, Associate Professor of English linguistics at the <a href=\"https:\/\/www.univ-lille.fr\/\" target=\"_blank\" rel=\"noopener\">University of Lille<\/a>.<\/td>\n<\/tr>\n<\/tbody>\n<\/table>\n<p>For each of the hubs, the coordinators rely on a team whose members help to prepare the actions of the hubs.<\/p>\n<h4>\u2018Health\u2019 Hub:<\/h4>\n<ul>\n<li>Coordinator: <a href=\"http:\/\/francois.pattou@univ-lille2.fr\" target=\"_blank\" rel=\"noopener\">Fran\u00e7ois Pattou<\/a>, Professor of Surgery at the <a href=\"https:\/\/www.univ-lille.fr\/\" target=\"_blank\" rel=\"noopener\">University de Lille<\/a>;<\/li>\n<li>Philippe Amouyel, Director of the <a href=\"http:\/\/distalz.univ-lille2.fr\/\" target=\"_blank\" rel=\"noopener\">LabEx Distalz<\/a>;<\/li>\n<li>Luc Bu\u00e9e, <span class=\"tlid-translation translation\" lang=\"en\"><span class=\"\" title=\"\">Vice Dean for Research<\/span><\/span> at the <a href=\"http:\/\/medecine.univ-lille.fr\/bienvenue\/?L=914\" target=\"_blank\" rel=\"noopener\">Facult\u00e9 de M\u00e9decine de Lille<\/a>;<\/li>\n<li>V\u00e9ronique Christophe, <a href=\"http:\/\/scalab.cnrs.fr\/index.php\/fr\/\" target=\"_blank\" rel=\"noopener\">SCALab<\/a>;<\/li>\n<li>Benoit Deprez, Scientific advisor at the <a href=\"https:\/\/www.pasteur-lille.fr\/accueil\/\" target=\"_blank\" rel=\"noopener\">Institut Pasteur de Lille ;<\/a><\/li>\n<li>Philippe Froguel, Director of the <a href=\"http:\/\/www.egid.fr\/accueil\/\" target=\"_blank\" rel=\"noopener\">LabEx EGID<\/a>;<\/li>\n<li>Fr\u00e9d\u00e9ric Gottrand, <a href=\"http:\/\/www.chru-lille.fr\/\" target=\"_blank\" rel=\"noopener\">CHU of Lille<\/a>\u00a0;<\/li>\n<li>David Launay, Comit\u00e9 de recherche en mati\u00e8re biom\u00e9dicale et de sant\u00e9 publique (CRBSP) ;<\/li>\n<li>Lionel Montagne, Vice-President for Research at the <a href=\"https:\/\/www.univ-lille.fr\/\" target=\"_blank\" rel=\"noopener\">University of Lille<\/a>;<\/li>\n<li>Philippe Pernod,\u00a0Director for research and valorisation at <a href=\"http:\/\/centralelille.fr\/\" target=\"_blank\" rel=\"noopener\">Centrale Lille ;<\/a><\/li>\n<li>Bernard Sablonni\u00e8re, Director the <a href=\"http:\/\/edbsl.univ-lille2.fr\/\" target=\"_blank\" rel=\"noopener\">doctoral school of health biology ;<\/a><\/li>\n<li>Patrick Vermersch, <a href=\"http:\/\/www.chru-lille.fr\/\" target=\"_blank\" rel=\"noopener\">CHU of Lille.<\/a><\/li>\n<\/ul>\n<h4>\u2018Planet\u2019 Hub:<\/h4>\n<ul>\n<li>Coordinator: <a href=\"mailto:franck.dumeignil@univ-lille1.fr\" target=\"_blank\" rel=\"noopener\">Franck Dumeignil<\/a>, Professor of Chemistry at the <a href=\"https:\/\/www.univ-lille.fr\/\" target=\"_blank\" rel=\"noopener\">University of Lille<\/a> ;<\/li>\n<li>Martine Benoit, Director of the <a href=\"https:\/\/www.meshs.fr\/\" target=\"_blank\" rel=\"noopener\">Maison Europ\u00e9enne des Sciences de l\u2019Homme et de la Soci\u00e9t\u00e9 (MESHS)<\/a>;<\/li>\n<li>Philippe Carrez, Professor of Chemistry at the <a href=\"https:\/\/www.univ-lille.fr\/\" target=\"_blank\" rel=\"noopener\">University of Lille<\/a> ;<\/li>\n<li>Jo\u00ebl Cuguen, Director of the <a href=\"http:\/\/edsmre.univ-lille1.fr\/\" target=\"_blank\" rel=\"noopener\">doctoral school of sciences of matter, and radiation and environmental sciences<\/a>;<\/li>\n<li>Taniel Danelian, Deputy Director of the <a href=\"http:\/\/irepse.univ-lille.fr\/\" target=\"_blank\" rel=\"noopener\">Institut de Recherches Pluridisciplinaires en Sciences de l&rsquo; Environnement<\/a> ;<\/li>\n<li>Sophie Duquesne, Professor at the<a href=\"http:\/\/www.ensc-lille.fr\/\" target=\"_blank\" rel=\"noopener\">\u00a0\u00c9cole Nationale Sup\u00e9rieure de Chimie (ENSCL)<\/a> ;<\/li>\n<li>Th\u00e9r\u00e8se Huet, Deputy Director of the laboratory <a href=\"http:\/\/www.phlam.univ-lille1.fr\/\" target=\"_blank\" rel=\"noopener\">Physique des Lasers, Atomes et Mol\u00e9cules (PhLAM)<\/a> ;<\/li>\n<li>Lionel Montagne, Vice-President for Research at the <a href=\"https:\/\/www.univ-lille.fr\/\" target=\"_blank\" rel=\"noopener\">University of Lille \/\u00a0<\/a>Clarisse Dhaenens,\u00a0Vice-President for Research in Sciences &amp; Technologies at the <a href=\"https:\/\/www.univ-lille.fr\/\" target=\"_blank\" rel=\"noopener\">University of Lille \/\u00a0<\/a>Guy Buntinx, Director of the <a href=\"http:\/\/chevreul.univ-lille1.fr\/\" target=\"_blank\" rel=\"noopener\">Chevreul Foundation<\/a> ;<\/li>\n<li>Philippe Pernod,\u00a0Director for research and valorisation at <a href=\"http:\/\/centralelille.fr\/\" target=\"_blank\" rel=\"noopener\">Centrale Lille ;<\/a><\/li>\n<li>Denis Petitprez, Director of the <a href=\"http:\/\/www.labex-cappa.fr\/\" target=\"_blank\" rel=\"noopener\">LabEx CAPPA<\/a>\u00a0;<\/li>\n<li>Murielle Rivenet, Assistant Professor at <a href=\"http:\/\/www.ensc-lille.fr\/\" target=\"_blank\" rel=\"noopener\">Ecole Nationale Sup\u00e9rieure de Chimie de Lille (ENSCL)<\/a>.<\/li>\n<\/ul>\n<h4>\u2018Digital World\u2019 Hub:<\/h4>\n<ul>\n<li>Coordinator: <a href=\"mailto:yann.coello@univ-lille3.fr\" target=\"_blank\" rel=\"noopener\">Yann Coello<\/a>, Professor of psychology at the <a href=\"https:\/\/www.univ-lille.fr\/\" target=\"_blank\" rel=\"noopener\">University of Lille<\/a>;<\/li>\n<li>Stephan de Bievre, Professor of Mathematics at the <a href=\"https:\/\/www.univ-lille.fr\/\" target=\"_blank\" rel=\"noopener\">University of Lille,\u00a0<\/a>Scientific coordinator of the <a href=\"http:\/\/math.univ-lille1.fr\/~cempi\/\" target=\"_blank\" rel=\"noopener\">LabEx CEMPI<\/a>;<\/li>\n<li>Olivier Colot, Director of the <a href=\"https:\/\/cristal.univ-lille.fr\/\" target=\"_blank\" rel=\"noopener\"><span class=\"st\">Centre de Recherche en Informatique, Signal et automatique de Lille (CRIStAL) ;<\/span><\/a><\/li>\n<li>Clarisse Dhaenens, Professor of Computer Science at the <a href=\"https:\/\/www.univ-lille.fr\/\" target=\"_blank\" rel=\"noopener\">University of Lille<\/a>, Deputy Director of the <a href=\"https:\/\/cristal.univ-lille.fr\/\" target=\"_blank\" rel=\"noopener\"><span class=\"st\">Centre de Recherche en Informatique, Signal et automatique de Lille (CRIStAL)<\/span><\/a><span class=\"st\"> (substitute : Betty Semail, Professor of Electrical Engineering, Director of the <a href=\"http:\/\/l2ep.univ-lille1.fr\/\" target=\"_blank\" rel=\"noopener\">Laboratoire d\u2019Electrotechnique et d\u2019Electronique de Puissance de Lille (L2EP<\/a>) <\/span>;<\/li>\n<li>Christophe Delerue, CNRS Research Director at the <a href=\"https:\/\/www.iemn.fr\/\" target=\"_blank\" rel=\"noopener\"><span data-original-name=\"Institut d'\u00e9lectronique de micro\u00e9lectronique et de nanotechnologie\">Institut d\u2019\u00e9lectronique de micro\u00e9lectronique et de nanotechnologie (I<\/span>EMN)<\/a> ;<\/li>\n<li>Ilse Depraetere, Professor of Linguistics at the <a href=\"https:\/\/www.univ-lille.fr\/\" target=\"_blank\" rel=\"noopener\">University of Lille<\/a>, Deputy director of the laboratory <a href=\"https:\/\/stl.univ-lille.fr\/\" target=\"_blank\" rel=\"noopener\">Savoirs, Textes, Langage (STL)<\/a>;<\/li>\n<li>Marc Douay, Professor of Physics at the <a href=\"https:\/\/www.univ-lille.fr\/\" target=\"_blank\" rel=\"noopener\">University of Lille<\/a>, Director of the laboratory <a href=\"http:\/\/www.phlam.univ-lille1.fr\/\" target=\"_blank\" rel=\"noopener\">Physique des Lasers, Atomes et Mol\u00e9cules (PhLAM)<\/a>;<\/li>\n<li>Emmanuel Fricain, future Scientific coordinator of the <a href=\"http:\/\/math.univ-lille1.fr\/~cempi\/\" target=\"_blank\" rel=\"noopener\">LabEx CEMPI<\/a>;<\/li>\n<li>Isabelle Herlin, Inria Research Director, Director of the <a href=\"https:\/\/www.inria.fr\/centre\/lille\" target=\"_blank\" rel=\"noopener\">Inria Lille-Nord Europe<\/a> center;<\/li>\n<li>Marc Lefranc, Coordinator for Physics of the <a href=\"http:\/\/math.univ-lille1.fr\/~cempi\/\" target=\"_blank\" rel=\"noopener\">LabEx CEMPI<\/a> ;<\/li>\n<li>Ludovic Macaire, Deputy Director of the <a href=\"http:\/\/edspi.univ-lille1.fr\/\" target=\"_blank\" rel=\"noopener\">Doctoral School for Engineering Science<\/a> ;<\/li>\n<li>Lionel Montagne, Professor of Chemistry at the <a href=\"https:\/\/www.univ-lille.fr\/\" target=\"_blank\" rel=\"noopener\">University of Lille<\/a>, Vice-President for Research at the <a href=\"https:\/\/www.univ-lille.fr\/\" target=\"_blank\" rel=\"noopener\">University of Lille<\/a>;<\/li>\n<li>Philippe Pernod,\u00a0Director for research and valorisation at <a href=\"http:\/\/centralelille.fr\/\" target=\"_blank\" rel=\"noopener\">Centrale Lille ;<\/a><\/li>\n<li>Lionel Seinturier, Professor of Computer Science at the <a href=\"https:\/\/www.univ-lille.fr\/\" target=\"_blank\" rel=\"noopener\">University of Lille<\/a>.<\/li>\n<\/ul>\n","protected":false},"excerpt":{"rendered":"<p>A coordination team set up to assist the Executive Director and act as experts in the daily running of the organisation and the implementation of I-SITE operations. \u2018Health\u2019 Hub: Fran\u00e7ois Pattou, Professor of surgery at the University of Lille; Pedagogical innovation: Emmanuel Duflos, Professor of Statistical Signal Processing and Computer Science at Centrale Lille; \u2018Planet\u2019 &hellip; <a href=\"https:\/\/wp-isite.urbiloglabs.fr\/index.php\/en\/coordination-team\/\" class=\"more-link\">Continuer la lecture<span class=\"screen-reader-text\"> de &laquo;&nbsp;Coordination Team \/ Hub Office&nbsp;&raquo;<\/span><\/a><\/p>\n","protected":false},"author":2,"featured_media":0,"parent":0,"menu_order":0,"comment_status":"closed","ping_status":"closed","template":"","meta":[],"_links":{"self":[{"href":"https:\/\/wp-isite.urbiloglabs.fr\/index.php\/wp-json\/wp\/v2\/pages\/1228"}],"collection":[{"href":"https:\/\/wp-isite.urbiloglabs.fr\/index.php\/wp-json\/wp\/v2\/pages"}],"about":[{"href":"https:\/\/wp-isite.urbiloglabs.fr\/index.php\/wp-json\/wp\/v2\/types\/page"}],"author":[{"embeddable":true,"href":"https:\/\/wp-isite.urbiloglabs.fr\/index.php\/wp-json\/wp\/v2\/users\/2"}],"replies":[{"embeddable":true,"href":"https:\/\/wp-isite.urbiloglabs.fr\/index.php\/wp-json\/wp\/v2\/comments?post=1228"}],"version-history":[{"count":31,"href":"https:\/\/wp-isite.urbiloglabs.fr\/index.php\/wp-json\/wp\/v2\/pages\/1228\/revisions"}],"predecessor-version":[{"id":4769,"href":"https:\/\/wp-isite.urbiloglabs.fr\/index.php\/wp-json\/wp\/v2\/pages\/1228\/revisions\/4769"}],"wp:attachment":[{"href":"https:\/\/wp-isite.urbiloglabs.fr\/index.php\/wp-json\/wp\/v2\/media?parent=1228"}],"curies":[{"name":"wp","href":"https:\/\/api.w.org\/{rel}","templated":true}]}}