{"id":1646,"date":"2018-05-02T13:15:37","date_gmt":"2018-05-02T11:15:37","guid":{"rendered":"http:\/\/wp-isite.urbiloglabs.fr\/?page_id=1646"},"modified":"2018-08-22T10:57:27","modified_gmt":"2018-08-22T08:57:27","slug":"una-fundacion-de-asociacion","status":"publish","type":"page","link":"https:\/\/wp-isite.urbiloglabs.fr\/index.php\/es\/una-fundacion-de-asociacion\/","title":{"rendered":"Una fundaci\u00f3n de asociaci\u00f3n"},"content":{"rendered":"<p>Creada en enero de 2018, la Fundaci\u00f3n I-SITE ULNE es la estructura que acompa\u00f1a la realizaci\u00f3n del <a href=\"https:\/\/wp-isite.urbiloglabs.fr\/wp-content\/uploads\/2018\/08\/I-SITE-ULNE-project-EN.pdf\">proyecto \u00ab\u00a0Universit\u00e9 Lille Nord-Europe\u00a0\u00bb<\/a>. Al reunir a instituciones de educaci\u00f3n superior e investigaci\u00f3n, pero tambi\u00e9n a muchos actores del mundo socioecon\u00f3mico, el proyecto ha demostrado la ambici\u00f3n compartida de crear una universidad reconocida internacionalmente: la Universit\u00e9 Lille Nord-Europe, capaz de estar entre las universidades europeas m\u00e1s grandes.<\/p>\n<h2>Cifras clave (al comienzo del proyecto)<\/h2>\n<p class=\"paragraph-orange\"><strong><span style=\"color: #e94e1d;\">14<\/span> miembros fundadores<\/strong><br \/>\n<strong><span style=\"color: #e94e1d;\">190<\/span> empresas involucradas<\/strong><br \/>\n<strong><span style=\"color: #e94e1d;\">15<\/span> millones de euros de presupuesto anual <\/strong><br \/>\n<strong><span style=\"color: #e94e1d;\">74000<\/span> estudiantes <\/strong><br \/>\n<strong><span style=\"color: #e94e1d;\">2100<\/span> estudiantes de doctorado<\/strong><br \/>\n<strong><span style=\"color: #e94e1d;\">720<\/span> patentes<\/strong><br \/>\n<strong><span style=\"color: #e94e1d;\">4<\/span> laboratorios de excellencia y <span style=\"color: #e94e1d;\">6<\/span> equipos de excellencia<\/strong><\/p>\n<p>&nbsp;<\/p>\n","protected":false},"excerpt":{"rendered":"<p>Creada en enero de 2018, la Fundaci\u00f3n I-SITE ULNE es la estructura que acompa\u00f1a la realizaci\u00f3n del proyecto \u00ab\u00a0Universit\u00e9 Lille Nord-Europe\u00a0\u00bb. Al reunir a instituciones de educaci\u00f3n superior e investigaci\u00f3n, pero tambi\u00e9n a muchos actores del mundo socioecon\u00f3mico, el proyecto ha demostrado la ambici\u00f3n compartida de crear una universidad reconocida internacionalmente: la Universit\u00e9 Lille Nord-Europe, &hellip; <a href=\"https:\/\/wp-isite.urbiloglabs.fr\/index.php\/es\/una-fundacion-de-asociacion\/\" class=\"more-link\">Continuer la lecture<span class=\"screen-reader-text\"> de &laquo;&nbsp;Una fundaci\u00f3n de asociaci\u00f3n&nbsp;&raquo;<\/span><\/a><\/p>\n","protected":false},"author":5,"featured_media":0,"parent":0,"menu_order":0,"comment_status":"closed","ping_status":"closed","template":"","meta":[],"_links":{"self":[{"href":"https:\/\/wp-isite.urbiloglabs.fr\/index.php\/wp-json\/wp\/v2\/pages\/1646"}],"collection":[{"href":"https:\/\/wp-isite.urbiloglabs.fr\/index.php\/wp-json\/wp\/v2\/pages"}],"about":[{"href":"https:\/\/wp-isite.urbiloglabs.fr\/index.php\/wp-json\/wp\/v2\/types\/page"}],"author":[{"embeddable":true,"href":"https:\/\/wp-isite.urbiloglabs.fr\/index.php\/wp-json\/wp\/v2\/users\/5"}],"replies":[{"embeddable":true,"href":"https:\/\/wp-isite.urbiloglabs.fr\/index.php\/wp-json\/wp\/v2\/comments?post=1646"}],"version-history":[{"count":3,"href":"https:\/\/wp-isite.urbiloglabs.fr\/index.php\/wp-json\/wp\/v2\/pages\/1646\/revisions"}],"predecessor-version":[{"id":3589,"href":"https:\/\/wp-isite.urbiloglabs.fr\/index.php\/wp-json\/wp\/v2\/pages\/1646\/revisions\/3589"}],"wp:attachment":[{"href":"https:\/\/wp-isite.urbiloglabs.fr\/index.php\/wp-json\/wp\/v2\/media?parent=1646"}],"curies":[{"name":"wp","href":"https:\/\/api.w.org\/{rel}","templated":true}]}}