{"id":1667,"date":"2018-05-02T13:20:30","date_gmt":"2018-05-02T11:20:30","guid":{"rendered":"http:\/\/wp-isite.urbiloglabs.fr\/?page_id=1667"},"modified":"2019-04-09T09:54:00","modified_gmt":"2019-04-09T07:54:00","slug":"consejo-de-administracion","status":"publish","type":"page","link":"https:\/\/wp-isite.urbiloglabs.fr\/index.php\/es\/consejo-de-administracion\/","title":{"rendered":"Consejo de Administraci\u00f3n"},"content":{"rendered":"<p>Est\u00e1 compuesto de 18 miembros:<\/p>\n<p>\u2013 12 representando a los fundadores:<\/p>\n<ul>\n<li>Jean-Christophe Camart, Rector,\u00a0<a href=\"https:\/\/www.univ-lille.fr\/\">Universit\u00e9 de Lille<\/a><\/li>\n<li>Nicolas Postel, Vicepresidente Estrategia y prospectiva,\u00a0<a href=\"https:\/\/www.univ-lille.fr\/\">Universit\u00e9 de Lille<\/a><\/li>\n<li>Lynne Franji\u00e9, Vicepresidente Educaci\u00f3n,\u00a0<a href=\"https:\/\/www.univ-lille.fr\/\">Universit\u00e9 de Lille<\/a><\/li>\n<li>Pierre Mathiot, Coordinador del Collegium des Grandes Ecoles de Lille<\/li>\n<li>Emmanuel Duflos, Director,\u00a0<a href=\"http:\/\/centralelille.fr\/\">Centrale Lille<\/a><\/li>\n<li>Nicolas ARNAUD, <span class=\"tlid-translation translation\" lang=\"es\"><span class=\"\" title=\"\">Director Cient\u00edfico Senior para Lille (<a href=\"http:\/\/www.cnrs.fr\/fr\/page-daccueil\" target=\"_blank\" rel=\"noopener\">CNRS<\/a>)<br \/>\n<\/span><\/span><\/li>\n<li>Isabelle Herlin, Directora, <a href=\"https:\/\/www.inria.fr\/centre\/lille\">Centre Inria Lille Nord-Europe<\/a><\/li>\n<li>Samir Ould Ali, Delegado Regional,\u00a0<a href=\"http:\/\/www.nord-ouest.inserm.fr\/\">Inserm Nord-Ouest<\/a><\/li>\n<li>Fr\u00e9d\u00e9ric Boiron, Director,\u00a0<a href=\"http:\/\/www.chru-lille.fr\/\">CHU de Lille<\/a><\/li>\n<li>Benoit Deprez, Consejero cient\u00edfico, <a href=\"https:\/\/www.pasteur-lille.fr\/accueil\/\">Institut Pasteur de Lille<\/a><\/li>\n<\/ul>\n<p><em>representantes del personal:<\/em><\/p>\n<ul>\n<li>Olivier Bou Matar, Profesor, <a href=\"http:\/\/centralelille.fr\/\">Centrale Lille<\/a><\/li>\n<li>Isabelle De Waele, Responsable del Centro Com\u00fan de Medici\u00f3n en spectometr\u00eda IRTF, <a href=\"https:\/\/www.univ-lille.fr\/\">Universit\u00e9 de Lille<\/a><\/li>\n<\/ul>\n<p>\u2013 6 personalidades cualificadas designadas por el Consejo de Administraci\u00f3n, propuestas por el\/la Presidente, debido a sus competencias en las \u00e1reas de actividades de la Fundaci\u00f3n y sus relaciones con el proyecto:<\/p>\n<ul>\n<li>Alexandre Abad, Director Investigaci\u00f3n y Desarrollo,\u00a0<a href=\"https:\/\/www.decathlon.fr\/\">Decathlon<\/a><\/li>\n<li>Damien Castelain, Presidente, <a href=\"http:\/\/www.lillemetropole.fr\/mel.html\">M\u00e9tropole Europ\u00e9enne de Lille<\/a><\/li>\n<li>Gilberte Chambaud, Profesora Em\u00e9rita de Qu\u00edmica, <a href=\"http:\/\/www.u-pem.fr\/\">Universit\u00e9 de Marne-la-Vall\u00e9e<\/a><\/li>\n<li>Piet Desmet, Vice-rector de\u00a0<a href=\"https:\/\/www.kuleuven.be\/kuleuven\/\">KU Leuven<\/a>, Rector de la\u00a0<a href=\"https:\/\/www.kuleuven-kulak.be\/en\/\">Kulak<\/a><\/li>\n<li>Nicolas Lebas, Vicepresidente de la R\u00e9gi\u00f3n\u00a0<a href=\"http:\/\/www.hautsdefrance.fr\/\">Hauts-de-France<\/a><\/li>\n<li>Lesley Wilson, Secretaria General,\u00a0<a href=\"http:\/\/www.eua.be\/\">European University Association (EUA)<\/a><\/li>\n<\/ul>\n<p>&nbsp;<\/p>\n","protected":false},"excerpt":{"rendered":"<p>Est\u00e1 compuesto de 18 miembros: \u2013 12 representando a los fundadores: Jean-Christophe Camart, Rector,\u00a0Universit\u00e9 de Lille Nicolas Postel, Vicepresidente Estrategia y prospectiva,\u00a0Universit\u00e9 de Lille Lynne Franji\u00e9, Vicepresidente Educaci\u00f3n,\u00a0Universit\u00e9 de Lille Pierre Mathiot, Coordinador del Collegium des Grandes Ecoles de Lille Emmanuel Duflos, Director,\u00a0Centrale Lille Nicolas ARNAUD, Director Cient\u00edfico Senior para Lille (CNRS) Isabelle Herlin, Directora, &hellip; <a href=\"https:\/\/wp-isite.urbiloglabs.fr\/index.php\/es\/consejo-de-administracion\/\" class=\"more-link\">Continuer la lecture<span class=\"screen-reader-text\"> de &laquo;&nbsp;Consejo de Administraci\u00f3n&nbsp;&raquo;<\/span><\/a><\/p>\n","protected":false},"author":5,"featured_media":0,"parent":0,"menu_order":0,"comment_status":"closed","ping_status":"closed","template":"","meta":[],"_links":{"self":[{"href":"https:\/\/wp-isite.urbiloglabs.fr\/index.php\/wp-json\/wp\/v2\/pages\/1667"}],"collection":[{"href":"https:\/\/wp-isite.urbiloglabs.fr\/index.php\/wp-json\/wp\/v2\/pages"}],"about":[{"href":"https:\/\/wp-isite.urbiloglabs.fr\/index.php\/wp-json\/wp\/v2\/types\/page"}],"author":[{"embeddable":true,"href":"https:\/\/wp-isite.urbiloglabs.fr\/index.php\/wp-json\/wp\/v2\/users\/5"}],"replies":[{"embeddable":true,"href":"https:\/\/wp-isite.urbiloglabs.fr\/index.php\/wp-json\/wp\/v2\/comments?post=1667"}],"version-history":[{"count":4,"href":"https:\/\/wp-isite.urbiloglabs.fr\/index.php\/wp-json\/wp\/v2\/pages\/1667\/revisions"}],"predecessor-version":[{"id":4617,"href":"https:\/\/wp-isite.urbiloglabs.fr\/index.php\/wp-json\/wp\/v2\/pages\/1667\/revisions\/4617"}],"wp:attachment":[{"href":"https:\/\/wp-isite.urbiloglabs.fr\/index.php\/wp-json\/wp\/v2\/media?parent=1667"}],"curies":[{"name":"wp","href":"https:\/\/api.w.org\/{rel}","templated":true}]}}