{"id":167,"date":"2018-02-05T15:30:39","date_gmt":"2018-02-05T14:30:39","guid":{"rendered":"http:\/\/wp-isite.urbiloglabs.fr\/?page_id=167"},"modified":"2018-11-09T16:48:44","modified_gmt":"2018-11-09T15:48:44","slug":"gouvernance","status":"publish","type":"page","link":"https:\/\/wp-isite.urbiloglabs.fr\/index.php\/fr\/gouvernance\/","title":{"rendered":"Notre gouvernance"},"content":{"rendered":"<p>Le projet I-SITE ULNE est port\u00e9 par une fondation qui permet \u00e0 l\u2019ensemble des membres du consortium, qui en sont les membres fondateurs, de participer au m\u00eame titre \u00e0 la r\u00e9alisation de ce projet ambitieux.<\/p>\n<p>La gouvernance du projet est soucieuse d\u2019allier l\u2019expertise, l\u2019agilit\u00e9 et l\u2019efficacit\u00e9 \u00e0 la collaboration effective de tous les membres fondateurs rassembl\u00e9s pour une ambition commune.<\/p>\n<h3>Pr\u00e9sidente\u00a0: Gilberte Chambaud<\/h3>\n<p><em>Professeur \u00e9m\u00e9rite de Chimie \u00e0 l\u2019<a href=\"http:\/\/www.u-pem.fr\/\" target=\"_blank\" rel=\"noopener\">Universit\u00e9 de Marne-la-Vall\u00e9e<\/a>, membre du Coll\u00e8ge du <a href=\"http:\/\/www.hceres.fr\/\" target=\"_blank\" rel=\"noopener\">Hc\u00e9res<\/a>, Pr\u00e9sidente de la <a href=\"http:\/\/www.societechimiquedefrance.fr\/\" target=\"_blank\" rel=\"noopener\">Soci\u00e9t\u00e9 chimique de France<\/a>, Directeur scientifique de l\u2019Institut de Chimie du CNRS (2006-2011)<\/em><\/p>\n<h3>Vice-Pr\u00e9sident\u00a0: Jean-Christophe Camart<\/h3>\n<p><em>Pr\u00e9sident de l\u2019<a href=\"https:\/\/www.univ-lille.fr\/\" target=\"_blank\" rel=\"noopener\">Universit\u00e9 de Lille<\/a><\/em><\/p>\n<h3>Tr\u00e9sori\u00e8re\u00a0: Isabelle Herlin<\/h3>\n<p><em>Directrice du <a href=\"https:\/\/www.inria.fr\/centre\/lille\" target=\"_blank\" rel=\"noopener\">Centre de recherche Inria Lille Nord-Europe<\/a><\/em><\/p>\n<h3>Directeur G\u00e9n\u00e9ral : R\u00e9gis Bordet<\/h3>\n<h3>Secr\u00e9taire G\u00e9n\u00e9ral\u00a0: Dominique Pacot<\/h3>\n<p>&nbsp;<\/p>\n<ul>\n<li>\n<h2><a href=\"\/index.php\/conseil-dadministration\/\">Conseil d\u2019Administration<\/a><\/h2>\n<\/li>\n<li>\n<h2><a href=\"\/index.php\/conseil-scientifique\/\">Conseil Scientifique<\/a><\/h2>\n<\/li>\n<li>\n<h2><a href=\"\/index.php\/comite-de-pilotage\/\">Comit\u00e9 de pilotage<\/a><\/h2>\n<\/li>\n<li>\n<h2><a href=\"\/index.php\/equipe-de-coordination\/\">Equipe de coordination<\/a><\/h2>\n<\/li>\n<li>\n<h2><a href=\"\/index.php\/equipe-operationnelle\/\">Equipe op\u00e9rationnelle<\/a><\/h2>\n<\/li>\n<li>\n<h2>Organigramme g\u00e9n\u00e9ral<\/h2>\n<\/li>\n<\/ul>\n<p><img loading=\"lazy\" class=\"alignleft size-large wp-image-4107\" src=\"https:\/\/wp-isite.urbiloglabs.fr\/wp-content\/uploads\/2018\/11\/181109_Organigramme-1024x682.jpg\" alt=\"\" width=\"840\" height=\"559\" \/><\/p>\n","protected":false},"excerpt":{"rendered":"<p>Le projet I-SITE ULNE est port\u00e9 par une fondation qui permet \u00e0 l\u2019ensemble des membres du consortium, qui en sont les membres fondateurs, de participer au m\u00eame titre \u00e0 la r\u00e9alisation de ce projet ambitieux. La gouvernance du projet est soucieuse d\u2019allier l\u2019expertise, l\u2019agilit\u00e9 et l\u2019efficacit\u00e9 \u00e0 la collaboration effective de tous les membres fondateurs &hellip; <a href=\"https:\/\/wp-isite.urbiloglabs.fr\/index.php\/fr\/gouvernance\/\" class=\"more-link\">Continuer la lecture<span class=\"screen-reader-text\"> de &laquo;&nbsp;Notre gouvernance&nbsp;&raquo;<\/span><\/a><\/p>\n","protected":false},"author":2,"featured_media":0,"parent":0,"menu_order":0,"comment_status":"closed","ping_status":"closed","template":"","meta":[],"_links":{"self":[{"href":"https:\/\/wp-isite.urbiloglabs.fr\/index.php\/wp-json\/wp\/v2\/pages\/167"}],"collection":[{"href":"https:\/\/wp-isite.urbiloglabs.fr\/index.php\/wp-json\/wp\/v2\/pages"}],"about":[{"href":"https:\/\/wp-isite.urbiloglabs.fr\/index.php\/wp-json\/wp\/v2\/types\/page"}],"author":[{"embeddable":true,"href":"https:\/\/wp-isite.urbiloglabs.fr\/index.php\/wp-json\/wp\/v2\/users\/2"}],"replies":[{"embeddable":true,"href":"https:\/\/wp-isite.urbiloglabs.fr\/index.php\/wp-json\/wp\/v2\/comments?post=167"}],"version-history":[{"count":27,"href":"https:\/\/wp-isite.urbiloglabs.fr\/index.php\/wp-json\/wp\/v2\/pages\/167\/revisions"}],"predecessor-version":[{"id":4108,"href":"https:\/\/wp-isite.urbiloglabs.fr\/index.php\/wp-json\/wp\/v2\/pages\/167\/revisions\/4108"}],"wp:attachment":[{"href":"https:\/\/wp-isite.urbiloglabs.fr\/index.php\/wp-json\/wp\/v2\/media?parent=167"}],"curies":[{"name":"wp","href":"https:\/\/api.w.org\/{rel}","templated":true}]}}