{"id":183,"date":"2018-02-05T15:39:50","date_gmt":"2018-02-05T14:39:50","guid":{"rendered":"http:\/\/wp-isite.urbiloglabs.fr\/?page_id=183"},"modified":"2018-10-04T12:04:13","modified_gmt":"2018-10-04T10:04:13","slug":"investir-pour-accompagner-la-creation-de-la-future-universite-lille-nord-europe","status":"publish","type":"page","link":"https:\/\/wp-isite.urbiloglabs.fr\/index.php\/fr\/investir-pour-accompagner-la-creation-de-la-future-universite-lille-nord-europe\/","title":{"rendered":"Accompagner la cr\u00e9ation de l&rsquo;ULNE"},"content":{"rendered":"<figure id=\"attachment_1382\" aria-describedby=\"caption-attachment-1382\" style=\"width: 1024px\" class=\"wp-caption alignnone\"><img loading=\"lazy\" class=\"size-full wp-image-1382 imgLarge\" src=\"https:\/\/wp-isite.urbiloglabs.fr\/wp-content\/uploads\/2018\/03\/ULNE-1024x451-1.jpg\" alt=\"\" width=\"1024\" height=\"451\" \/><figcaption id=\"caption-attachment-1382\" class=\"wp-caption-text\">\u00a9Service com UDL<\/figcaption><\/figure>\n<p>Labellis\u00e9 I-SITE en f\u00e9vrier 2017 lors de la deuxi\u00e8me vague du Programme d\u2019investissements d\u2019avenir (PIA2), le <a href=\"https:\/\/wp-isite.urbiloglabs.fr\/wp-content\/uploads\/2018\/02\/Projet-I-SITE-ULNE-VF.pdf\" target=\"_blank\" rel=\"noopener\">projet Universit\u00e9 Lille Nord-Europe<\/a> (ULNE) a re\u00e7u une dotation de 500 millions d\u2019euros afin d\u2019accompagner la cr\u00e9ation d\u2019ici 10 ans de la future grande universit\u00e9 internationale \u00ab\u00a0Universit\u00e9 Lille Nord-Europe\u00a0\u00bb.<\/p>\n<p>Le projet est organis\u00e9 autour des quatre axes suivants :<\/p>\n<ul>\n<li><a href=\"https:\/\/wp-isite.urbiloglabs.fr\/index.php\/structurer-la-recherche\/\">Structurer la recherche<\/a><\/li>\n<li><a href=\"https:\/\/wp-isite.urbiloglabs.fr\/index.php\/soutenir-linnovation-pedagogique-et-numerique\/\">Soutenir l\u2019innovation p\u00e9dagogique et num\u00e9rique<\/a><\/li>\n<li><a href=\"https:\/\/wp-isite.urbiloglabs.fr\/index.php\/accelerer-la-valorisation-le-transfert-de-la-recherche-et-la-collaboration-avec-les-entreprises\/\">Acc\u00e9l\u00e9rer la valorisation, le transfert de la recherche et la collaboration avec les entreprises<\/a><\/li>\n<li><a href=\"https:\/\/wp-isite.urbiloglabs.fr\/index.php\/augmenter-la-visibilite-internationale-et-creer-un-campus-europeen\/\">Augmenter la visibilit\u00e9 internationale et cr\u00e9er un campus europ\u00e9en<\/a><\/li>\n<\/ul>\n<p>&nbsp;<\/p>\n<p><a href=\"https:\/\/www.youtube.com\/watch?v=rGngGdiS7DU&amp;list=PLZMTYTBghy8EmUECVvtq5S9oxcBnrVyEr\" target=\"_blank\" rel=\"noopener\"><i class=\"wp-svg-film film\"><\/i> D\u00e9couvrir en vid\u00e9o les ambitions de l&rsquo;I-SITE ULNE<\/a><\/p>\n<h5><a href=\"https:\/\/wp-isite.urbiloglabs.fr\/wp-content\/uploads\/2018\/07\/180705_depliantIsite_FR_pourweb.pdf\">\u2295T\u00e9l\u00e9charger notre plaquette de pr\u00e9sentation<\/a><\/h5>\n","protected":false},"excerpt":{"rendered":"<p>Labellis\u00e9 I-SITE en f\u00e9vrier 2017 lors de la deuxi\u00e8me vague du Programme d\u2019investissements d\u2019avenir (PIA2), le projet Universit\u00e9 Lille Nord-Europe (ULNE) a re\u00e7u une dotation de 500 millions d\u2019euros afin d\u2019accompagner la cr\u00e9ation d\u2019ici 10 ans de la future grande universit\u00e9 internationale \u00ab\u00a0Universit\u00e9 Lille Nord-Europe\u00a0\u00bb. Le projet est organis\u00e9 autour des quatre axes suivants : &hellip; <a href=\"https:\/\/wp-isite.urbiloglabs.fr\/index.php\/fr\/investir-pour-accompagner-la-creation-de-la-future-universite-lille-nord-europe\/\" class=\"more-link\">Continuer la lecture<span class=\"screen-reader-text\"> de &laquo;&nbsp;Accompagner la cr\u00e9ation de l&rsquo;ULNE&nbsp;&raquo;<\/span><\/a><\/p>\n","protected":false},"author":2,"featured_media":0,"parent":0,"menu_order":0,"comment_status":"closed","ping_status":"closed","template":"","meta":[],"_links":{"self":[{"href":"https:\/\/wp-isite.urbiloglabs.fr\/index.php\/wp-json\/wp\/v2\/pages\/183"}],"collection":[{"href":"https:\/\/wp-isite.urbiloglabs.fr\/index.php\/wp-json\/wp\/v2\/pages"}],"about":[{"href":"https:\/\/wp-isite.urbiloglabs.fr\/index.php\/wp-json\/wp\/v2\/types\/page"}],"author":[{"embeddable":true,"href":"https:\/\/wp-isite.urbiloglabs.fr\/index.php\/wp-json\/wp\/v2\/users\/2"}],"replies":[{"embeddable":true,"href":"https:\/\/wp-isite.urbiloglabs.fr\/index.php\/wp-json\/wp\/v2\/comments?post=183"}],"version-history":[{"count":23,"href":"https:\/\/wp-isite.urbiloglabs.fr\/index.php\/wp-json\/wp\/v2\/pages\/183\/revisions"}],"predecessor-version":[{"id":3921,"href":"https:\/\/wp-isite.urbiloglabs.fr\/index.php\/wp-json\/wp\/v2\/pages\/183\/revisions\/3921"}],"wp:attachment":[{"href":"https:\/\/wp-isite.urbiloglabs.fr\/index.php\/wp-json\/wp\/v2\/media?parent=183"}],"curies":[{"name":"wp","href":"https:\/\/api.w.org\/{rel}","templated":true}]}}