{"id":185,"date":"2018-02-05T15:40:33","date_gmt":"2018-02-05T14:40:33","guid":{"rendered":"http:\/\/wp-isite.urbiloglabs.fr\/?page_id=185"},"modified":"2019-02-07T09:18:15","modified_gmt":"2019-02-07T08:18:15","slug":"structurer-la-recherche","status":"publish","type":"page","link":"https:\/\/wp-isite.urbiloglabs.fr\/index.php\/fr\/structurer-la-recherche\/","title":{"rendered":"Structurer la recherche"},"content":{"rendered":"<figure id=\"attachment_890\" aria-describedby=\"caption-attachment-890\" style=\"width: 840px\" class=\"wp-caption alignleft\"><img loading=\"lazy\" class=\"size-large wp-image-890 imgLarge\" src=\"https:\/\/wp-isite.urbiloglabs.fr\/wp-content\/uploads\/2018\/03\/Eurasport-8030-recadre-1024x377.jpg\" alt=\"\" width=\"840\" height=\"309\" \/><figcaption id=\"caption-attachment-890\" class=\"wp-caption-text\">\u00a9Service communication Universit\u00e9 de Lille<\/figcaption><\/figure>\n<p>Le projet d\u2019I-SITE ULNE a mis en \u00e9vidence une concentration de l\u2019excellence locale autour de <strong>trois th\u00e8mes de recherche interconnect\u00e9s<\/strong>\u00a0: Sant\u00e9, plan\u00e8te, et monde num\u00e9rique\u00a0:<\/p>\n<h3>\u00a0<img loading=\"lazy\" class=\"alignnone size-full wp-image-1385 imgPictoLeftList\" src=\"https:\/\/wp-isite.urbiloglabs.fr\/wp-content\/uploads\/2018\/03\/Picto_Hub_Sante_noir-e1521731868842.png\" alt=\"\" width=\"100\" height=\"86\" \/><\/h3>\n<h3>Sant\u00e9 de pr\u00e9cision\u00a0:<\/h3>\n<ul>\n<li>promouvoir la biologie syst\u00e9mique et la m\u00e9decine de pr\u00e9cision\u00a0;<\/li>\n<li>catalyser la r\u00e9volution num\u00e9rique dans la recherche biom\u00e9dicale\u00a0;<\/li>\n<li>optimiser l\u2019impact pour le patient et la soci\u00e9t\u00e9.<\/li>\n<\/ul>\n<h3>\u00a0<img loading=\"lazy\" class=\"alignnone size-full wp-image-958 imgPictoLeftList\" src=\"https:\/\/wp-isite.urbiloglabs.fr\/wp-content\/uploads\/2018\/03\/Picto_Hub_Planete_noir-e1521721976349.png\" alt=\"\" width=\"100\" height=\"92\" \/><\/h3>\n<h3>Science pour une plan\u00e8te en mutation :<\/h3>\n<ul>\n<li>comprendre et surveiller les changements plan\u00e9taires\u00a0;<\/li>\n<li>rechercher des solutions alternatives \u00e0 l\u2019exploitation des ressources fossiles\u00a0;<\/li>\n<li>\u00e9valuer de l\u2019impact des changements globaux sur l\u2019Homme, la Terre et les Soci\u00e9t\u00e9s.<\/li>\n<\/ul>\n<p>&nbsp;<\/p>\n<h3><img loading=\"lazy\" class=\"alignnone size-full wp-image-1386 imgPictoLeftList\" src=\"https:\/\/wp-isite.urbiloglabs.fr\/wp-content\/uploads\/2018\/03\/Picto_Hub_Digital_noir-e1521733527165.png\" alt=\"\" width=\"100\" height=\"51\" \/><\/h3>\n<h3>Monde num\u00e9rique au service de l\u2019humain :<\/h3>\n<ul>\n<li>concevoir un monde num\u00e9rique impliquant les sciences humaines et sociales ;<\/li>\n<li>cr\u00e9er des concepts innovants pour ma\u00eetriser la complexit\u00e9 ;<\/li>\n<li>d\u00e9velopper des technologies disruptives pour une soci\u00e9t\u00e9 en transition.<\/li>\n<\/ul>\n<p>&nbsp;<\/p>\n<p>La strat\u00e9gie en mati\u00e8re de recherche vise \u00e0 renforcer (<em>sustain<\/em>) et \u00e9tendre (<em>expand<\/em>) l\u2019excellence autour de ces trois axes de recherche en soutenant les meilleurs projets, en encourageant les chercheurs \u00e0 fort potentiel et en attirant de nouveaux talents.<\/p>\n<p>Cela passe par le d\u00e9veloppement d\u2019un <strong>environnement propice \u00e0 la recherche et l\u2019innovation<\/strong>\u00a0: le financement de projets sp\u00e9cifiques et d\u2019achats d\u2019\u00e9quipements, le recrutement de <strong>doctorants<\/strong> et <strong>post-doctorants<\/strong>, ainsi que la mise en place de <strong>chaires<\/strong> junior (tenure tracks) et senior.<\/p>\n<p>En parall\u00e8le, l\u2019I-SITE ULNE a pour ambition de cr\u00e9er un terreau fertile pour l\u2019<strong>\u00e9mergence de jeunes chercheurs <\/strong>par le biais d\u2019un incubateur doctoral (visant \u00e0 d\u00e9tecter pr\u00e9cocement et amener au doctorat les meilleurs \u00e9tudiants) et de <strong>Graduate Schools <\/strong>(formation doctorale d\u2019excellence).<\/p>\n<p>Le projet a \u00e9galement pour but d\u2019accompagner et optimiser le <strong>rayonnement de la recherche<\/strong> au niveau europ\u00e9en (ERC, projets europ\u00e9ens\u2026).<\/p>\n<p>Enfin, l\u2019I-SITE ULNE vise \u00e0 favoriser les <strong>projets transdisciplinaires<\/strong> et \u00e0 y <strong>renforcer la place des Sciences Humaines et Sociales<\/strong>.<\/p>\n<p><a href=\"https:\/\/youtu.be\/VU9D-T36I4E\" target=\"_blank\" rel=\"noopener\"><i class=\"wp-svg-film film\"><\/i> D\u00e9couvrir en vid\u00e9o les ambitions de l&rsquo;I-SITE ULNE sur le volet recherche<\/a><\/p>\n<h4><a href=\"https:\/\/wp-isite.urbiloglabs.fr\/index.php\/fr\/app_category\/recherche\/\" target=\"_blank\" rel=\"noopener\"><strong><i class=\"wp-svg-arrow-right-3 arrow-right-3\"><\/i> Voir les appels \u00e0 projets Recherche<\/strong><\/a><\/h4>\n<p>&nbsp;<\/p>\n<p>Contacts : <a href=\"mailto:scheherazade.boudaoud@wp-isite.urbiloglabs.fr\" target=\"_blank\" rel=\"noopener\">Scheherazade BOUDAOUD<\/a> et <a href=\"mailto:france.merimee@wp-isite.urbiloglabs.fr\" target=\"_blank\" rel=\"noopener\">France MERIMEE<\/a><\/p>\n","protected":false},"excerpt":{"rendered":"<p>Le projet d\u2019I-SITE ULNE a mis en \u00e9vidence une concentration de l\u2019excellence locale autour de trois th\u00e8mes de recherche interconnect\u00e9s\u00a0: Sant\u00e9, plan\u00e8te, et monde num\u00e9rique\u00a0: \u00a0 Sant\u00e9 de pr\u00e9cision\u00a0: promouvoir la biologie syst\u00e9mique et la m\u00e9decine de pr\u00e9cision\u00a0; catalyser la r\u00e9volution num\u00e9rique dans la recherche biom\u00e9dicale\u00a0; optimiser l\u2019impact pour le patient et la soci\u00e9t\u00e9. \u00a0 &hellip; <a href=\"https:\/\/wp-isite.urbiloglabs.fr\/index.php\/fr\/structurer-la-recherche\/\" class=\"more-link\">Continuer la lecture<span class=\"screen-reader-text\"> de &laquo;&nbsp;Structurer la recherche&nbsp;&raquo;<\/span><\/a><\/p>\n","protected":false},"author":2,"featured_media":0,"parent":0,"menu_order":0,"comment_status":"closed","ping_status":"closed","template":"","meta":[],"_links":{"self":[{"href":"https:\/\/wp-isite.urbiloglabs.fr\/index.php\/wp-json\/wp\/v2\/pages\/185"}],"collection":[{"href":"https:\/\/wp-isite.urbiloglabs.fr\/index.php\/wp-json\/wp\/v2\/pages"}],"about":[{"href":"https:\/\/wp-isite.urbiloglabs.fr\/index.php\/wp-json\/wp\/v2\/types\/page"}],"author":[{"embeddable":true,"href":"https:\/\/wp-isite.urbiloglabs.fr\/index.php\/wp-json\/wp\/v2\/users\/2"}],"replies":[{"embeddable":true,"href":"https:\/\/wp-isite.urbiloglabs.fr\/index.php\/wp-json\/wp\/v2\/comments?post=185"}],"version-history":[{"count":53,"href":"https:\/\/wp-isite.urbiloglabs.fr\/index.php\/wp-json\/wp\/v2\/pages\/185\/revisions"}],"predecessor-version":[{"id":4377,"href":"https:\/\/wp-isite.urbiloglabs.fr\/index.php\/wp-json\/wp\/v2\/pages\/185\/revisions\/4377"}],"wp:attachment":[{"href":"https:\/\/wp-isite.urbiloglabs.fr\/index.php\/wp-json\/wp\/v2\/media?parent=185"}],"curies":[{"name":"wp","href":"https:\/\/api.w.org\/{rel}","templated":true}]}}