{"id":187,"date":"2018-02-05T15:41:27","date_gmt":"2018-02-05T14:41:27","guid":{"rendered":"http:\/\/wp-isite.urbiloglabs.fr\/?page_id=187"},"modified":"2019-02-07T09:19:40","modified_gmt":"2019-02-07T08:19:40","slug":"soutenir-linnovation-pedagogique-et-numerique","status":"publish","type":"page","link":"https:\/\/wp-isite.urbiloglabs.fr\/index.php\/fr\/soutenir-linnovation-pedagogique-et-numerique\/","title":{"rendered":"Soutenir l\u2019innovation p\u00e9dagogique"},"content":{"rendered":"<figure id=\"attachment_4021\" aria-describedby=\"caption-attachment-4021\" style=\"width: 840px\" class=\"wp-caption alignleft\"><img loading=\"lazy\" class=\"size-large wp-image-4021\" src=\"https:\/\/wp-isite.urbiloglabs.fr\/wp-content\/uploads\/2018\/10\/salle-innovation-pedagogique-01-recadre-1024x370-1-1024x370.jpg\" alt=\"\" width=\"840\" height=\"304\" \/><figcaption id=\"caption-attachment-4021\" class=\"wp-caption-text\">Lilliad salle d&rsquo;innovation p\u00e9dagogique \u00aeAtmosphere photo.<\/figcaption><\/figure>\n<p>L\u2019I-SITE entend accompagner l\u2019excellence en mati\u00e8re de formation. Cela passe, notamment, par le <strong>prix annuel d\u2019excellence en mati\u00e8re d\u2019innovation p\u00e9dagogique<\/strong>, qui r\u00e9compense un(e) enseignant(e) ou une \u00e9quipe d\u2019enseignant(e)s ayant mis en \u0153uvre dans leurs pratiques des approches particuli\u00e8rement innovantes pour l\u2019enseignement dans le premier et le second cycle.<\/p>\n<p>Par le biais du <strong>Fonds d\u2019innovation pour l\u2019enseignement<\/strong>, l\u2019I-SITE encourage le lancement de projets innovants et ambitieux visant \u00e0 favoriser le d\u00e9veloppement d\u2019exp\u00e9riences de formation et d\u2019apprentissage interdisciplinaires et intersectorielles.<\/p>\n<p>Des <strong>Graduate schools<\/strong> (GS) th\u00e9matiques seront constitu\u00e9es de trois \u00e9coles interdisciplinaires \u00a0appuy\u00e9es sur les trois hubs d\u2019excellence.<\/p>\n<p>L\u2019ensemble des actions de formation est coordonn\u00e9 par le <strong>Centre d\u2019innovation p\u00e9dagogique et num\u00e9rique (CIPN)<\/strong> mis en place au sein de l\u2019I-SITE. Le CIPN conduira notamment les diff\u00e9rentes actions de coop\u00e9ration avec la KU Leuven (Belgique) en \u00e9troite collaboration avec le Hub 3 autour des notions de learning analytics et d\u2019enseignement \/ apprentissage adaptatif et collaboratif. Ceci inclut non seulement la mise en \u0153uvre de dispositifs p\u00e9dagogiques innovants, mais aussi des travaux de recherche en commun (cotutelles de th\u00e8ses, mobilit\u00e9s de chercheurs, accueil de post-docs\u2026).<\/p>\n<p><a href=\"https:\/\/youtu.be\/JdnDjXlenCQ\" target=\"_blank\" rel=\"noopener\"><i class=\"wp-svg-film film\"><\/i> D\u00e9couvrir en vid\u00e9o les ambitions de l&rsquo;I-SITE ULNE en mati\u00e8re d&rsquo;innovation p\u00e9dagogique<\/a><\/p>\n<h4><a href=\"https:\/\/wp-isite.urbiloglabs.fr\/index.php\/fr\/app_category\/innovation-pedagogique\/\" target=\"_blank\" rel=\"noopener\"><i class=\"wp-svg-arrow-right-3 arrow-right-3\"><\/i>\u00a0Voir les appels \u00e0 projets en Innovation p\u00e9dagogique<\/a><\/h4>\n<p>&nbsp;<\/p>\n<p>Contact : <a href=\"mailto:antoine.besnehard@wp-isite.urbiloglabs.fr\" target=\"_blank\" rel=\"noopener\">Antoine BESNEHARD<\/a><\/p>\n","protected":false},"excerpt":{"rendered":"<p>L\u2019I-SITE entend accompagner l\u2019excellence en mati\u00e8re de formation. Cela passe, notamment, par le prix annuel d\u2019excellence en mati\u00e8re d\u2019innovation p\u00e9dagogique, qui r\u00e9compense un(e) enseignant(e) ou une \u00e9quipe d\u2019enseignant(e)s ayant mis en \u0153uvre dans leurs pratiques des approches particuli\u00e8rement innovantes pour l\u2019enseignement dans le premier et le second cycle. Par le biais du Fonds d\u2019innovation pour &hellip; <a href=\"https:\/\/wp-isite.urbiloglabs.fr\/index.php\/fr\/soutenir-linnovation-pedagogique-et-numerique\/\" class=\"more-link\">Continuer la lecture<span class=\"screen-reader-text\"> de &laquo;&nbsp;Soutenir l\u2019innovation p\u00e9dagogique&nbsp;&raquo;<\/span><\/a><\/p>\n","protected":false},"author":2,"featured_media":0,"parent":0,"menu_order":0,"comment_status":"closed","ping_status":"closed","template":"","meta":[],"_links":{"self":[{"href":"https:\/\/wp-isite.urbiloglabs.fr\/index.php\/wp-json\/wp\/v2\/pages\/187"}],"collection":[{"href":"https:\/\/wp-isite.urbiloglabs.fr\/index.php\/wp-json\/wp\/v2\/pages"}],"about":[{"href":"https:\/\/wp-isite.urbiloglabs.fr\/index.php\/wp-json\/wp\/v2\/types\/page"}],"author":[{"embeddable":true,"href":"https:\/\/wp-isite.urbiloglabs.fr\/index.php\/wp-json\/wp\/v2\/users\/2"}],"replies":[{"embeddable":true,"href":"https:\/\/wp-isite.urbiloglabs.fr\/index.php\/wp-json\/wp\/v2\/comments?post=187"}],"version-history":[{"count":22,"href":"https:\/\/wp-isite.urbiloglabs.fr\/index.php\/wp-json\/wp\/v2\/pages\/187\/revisions"}],"predecessor-version":[{"id":4379,"href":"https:\/\/wp-isite.urbiloglabs.fr\/index.php\/wp-json\/wp\/v2\/pages\/187\/revisions\/4379"}],"wp:attachment":[{"href":"https:\/\/wp-isite.urbiloglabs.fr\/index.php\/wp-json\/wp\/v2\/media?parent=187"}],"curies":[{"name":"wp","href":"https:\/\/api.w.org\/{rel}","templated":true}]}}