{"id":189,"date":"2018-02-05T15:42:06","date_gmt":"2018-02-05T14:42:06","guid":{"rendered":"http:\/\/wp-isite.urbiloglabs.fr\/?page_id=189"},"modified":"2019-02-07T09:20:41","modified_gmt":"2019-02-07T08:20:41","slug":"accelerer-la-valorisation-le-transfert-de-la-recherche-et-la-collaboration-avec-les-entreprises","status":"publish","type":"page","link":"https:\/\/wp-isite.urbiloglabs.fr\/index.php\/fr\/accelerer-la-valorisation-le-transfert-de-la-recherche-et-la-collaboration-avec-les-entreprises\/","title":{"rendered":"Renforcer les liens avec les entreprises"},"content":{"rendered":"<figure id=\"attachment_786\" aria-describedby=\"caption-attachment-786\" style=\"width: 1000px\" class=\"wp-caption alignleft\"><img loading=\"lazy\" class=\"size-full wp-image-786 imgLarge\" src=\"https:\/\/wp-isite.urbiloglabs.fr\/wp-content\/uploads\/2018\/03\/euratechno.jpg\" alt=\"\" width=\"1000\" height=\"384\" \/><figcaption id=\"caption-attachment-786\" class=\"wp-caption-text\">Euratechnologies \u00a9 Inria \/ Photo N. Fagot<\/figcaption><\/figure>\n<blockquote><p><span style=\"color: #149a95;\">Acc\u00e9l\u00e9rer la valorisation, le transfert de la recherche et la collaboration avec les entreprises<\/span><\/p><\/blockquote>\n<p>Pour favoriser le <strong>d\u00e9veloppement et l&rsquo;attractivit\u00e9 du territoire<\/strong> r\u00e9gional et, afin de mieux r\u00e9pondre aux enjeux soci\u00e9taux et aux besoins des entreprises, l&rsquo;I-SITE ULNE a l&rsquo;ambition de renforcer et de renouveler ses <strong>partenariats avec le secteur socio-\u00e9conomique<\/strong>, notamment avec les entreprises.<\/p>\n<p class=\"paragraph-bleu\">Avec l&rsquo;\u00e9cosyst\u00e8me r\u00e9gional de la recherche et de l&rsquo;innovation (p\u00f4les d&rsquo;excellence, p\u00f4les de comp\u00e9titivit\u00e9, clusters, etc.), l&rsquo;I-SITE ULNE contribue \u00e0 acc\u00e9l\u00e9rer la <strong>maturation<\/strong> des projets de recherche et leurs <strong>valorisations \u00e9conomiques<\/strong>, \u00e0 d\u00e9velopper la cr\u00e9ation d&rsquo;<strong>entreprises innovantes<\/strong>, le <strong>transfert technologique<\/strong> et les <strong>collaborations laboratoires de recherche-entreprises<\/strong>.<\/p>\n<p>Des appels \u00e0 projets sont lanc\u00e9s avec la <a href=\"http:\/\/www.hautsdefrance.fr\/\" target=\"_blank\" rel=\"noopener\">R\u00e9gion des Hauts-de-France<\/a> et\/ou la <a href=\"http:\/\/www.lillemetropole.fr\/mel.html\" target=\"_blank\" rel=\"noopener\">M\u00e9tropole Europ\u00e9enne de Lille (MEL)<\/a> afin d\u2019augmenter le nombre de projets en partenariat avec les entreprises (th\u00e8ses en lien avec les entreprises, laboratoires communs recherche-entreprise&#8230;)<\/p>\n<p>Les \u00ab <strong>Creative labs<\/strong> \u00bb seront organis\u00e9s pour r\u00e9pondre aux besoins des entreprises. Ils challengeront des \u00e9tudiants, des chercheurs et des salari\u00e9s d&rsquo;entreprises et favoriseront l&rsquo;\u00e9mergence de nouveaux projets d&rsquo;innovation et de recherche.<\/p>\n<p><a href=\"https:\/\/www.youtube.com\/watch?v=h00vkIu3EVQ&amp;t=3s\" target=\"_blank\" rel=\"noopener\"><i class=\"wp-svg-film film\"><\/i> D\u00e9couvrir en vid\u00e9o les ambitions de l&rsquo;I-SITE ULNE pour renforcer les liens avec les entreprises<\/a><\/p>\n<h4><a href=\"https:\/\/wp-isite.urbiloglabs.fr\/index.php\/fr\/app_category\/valorisation-fr\/\" target=\"_blank\" rel=\"noopener\"><i class=\"wp-svg-arrow-right-3 arrow-right-3\"><\/i>\u00a0Voir tous les appels \u00e0 projets Valorisation<\/a><\/h4>\n<p>&nbsp;<\/p>\n<p>Contact : <a href=\"mailto:marie-claire.bilbault@wp-isite.urbiloglabs.fr\" target=\"_blank\" rel=\"noopener\">Marie-Claire BILBAULT<\/a><\/p>\n","protected":false},"excerpt":{"rendered":"<p>Acc\u00e9l\u00e9rer la valorisation, le transfert de la recherche et la collaboration avec les entreprises Pour favoriser le d\u00e9veloppement et l&rsquo;attractivit\u00e9 du territoire r\u00e9gional et, afin de mieux r\u00e9pondre aux enjeux soci\u00e9taux et aux besoins des entreprises, l&rsquo;I-SITE ULNE a l&rsquo;ambition de renforcer et de renouveler ses partenariats avec le secteur socio-\u00e9conomique, notamment avec les entreprises. &hellip; <a href=\"https:\/\/wp-isite.urbiloglabs.fr\/index.php\/fr\/accelerer-la-valorisation-le-transfert-de-la-recherche-et-la-collaboration-avec-les-entreprises\/\" class=\"more-link\">Continuer la lecture<span class=\"screen-reader-text\"> de &laquo;&nbsp;Renforcer les liens avec les entreprises&nbsp;&raquo;<\/span><\/a><\/p>\n","protected":false},"author":2,"featured_media":0,"parent":0,"menu_order":0,"comment_status":"closed","ping_status":"closed","template":"","meta":[],"_links":{"self":[{"href":"https:\/\/wp-isite.urbiloglabs.fr\/index.php\/wp-json\/wp\/v2\/pages\/189"}],"collection":[{"href":"https:\/\/wp-isite.urbiloglabs.fr\/index.php\/wp-json\/wp\/v2\/pages"}],"about":[{"href":"https:\/\/wp-isite.urbiloglabs.fr\/index.php\/wp-json\/wp\/v2\/types\/page"}],"author":[{"embeddable":true,"href":"https:\/\/wp-isite.urbiloglabs.fr\/index.php\/wp-json\/wp\/v2\/users\/2"}],"replies":[{"embeddable":true,"href":"https:\/\/wp-isite.urbiloglabs.fr\/index.php\/wp-json\/wp\/v2\/comments?post=189"}],"version-history":[{"count":24,"href":"https:\/\/wp-isite.urbiloglabs.fr\/index.php\/wp-json\/wp\/v2\/pages\/189\/revisions"}],"predecessor-version":[{"id":4381,"href":"https:\/\/wp-isite.urbiloglabs.fr\/index.php\/wp-json\/wp\/v2\/pages\/189\/revisions\/4381"}],"wp:attachment":[{"href":"https:\/\/wp-isite.urbiloglabs.fr\/index.php\/wp-json\/wp\/v2\/media?parent=189"}],"curies":[{"name":"wp","href":"https:\/\/api.w.org\/{rel}","templated":true}]}}