{"id":1949,"date":"2018-05-02T13:16:45","date_gmt":"2018-05-02T11:16:45","guid":{"rendered":"http:\/\/wp-isite.urbiloglabs.fr\/?page_id=1655"},"modified":"2018-09-05T13:39:49","modified_gmt":"2018-09-05T11:39:49","slug":"apoye-la-creacion-de-ulne","status":"publish","type":"page","link":"https:\/\/wp-isite.urbiloglabs.fr\/index.php\/es\/apoye-la-creacion-de-ulne\/","title":{"rendered":"Acompa\u00f1ar la creaci\u00f3n de la ULNE"},"content":{"rendered":"<figure id=\"attachment_1382\" aria-describedby=\"caption-attachment-1382\" style=\"width: 1024px\" class=\"wp-caption alignnone\"><img loading=\"lazy\" class=\"size-full wp-image-1382 imgLarge\" src=\"https:\/\/wp-isite.urbiloglabs.fr\/wp-content\/uploads\/2018\/03\/ULNE-1024x451-1.jpg\" alt=\"\" width=\"1024\" height=\"451\" \/><figcaption id=\"caption-attachment-1382\" class=\"wp-caption-text\">\u00a9Servicio comunicaci\u00f3n UDL<\/figcaption><\/figure>\n<p>Etiquetado I-SITE en febrero de 2017 durante la segunda ola del Programa Inversiones para el Futuro (PIA2), el\u00a0<a href=\"https:\/\/wp-isite.urbiloglabs.fr\/wp-content\/uploads\/2018\/09\/I-SITE-ULNE-project-EN.pdf\">proyecto Universit\u00e9 Lille Nord-Europe<\/a> (ULNE) recibi\u00f3 una subvenci\u00f3n de 500 millones de euros para apoyar la creaci\u00f3n dentro de los 10 a\u00f1os de la futura gran universidad internacional \u00ab\u00a0Universit\u00e9 Lille Nord-Europe\u00a0\u00bb.<\/p>\n<p>El proyecto est\u00e1 organizado en cuatro ejes :<\/p>\n<ul>\n<li><a href=\"https:\/\/wp-isite.urbiloglabs.fr\/index.php\/es\/estructuracion-de-la-investigacion\/\" target=\"_blank\" rel=\"noopener\">Estructurar la investigaci\u00f3n<\/a><\/li>\n<li><a href=\"https:\/\/wp-isite.urbiloglabs.fr\/index.php\/es\/apoye-la-innovacion-educativa\/\" target=\"_blank\" rel=\"noopener\">Apoyar la innovaci\u00f3n pedag\u00f3gica<\/a><\/li>\n<li><a href=\"https:\/\/wp-isite.urbiloglabs.fr\/index.php\/es\/fortalecer-los-enlaces-con-las-empresas\/\" target=\"_blank\" rel=\"noopener\">Acelerar la valoraci\u00f3n, la transferencia de la investigaci\u00f3n y la colaboraci\u00f3n con empresas<\/a><\/li>\n<li><a href=\"https:\/\/wp-isite.urbiloglabs.fr\/index.php\/es\/aumentar-la-visibilidad-internacional\/\" target=\"_blank\" rel=\"noopener\">Aumentar la visibilidad internacional y crear un campus europeo<\/a><\/li>\n<\/ul>\n<p>&nbsp;<\/p>\n<p><strong><a href=\"https:\/\/wp-isite.urbiloglabs.fr\/wp-content\/uploads\/2018\/09\/1803_depliantIsite_pourweb.pdf\">\u2295Descargar nuestro folleto de presentaci\u00f3n<\/a><\/strong><\/p>\n","protected":false},"excerpt":{"rendered":"<p>Etiquetado I-SITE en febrero de 2017 durante la segunda ola del Programa Inversiones para el Futuro (PIA2), el\u00a0proyecto Universit\u00e9 Lille Nord-Europe (ULNE) recibi\u00f3 una subvenci\u00f3n de 500 millones de euros para apoyar la creaci\u00f3n dentro de los 10 a\u00f1os de la futura gran universidad internacional \u00ab\u00a0Universit\u00e9 Lille Nord-Europe\u00a0\u00bb. El proyecto est\u00e1 organizado en cuatro ejes &hellip; <a href=\"https:\/\/wp-isite.urbiloglabs.fr\/index.php\/es\/apoye-la-creacion-de-ulne\/\" class=\"more-link\">Continuer la lecture<span class=\"screen-reader-text\"> de &laquo;&nbsp;Acompa\u00f1ar la creaci\u00f3n de la ULNE&nbsp;&raquo;<\/span><\/a><\/p>\n","protected":false},"author":5,"featured_media":0,"parent":0,"menu_order":0,"comment_status":"closed","ping_status":"closed","template":"","meta":[],"_links":{"self":[{"href":"https:\/\/wp-isite.urbiloglabs.fr\/index.php\/wp-json\/wp\/v2\/pages\/1949"}],"collection":[{"href":"https:\/\/wp-isite.urbiloglabs.fr\/index.php\/wp-json\/wp\/v2\/pages"}],"about":[{"href":"https:\/\/wp-isite.urbiloglabs.fr\/index.php\/wp-json\/wp\/v2\/types\/page"}],"author":[{"embeddable":true,"href":"https:\/\/wp-isite.urbiloglabs.fr\/index.php\/wp-json\/wp\/v2\/users\/5"}],"replies":[{"embeddable":true,"href":"https:\/\/wp-isite.urbiloglabs.fr\/index.php\/wp-json\/wp\/v2\/comments?post=1949"}],"version-history":[{"count":5,"href":"https:\/\/wp-isite.urbiloglabs.fr\/index.php\/wp-json\/wp\/v2\/pages\/1949\/revisions"}],"predecessor-version":[{"id":3677,"href":"https:\/\/wp-isite.urbiloglabs.fr\/index.php\/wp-json\/wp\/v2\/pages\/1949\/revisions\/3677"}],"wp:attachment":[{"href":"https:\/\/wp-isite.urbiloglabs.fr\/index.php\/wp-json\/wp\/v2\/media?parent=1949"}],"curies":[{"name":"wp","href":"https:\/\/api.w.org\/{rel}","templated":true}]}}