{"id":1952,"date":"2018-05-02T13:20:03","date_gmt":"2018-05-02T11:20:03","guid":{"rendered":"http:\/\/wp-isite.urbiloglabs.fr\/?page_id=1664"},"modified":"2019-04-02T15:08:33","modified_gmt":"2019-04-02T13:08:33","slug":"comite-directivo","status":"publish","type":"page","link":"https:\/\/wp-isite.urbiloglabs.fr\/index.php\/es\/comite-directivo\/","title":{"rendered":"Comit\u00e9 Directivo"},"content":{"rendered":"<p>La Fundaci\u00f3n I-SITE est\u00e1 acompa\u00f1ada por un Comit\u00e9 Directivo para reforzar d\u00eda a d\u00eda la cohesi\u00f3n y la integraci\u00f3n de los miembros de la Fundaci\u00f3n en este proyecto de transformaci\u00f3n adem\u00e1s de garantizar una gesti\u00f3n fluida, reactiva y eficaz. Este Comit\u00e9 est\u00e1 constituido de:<\/p>\n<ul>\n<li>R\u00e9gis BORDET, Director General de la Fundaci\u00f3n I-SITE ULNE ;<\/li>\n<li>Nicolas ARNAUD, <span class=\"tlid-translation translation\" lang=\"es\"><span class=\"\" title=\"\">Director Cient\u00edfico Senior para Lille (<a href=\"http:\/\/www.cnrs.fr\/fr\/page-daccueil\" target=\"_blank\" rel=\"noopener\">CNRS<\/a>) ;<\/span><\/span><\/li>\n<li>Jean-Christophe CAMART, Rector de la <a href=\"https:\/\/www.univ-lille.fr\/\">Universit\u00e9 de Lille<\/a>\u00a0;<\/li>\n<li>Fr\u00e9d\u00e9ric BOIRON, Director del\u00a0<a href=\"http:\/\/www.chru-lille.fr\/\">CHU de Lille<\/a>\u00a0;<\/li>\n<li>Eric DEVAUX, Diretor of the <a href=\"http:\/\/www.ensait.fr\/\" target=\"_blank\" rel=\"noopener\">ENSAIT<\/a> ;<\/li>\n<li>sabelle HERLIN, Directora de <a href=\"https:\/\/www.inria.fr\/centre\/lille\">Inria Lille<\/a>\u00a0;<\/li>\n<li>Samir OULD ALI, Delegado regional de <a href=\"http:\/\/www.nord-ouest.inserm.fr\/\">Inserm<\/a>.<\/li>\n<\/ul>\n<p>Invitado permanente: Benoit DEPREZ, Consejero cient\u00edfico en el <a href=\"https:\/\/www.pasteur-lille.fr\/accueil\/\">Institut Pasteur de Lille<\/a><\/p>\n<p>&nbsp;<\/p>\n","protected":false},"excerpt":{"rendered":"<p>La Fundaci\u00f3n I-SITE est\u00e1 acompa\u00f1ada por un Comit\u00e9 Directivo para reforzar d\u00eda a d\u00eda la cohesi\u00f3n y la integraci\u00f3n de los miembros de la Fundaci\u00f3n en este proyecto de transformaci\u00f3n adem\u00e1s de garantizar una gesti\u00f3n fluida, reactiva y eficaz. Este Comit\u00e9 est\u00e1 constituido de: R\u00e9gis BORDET, Director General de la Fundaci\u00f3n I-SITE ULNE ; Nicolas &hellip; <a href=\"https:\/\/wp-isite.urbiloglabs.fr\/index.php\/es\/comite-directivo\/\" class=\"more-link\">Continuer la lecture<span class=\"screen-reader-text\"> de &laquo;&nbsp;Comit\u00e9 Directivo&nbsp;&raquo;<\/span><\/a><\/p>\n","protected":false},"author":5,"featured_media":0,"parent":0,"menu_order":0,"comment_status":"closed","ping_status":"closed","template":"","meta":[],"_links":{"self":[{"href":"https:\/\/wp-isite.urbiloglabs.fr\/index.php\/wp-json\/wp\/v2\/pages\/1952"}],"collection":[{"href":"https:\/\/wp-isite.urbiloglabs.fr\/index.php\/wp-json\/wp\/v2\/pages"}],"about":[{"href":"https:\/\/wp-isite.urbiloglabs.fr\/index.php\/wp-json\/wp\/v2\/types\/page"}],"author":[{"embeddable":true,"href":"https:\/\/wp-isite.urbiloglabs.fr\/index.php\/wp-json\/wp\/v2\/users\/5"}],"replies":[{"embeddable":true,"href":"https:\/\/wp-isite.urbiloglabs.fr\/index.php\/wp-json\/wp\/v2\/comments?post=1952"}],"version-history":[{"count":4,"href":"https:\/\/wp-isite.urbiloglabs.fr\/index.php\/wp-json\/wp\/v2\/pages\/1952\/revisions"}],"predecessor-version":[{"id":4568,"href":"https:\/\/wp-isite.urbiloglabs.fr\/index.php\/wp-json\/wp\/v2\/pages\/1952\/revisions\/4568"}],"wp:attachment":[{"href":"https:\/\/wp-isite.urbiloglabs.fr\/index.php\/wp-json\/wp\/v2\/media?parent=1952"}],"curies":[{"name":"wp","href":"https:\/\/api.w.org\/{rel}","templated":true}]}}