{"id":1956,"date":"2018-05-02T13:25:32","date_gmt":"2018-05-02T11:25:32","guid":{"rendered":"http:\/\/wp-isite.urbiloglabs.fr\/?page_id=1680"},"modified":"2019-03-29T15:53:35","modified_gmt":"2019-03-29T14:53:35","slug":"equipo-operacional","status":"publish","type":"page","link":"https:\/\/wp-isite.urbiloglabs.fr\/index.php\/es\/equipo-operacional\/","title":{"rendered":"Equipo operativo"},"content":{"rendered":"<p><a href=\"mailto:dominique.pacot@wp-isite.urbiloglabs.fr\" target=\"_blank\" rel=\"noopener\">Dominique PACOT<\/a>, Secretario General : +33 (0)3 62 26 90 83<\/p>\n<p><a href=\"mailto:juliette.babilotte@wp-isite.urbiloglabs.fr\" target=\"_blank\" rel=\"noopener\">Juliette BABILOTTE<\/a>, Asistente de Direcci\u00f3n : +33 (0)3 62 26 90 81<\/p>\n<p><a href=\"mailto:antoine.besnehard@wp-isite.urbiloglabs.fr\" target=\"_blank\" rel=\"noopener\">Antoine BESNEHARD<\/a>, Responsable innovaci\u00f3n pedag\u00f3gica :\u00a0+33 (0)3 62 26 90 82<\/p>\n<p><a href=\"mailto:marie-claire.bilbault@wp-isite.urbiloglabs.fr\" target=\"_blank\" rel=\"noopener\">Marie-Claire BILBAULT<\/a>, Responsable relaciones con empresas e inovaci\u00f3n : +33 (0)3 62 26 90 86<\/p>\n<p><a href=\"mailto:scheherazade.boudaoud@wp-isite.urbiloglabs.fr\" target=\"_blank\" rel=\"noopener\">Sch\u00e9h\u00e9razade BOUDAOUD<\/a>, Encargada de proyectos de investigaci\u00f3n : +33 (0)3 62 26 90 88<\/p>\n<p><a href=\"mailto:alexis.boulet@wp-isite.urbiloglabs.fr\" target=\"_blank\" rel=\"noopener\">Alexis BOULET<\/a>, Encargado de proyectos internacionales e investigaci\u00f3n : +33 (0)3 62 26 92 70<\/p>\n<p><a href=\"mailto:elodie.legrand@wp-isite.urbiloglabs.fr\" target=\"_blank\" rel=\"noopener\">Elodie LEGRAND<\/a>, Responsable comunicaci\u00f3n :\u00a0+33 (0)3 62 26 90 84<\/p>\n<p><a href=\"mailto:france.merimee@wp-isite.urbiloglabs.fr\" target=\"_blank\" rel=\"noopener\">France M\u00c9RIM\u00c9E<\/a>, Encargada de proyectos de investigaci\u00f3n : +33 (0)3 62 26 90 85<\/p>\n<p>Responsable administrativo y financiero : <span class=\"tlid-translation translation\" lang=\"es\"><span class=\"\" title=\"\">ser reclutado<\/span><\/span> +33 (0)3 62 26 90 87<\/p>\n<p><a href=\"mailto:stephane.thys@wp-isite.urbiloglabs.fr\" target=\"_blank\" rel=\"noopener\">St\u00e9phane THYS<\/a>, Responsable cooperaci\u00f3n internacional : +33 (0)3 62 26 90 89<\/p>\n","protected":false},"excerpt":{"rendered":"<p>Dominique PACOT, Secretario General : +33 (0)3 62 26 90 83 Juliette BABILOTTE, Asistente de Direcci\u00f3n : +33 (0)3 62 26 90 81 Antoine BESNEHARD, Responsable innovaci\u00f3n pedag\u00f3gica :\u00a0+33 (0)3 62 26 90 82 Marie-Claire BILBAULT, Responsable relaciones con empresas e inovaci\u00f3n : +33 (0)3 62 26 90 86 Sch\u00e9h\u00e9razade BOUDAOUD, Encargada de proyectos de &hellip; <a href=\"https:\/\/wp-isite.urbiloglabs.fr\/index.php\/es\/equipo-operacional\/\" class=\"more-link\">Continuer la lecture<span class=\"screen-reader-text\"> de &laquo;&nbsp;Equipo operativo&nbsp;&raquo;<\/span><\/a><\/p>\n","protected":false},"author":5,"featured_media":0,"parent":0,"menu_order":0,"comment_status":"closed","ping_status":"closed","template":"","meta":[],"_links":{"self":[{"href":"https:\/\/wp-isite.urbiloglabs.fr\/index.php\/wp-json\/wp\/v2\/pages\/1956"}],"collection":[{"href":"https:\/\/wp-isite.urbiloglabs.fr\/index.php\/wp-json\/wp\/v2\/pages"}],"about":[{"href":"https:\/\/wp-isite.urbiloglabs.fr\/index.php\/wp-json\/wp\/v2\/types\/page"}],"author":[{"embeddable":true,"href":"https:\/\/wp-isite.urbiloglabs.fr\/index.php\/wp-json\/wp\/v2\/users\/5"}],"replies":[{"embeddable":true,"href":"https:\/\/wp-isite.urbiloglabs.fr\/index.php\/wp-json\/wp\/v2\/comments?post=1956"}],"version-history":[{"count":4,"href":"https:\/\/wp-isite.urbiloglabs.fr\/index.php\/wp-json\/wp\/v2\/pages\/1956\/revisions"}],"predecessor-version":[{"id":4547,"href":"https:\/\/wp-isite.urbiloglabs.fr\/index.php\/wp-json\/wp\/v2\/pages\/1956\/revisions\/4547"}],"wp:attachment":[{"href":"https:\/\/wp-isite.urbiloglabs.fr\/index.php\/wp-json\/wp\/v2\/media?parent=1956"}],"curies":[{"name":"wp","href":"https:\/\/api.w.org\/{rel}","templated":true}]}}