{"id":1959,"date":"2018-05-02T13:27:23","date_gmt":"2018-05-02T11:27:23","guid":{"rendered":"http:\/\/wp-isite.urbiloglabs.fr\/?page_id=1689"},"modified":"2018-08-22T11:24:02","modified_gmt":"2018-08-22T09:24:02","slug":"i-site-una-etiqueta-de-universidad-de-excelencia","status":"publish","type":"page","link":"https:\/\/wp-isite.urbiloglabs.fr\/index.php\/es\/i-site-una-etiqueta-de-universidad-de-excelencia\/","title":{"rendered":"I-SITE un sello de Universidad de excelencia"},"content":{"rendered":"<p><img loading=\"lazy\" class=\"alignleft size-thumbnail wp-image-3566\" src=\"https:\/\/wp-isite.urbiloglabs.fr\/wp-content\/uploads\/2018\/08\/LOGO_Investirlavenir_RVB-150x150.png\" alt=\"\" width=\"150\" height=\"150\" \/><\/p>\n<p>Bajo los auspicios de la <strong>Secretar\u00eda General de Inversiones (<a href=\"http:\/\/www.gouvernement.fr\/secretariat-general-pour-l-investissement-sgpi\" target=\"_blank\" rel=\"noopener\"><em>Secr\u00e9tariat G\u00e9n\u00e9ral pour l\u2019Investissement<\/em><\/a>)<\/strong>, se lanz\u00f3 el <strong>programa Investissements d&rsquo;Avenir*<\/strong> en 2010 (PIA 1) y en 2013 (PIA 2). Sigue el informe sobre el \u00ab\u00a0<strong>Grand Emprunt<\/strong>\u00a0\u00bb presentado en 2009 por un comit\u00e9 de expertos del mundo acad\u00e9mico y del mundo de los negocios. Este programa es una oportunidad \u00fanica, los proyectos seleccionados se benefician de los medios que les permiten implementar una <strong>pol\u00edtica de excelencia a largo plazo<\/strong>, desarrollar interacciones con su entorno econ\u00f3mico y atraer equipos de investigadores de renombre internacional.<\/p>\n<p>La acci\u00f3n IDEX \/ I-SITE del programa Investissements d\u2019Avenir tiene como objetivo seleccionar:<\/p>\n<ul>\n<li><strong>Unas IDEX<\/strong> (Iniciativas de Excelencia), que son universidades de investigaci\u00f3n l\u00edderes en el mundo con un gran poder cient\u00edfico e impacto en amplias \u00e1reas de conocimiento;<\/li>\n<li><strong>Unas I-SITE<\/strong> (Iniciativas-Ciencia \u2013 Innovaci\u00f3n \u2013Territorios \u2013 Econom\u00eda), que son universidades que promueven activos cient\u00edficos tem\u00e1ticos m\u00e1s concentrados, distintivos y reconocidos internacionalmente, que los conviertan en una palanca de capacitaci\u00f3n y un punto de apoyo de su estrategia de desarrollo y asociaci\u00f3n con el mundo empresarial.<\/li>\n<\/ul>\n<p>Desde 2010, la <strong>Agencia Nacional de Investigaci\u00f3n (<a href=\"http:\/\/www.agence-nationale-recherche.fr\/\" target=\"_blank\" rel=\"noopener\">ANR<\/a>)<\/strong> es el principal operador del Estado en el \u00e1rea de educaci\u00f3n superior e investigaci\u00f3n para los Investissements d\u2019Avenir.<\/p>\n<p class=\"paragraph-orange\">Etiquetado I-SITE en febrero de 2017, el proyecto de la Universidad Lille Nord-Europa (ULNE) re\u00fane a <span style=\"color: #e94e1d;\"><strong>14 miembros fundadores<\/strong><\/span> con el objetivo de transformar el panorama de investigaci\u00f3n y formaci\u00f3n en la regi\u00f3n de Hauts-de-France mediante el fortalecimiento y difundiendo su excelencia. Su objetivo es la creaci\u00f3n de una importante universidad internacional, clasificada entre las 50 mejores de Europa antes de los 10 a\u00f1os: la Universidad Lille Nord-Europe (ULNE).<br \/>\n<strong>Salud, planeta y mundo digital: <\/strong>el proyecto est\u00e1 estructurado en torno a tres temas de investigaci\u00f3n interconectados que abarcan un amplio espectro disciplinario. La internacionalizaci\u00f3n, la innovaci\u00f3n educativa y la valorizaci\u00f3n tambi\u00e9n est\u00e1n en el centro de sus prioridades. El <a href=\"https:\/\/wp-isite.urbiloglabs.fr\/index.php\/es\/nuestras-habilidades-principales\/\" target=\"_blank\" rel=\"noopener\"><strong>alcance de I-SITE<\/strong><\/a> incluye otros objetos etiquetados por el PIA: 4 Laboratorios de Excelencia, 6 equipos de Excelencia, 1ITE, 1 IDEFI, 1RHU y 1 SAAT.<br \/>\n<a href=\"\/index.php\/es\/el-consorcio\/\" target=\"_blank\" rel=\"noopener\"><strong>&gt; El consorcio<\/strong> <strong>(miembros fundadores del proyecto)<\/strong><\/a><br \/>\n<a href=\"\/index.php\/es\/los-socios\/\" target=\"_blank\" rel=\"noopener\"><strong>&gt; Los socios<\/strong><\/a><\/p>\n<p>* Dotado con 57 mil millones de euros, el Programa de Investissements d\u2019Avenir (PIA), liderado por la <strong>Secretar\u00eda General de Inversiones (<a href=\"https:\/\/www.gouvernement.fr\/secretariat-general-pour-l-investissement-sgpi\" target=\"_blank\" rel=\"noopener\">SGPI<\/a>)<\/strong>, fue establecido por el Estado para financiar inversiones innovadoras y prometedoras en el territorio.<\/p>\n<p>Se han identificado seis prioridades nacionales para permitir a Francia aumentar su potencial de crecimiento y de empleo:<\/p>\n<ul>\n<li>educaci\u00f3n superior, investigaci\u00f3n y capacitaci\u00f3n;<\/li>\n<li>Valorizaci\u00f3n de la investigaci\u00f3n y la transferencia al mundo econ\u00f3mico;<\/li>\n<li>desarrollo sostenible;<\/li>\n<li>industria y PyME;<\/li>\n<li>la econom\u00eda digital;<\/li>\n<li>salud y biotecnolog\u00eda.<\/li>\n<\/ul>\n<p>El grupo <em>Caisse des D\u00e9p\u00f4ts<\/em> es el primer operador PIA del Estado con la gesti\u00f3n de m\u00e1s de \u20ac 23 mil millones.<\/p>\n<p>Para saber todo sobre el Programa Investissements d\u2019Avenir <a href=\"http:\/\/www.gouvernement.fr\/secretariat-general-for-the-investment-sgpi\" target=\"_blank\" rel=\"noopener\"><strong>http:\/\/www.gouvernement.fr\/secretariat-general-for-the-investment-sgpi<\/strong><\/a><\/p>\n","protected":false},"excerpt":{"rendered":"<p>Bajo los auspicios de la Secretar\u00eda General de Inversiones (Secr\u00e9tariat G\u00e9n\u00e9ral pour l\u2019Investissement), se lanz\u00f3 el programa Investissements d&rsquo;Avenir* en 2010 (PIA 1) y en 2013 (PIA 2). Sigue el informe sobre el \u00ab\u00a0Grand Emprunt\u00a0\u00bb presentado en 2009 por un comit\u00e9 de expertos del mundo acad\u00e9mico y del mundo de los negocios. Este programa es &hellip; <a href=\"https:\/\/wp-isite.urbiloglabs.fr\/index.php\/es\/i-site-una-etiqueta-de-universidad-de-excelencia\/\" class=\"more-link\">Continuer la lecture<span class=\"screen-reader-text\"> de &laquo;&nbsp;I-SITE un sello de Universidad de excelencia&nbsp;&raquo;<\/span><\/a><\/p>\n","protected":false},"author":5,"featured_media":0,"parent":0,"menu_order":0,"comment_status":"closed","ping_status":"closed","template":"","meta":[],"_links":{"self":[{"href":"https:\/\/wp-isite.urbiloglabs.fr\/index.php\/wp-json\/wp\/v2\/pages\/1959"}],"collection":[{"href":"https:\/\/wp-isite.urbiloglabs.fr\/index.php\/wp-json\/wp\/v2\/pages"}],"about":[{"href":"https:\/\/wp-isite.urbiloglabs.fr\/index.php\/wp-json\/wp\/v2\/types\/page"}],"author":[{"embeddable":true,"href":"https:\/\/wp-isite.urbiloglabs.fr\/index.php\/wp-json\/wp\/v2\/users\/5"}],"replies":[{"embeddable":true,"href":"https:\/\/wp-isite.urbiloglabs.fr\/index.php\/wp-json\/wp\/v2\/comments?post=1959"}],"version-history":[{"count":11,"href":"https:\/\/wp-isite.urbiloglabs.fr\/index.php\/wp-json\/wp\/v2\/pages\/1959\/revisions"}],"predecessor-version":[{"id":3615,"href":"https:\/\/wp-isite.urbiloglabs.fr\/index.php\/wp-json\/wp\/v2\/pages\/1959\/revisions\/3615"}],"wp:attachment":[{"href":"https:\/\/wp-isite.urbiloglabs.fr\/index.php\/wp-json\/wp\/v2\/media?parent=1959"}],"curies":[{"name":"wp","href":"https:\/\/api.w.org\/{rel}","templated":true}]}}