{"id":1961,"date":"2018-05-02T13:28:41","date_gmt":"2018-05-02T11:28:41","guid":{"rendered":"http:\/\/wp-isite.urbiloglabs.fr\/?page_id=1695"},"modified":"2019-05-03T16:48:47","modified_gmt":"2019-05-03T14:48:47","slug":"mentions-legales","status":"publish","type":"page","link":"https:\/\/wp-isite.urbiloglabs.fr\/index.php\/fr\/mentions-legales\/","title":{"rendered":"Mentions l\u00e9gales"},"content":{"rendered":"<p>Ce site est \u00e9dit\u00e9 par la Fondation partenariale I-SITE ULNE situ\u00e9e 42 rue Paul Duez 59000 Lille, France<br \/>\nT\u00e9l. : +33 (0)3 62 26 90 81<\/p>\n<p><strong>Directeur de la Publication :<\/strong> Monsieur R\u00e9gis Bordet, Directeur G\u00e9n\u00e9ral de la Fondation I-SITE ULNE<\/p>\n<p><strong>H\u00e9bergement du site :<\/strong><br \/>\nCentre de Ressources Informatiques<br \/>\nUniversit\u00e9 de Lille &#8211; Domaine universitaire du \u00ab\u00a0Pont de Bois rue du Barreau &#8211; BP 60149 &#8211; 59653 Lille<\/p>\n<p><strong>Conception \/ R\u00e9alisation :<\/strong><br \/>\n\u2022 FAPAMA (Fabienne Paul)<br \/>\n\u2022 Service communication Fondation I-SITE ULNE<br \/>\n\u2022 Service communication Universit\u00e9 de Lille<br \/>\n\u2022 Direction des services informatiques de l\u2019Universit\u00e9 de Lille<br \/>\n\u2022 Soci\u00e9t\u00e9 Urbilog<\/p>\n<p><strong>Technologie utilis\u00e9e :<\/strong> Syst\u00e8me de gestion de contenu WordPress<\/p>\n<p><strong>Webmestre :<\/strong> <a href=\"mailto:elodie.legrand@wp-isite.urbiloglabs.fr\" target=\"_blank\" rel=\"noopener\">Elodie Legrand<\/a><\/p>\n<p>&nbsp;<\/p>\n<p><em>Ce travail a b\u00e9n\u00e9fici\u00e9 d&rsquo;une aide de l\u2019\u00c9tat g\u00e9r\u00e9e par l&rsquo;<a href=\"http:\/\/www.agence-nationale-recherche.fr\/\" target=\"_blank\" rel=\"noopener\">Agence Nationale pour la Recherche<\/a> au titre du programme d&rsquo;<a href=\"http:\/\/www.gouvernement.fr\/secretariat-general-pour-l-investissement-sgpi\" target=\"_blank\" rel=\"noopener\">Investissements d&rsquo;avenir<\/a> portant la r\u00e9f\u00e9rence ANR-16-IDEX-0004 ULNE.<\/em><\/p>\n","protected":false},"excerpt":{"rendered":"<p>Ce site est \u00e9dit\u00e9 par la Fondation partenariale I-SITE ULNE situ\u00e9e 42 rue Paul Duez 59000 Lille, France T\u00e9l. : +33 (0)3 62 26 90 81 Directeur de la Publication : Monsieur R\u00e9gis Bordet, Directeur G\u00e9n\u00e9ral de la Fondation I-SITE ULNE H\u00e9bergement du site : Centre de Ressources Informatiques Universit\u00e9 de Lille &#8211; Domaine universitaire &hellip; <a href=\"https:\/\/wp-isite.urbiloglabs.fr\/index.php\/fr\/mentions-legales\/\" class=\"more-link\">Continuer la lecture<span class=\"screen-reader-text\"> de &laquo;&nbsp;Mentions l\u00e9gales&nbsp;&raquo;<\/span><\/a><\/p>\n","protected":false},"author":5,"featured_media":0,"parent":0,"menu_order":0,"comment_status":"closed","ping_status":"closed","template":"","meta":[],"_links":{"self":[{"href":"https:\/\/wp-isite.urbiloglabs.fr\/index.php\/wp-json\/wp\/v2\/pages\/1961"}],"collection":[{"href":"https:\/\/wp-isite.urbiloglabs.fr\/index.php\/wp-json\/wp\/v2\/pages"}],"about":[{"href":"https:\/\/wp-isite.urbiloglabs.fr\/index.php\/wp-json\/wp\/v2\/types\/page"}],"author":[{"embeddable":true,"href":"https:\/\/wp-isite.urbiloglabs.fr\/index.php\/wp-json\/wp\/v2\/users\/5"}],"replies":[{"embeddable":true,"href":"https:\/\/wp-isite.urbiloglabs.fr\/index.php\/wp-json\/wp\/v2\/comments?post=1961"}],"version-history":[{"count":5,"href":"https:\/\/wp-isite.urbiloglabs.fr\/index.php\/wp-json\/wp\/v2\/pages\/1961\/revisions"}],"predecessor-version":[{"id":4708,"href":"https:\/\/wp-isite.urbiloglabs.fr\/index.php\/wp-json\/wp\/v2\/pages\/1961\/revisions\/4708"}],"wp:attachment":[{"href":"https:\/\/wp-isite.urbiloglabs.fr\/index.php\/wp-json\/wp\/v2\/media?parent=1961"}],"curies":[{"name":"wp","href":"https:\/\/api.w.org\/{rel}","templated":true}]}}