{"id":1963,"date":"2018-05-02T13:31:27","date_gmt":"2018-05-02T11:31:27","guid":{"rendered":"http:\/\/wp-isite.urbiloglabs.fr\/?page_id=1704"},"modified":"2018-12-12T16:36:13","modified_gmt":"2018-12-12T15:36:13","slug":"nuestras-habilidades-principales","status":"publish","type":"page","link":"https:\/\/wp-isite.urbiloglabs.fr\/index.php\/es\/nuestras-habilidades-principales\/","title":{"rendered":"Nuestros dominios de excelencias (LabEx, ERC&#8230;)"},"content":{"rendered":"<p>El proyecto I-SITE ULNE se basa en fuerzas cient\u00edficas objetivamente definidas. Este per\u00edmetro de excelencia (Peridex) abarca los dispositivos del PIA gestionados por el consorcio, los proyectos financiados por el <strong>Consejo Europeo de Investigaci\u00f3n (<a href=\"https:\/\/erc.europa.eu\/\" target=\"_blank\" rel=\"noopener\">ERC<\/a>)<\/strong>, los proyectos etiquetados H2020 coordinados por el consorcio, los miembros del <strong>Institut universitaire de France (<a href=\"http:\/\/www.iufrance.fr\/\" target=\"_blank\" rel=\"noopener\">IUF<\/a>)<\/strong> y el <a href=\"http:\/\/www.oncolille.fr\/\" target=\"_blank\" rel=\"noopener\"><strong>SIRIC OncoLille<\/strong><\/a>.<\/p>\n<p><img loading=\"lazy\" class=\"alignleft size-large wp-image-4235\" src=\"https:\/\/wp-isite.urbiloglabs.fr\/wp-content\/uploads\/2018\/12\/Peridex-ES-694x1024.jpg\" alt=\"\" width=\"694\" height=\"1024\" \/><\/p>\n<p>&nbsp;<\/p>\n<h2><span style=\"color: #e94e1d;\"><strong>Dispositivos del PIA gestionados por el consorcio :<\/strong><\/span><\/h2>\n<h3><strong>Laboratorios de excelencia:<\/strong><\/h3>\n<ul>\n<li><a href=\"http:\/\/labex-cappa.fr\/\">LabEx CAPPA <\/a>(Physical and chemical properties of the atmosphere)<\/li>\n<\/ul>\n<p><em><img loading=\"lazy\" class=\"size-medium wp-image-254 alignnone\" src=\"https:\/\/wp-isite.urbiloglabs.fr\/wp-content\/uploads\/2018\/02\/cappa-300x123.png\" alt=\"\" width=\"300\" height=\"123\" \/><\/em><\/p>\n<p><em>Coordinador : <a href=\"mailto:denis.petitprez@univ-lille.fr\">Denis Petitprez<\/a><br \/>\n<\/em><\/p>\n<ul>\n<li><a href=\"http:\/\/math.univ-lille1.fr\/~cempi\/\">LabEx CEMPI<\/a> (European centre for mathematics, physics and their interactions)<\/li>\n<\/ul>\n<p><img loading=\"lazy\" class=\"size-full wp-image-426 alignnone\" src=\"https:\/\/wp-isite.urbiloglabs.fr\/wp-content\/uploads\/2018\/02\/logo_cempi.png\" alt=\"\" width=\"456\" height=\"126\" \/><\/p>\n<p><em>Responsable cient\u00edfico : <a href=\"mailto:stephan.de-bievre@univ-lille.fr\">Stephan De Bi\u00e8vre<\/a><br \/>\n<\/em><\/p>\n<ul>\n<li><a href=\"http:\/\/distalz.univ-lille2.fr\/\">LabEx DISTALZ<\/a> (Enfermedad de Alzheimer)<\/li>\n<\/ul>\n<p><em><img loading=\"lazy\" class=\"size-full wp-image-427 alignnone\" src=\"https:\/\/wp-isite.urbiloglabs.fr\/wp-content\/uploads\/2018\/02\/Logo-distalz-web.png\" alt=\"\" width=\"220\" height=\"82\" \/><\/em><\/p>\n<p><em>Coordinador : <a href=\"mailto:philippe.amouyel@univ-lille.fr\">Philippe Amouyel<\/a><br \/>\n<\/em><\/p>\n<ul>\n<li><a href=\"http:\/\/www.egid.fr\/\">LabEx EGID<\/a> (European genomics institute for diabetes, world-class research, innovation centre)<\/li>\n<\/ul>\n<p><em><img loading=\"lazy\" class=\"size-full wp-image-428 alignnone\" src=\"https:\/\/wp-isite.urbiloglabs.fr\/wp-content\/uploads\/2018\/02\/logoEGID.jpg\" alt=\"\" width=\"240\" height=\"168\" \/><\/em><\/p>\n<p><em>Coordinador : <a href=\"mailto:p.froguel@imperial.ac.uk\">Philippe Froguel<\/a><br \/>\n<\/em><\/p>\n<h3><strong>Equipo <\/strong><strong>de excelencia :<\/strong><\/h3>\n<ul>\n<li>EquipEx Imaginex Biomed (Plataforma de im\u00e1genes para an\u00e1lisis de alta resoluci\u00f3n y detecci\u00f3n de alto rendimiento)<\/li>\n<\/ul>\n<p><em>Coordinador : <a href=\"mailto:frank.lafont@pasteur-lille.fr\">Franck Lafont<\/a><\/em><\/p>\n<ul>\n<li><a href=\"http:\/\/ligan.good.cnrs.fr\/presentation\/la-plateforme-ligan\/\">EquipEx LIGAN-PM<\/a> (Plataforma de secuenciaci\u00f3n del genoma humano para medicina personalizada)<\/li>\n<\/ul>\n<p><em><img loading=\"lazy\" class=\"alignleft size-full wp-image-4127\" src=\"https:\/\/wp-isite.urbiloglabs.fr\/wp-content\/uploads\/2018\/11\/logo_LIGAN-petit.jpg\" alt=\"\" width=\"300\" height=\"139\" \/><\/em><\/p>\n<p><em>Coordinador : <a href=\"mailto:p.froguel@imperial.ac.uk\">Philippe Froguel<\/a><\/em><\/p>\n<ul>\n<li><a href=\"http:\/\/realcat.ec-lille.fr\/\">EquipEx REALCAT<\/a> (Plataforma de selecci\u00f3n de catalizador de alto rendimiento para bio-refiner\u00edas)<\/li>\n<\/ul>\n<p><img loading=\"lazy\" class=\"alignleft size-full wp-image-4128\" src=\"https:\/\/wp-isite.urbiloglabs.fr\/wp-content\/uploads\/2018\/11\/i-logo258x79.png\" alt=\"\" width=\"300\" height=\"92\" \/><\/p>\n<p>&nbsp;<\/p>\n<p><em>Coordinador : <\/em><a href=\"mailto:sebastien.paul@centralelille.fr\"><em>S\u00e9bastien Paul<\/em><\/a><\/p>\n<ul>\n<li><a href=\"https:\/\/www.iemn.fr\/actualites\/projet-excelsior-2.html\" target=\"_blank\" rel=\"noopener\">EquipEx Excelsior<\/a> (Centro experimental para el estudio de las propiedades de los nano dispositivos)<\/li>\n<\/ul>\n<p><em>Coordinador : <a href=\"mailto:gilles.dambrine@iemn.univ-lille1.fr\" target=\"_blank\" rel=\"noopener\">Gilles Dambrine<\/a><\/em><\/p>\n<ul>\n<li><a href=\"http:\/\/flux.univ-lille1.fr\/index.php\/fr\/\" target=\"_blank\" rel=\"noopener\">EquipEx Flux<\/a> (fibras \u00f3pticas para alto flujo)<\/li>\n<\/ul>\n<p><em>Coordinador : <\/em><a href=\"mailto:Marc.Douay@univ-lille1.fr\" target=\"_blank\" rel=\"noopener\"><em>Marc Douay<\/em><\/a><\/p>\n<ul>\n<li><a href=\"http:\/\/www.irdive.fr\/\">EquipEx IrDIVE<\/a> (Plataforma de investigaci\u00f3n e innovaci\u00f3n en entornos visuales digitales e interactivos)<\/li>\n<\/ul>\n<p><img loading=\"lazy\" class=\" wp-image-431 alignnone\" src=\"https:\/\/wp-isite.urbiloglabs.fr\/wp-content\/uploads\/2018\/02\/IrDIVE-Logo-02-copie.png\" alt=\"\" width=\"256\" height=\"161\" \/><\/p>\n<p><em>Coordinador : <a href=\"mailto:yann.coello@univ-lille.fr\">Yann Coello<\/a><\/em><\/p>\n<ul>\n<li><a href=\"https:\/\/leaf-equipex.iemn.univ-lille1.fr\/\">EquipEx LEAF<\/a> (Laser procEssing plAtform for multiFunctional electronics on Flex)<\/li>\n<\/ul>\n<p><img loading=\"lazy\" class=\"alignleft size-full wp-image-4130\" src=\"https:\/\/wp-isite.urbiloglabs.fr\/wp-content\/uploads\/2018\/11\/logo_leaf_petit.jpg\" alt=\"\" width=\"200\" height=\"143\" \/><\/p>\n<ul>\n<li style=\"list-style-type: none;\"><em>Coordinador : <a href=\"mailto:emmanuel.dubois@isen.iemn.univ-lille1.fr\">Emmanuel Dubois<\/a><\/em><\/li>\n<li>IDEFI ADICODE (Innovaci\u00f3n a trav\u00e9s del codise\u00f1o y proyectos basados en el aprendizaje)<\/li>\n<li>Recherche Hospitalo-Universitaire (RHU) en salud Precinash (Esteatohepatitis no alcoh\u00f3lica (NASH)\u00a0: de la estratificaci\u00f3n de la enfermedad a enfoques terap\u00e9uticos innovadores)<\/li>\n<li><a href=\"http:\/\/www.oncolille.fr\/\">SIRIC OncoLille<\/a><\/li>\n<\/ul>\n<p><img loading=\"lazy\" class=\" wp-image-448 alignnone\" src=\"https:\/\/wp-isite.urbiloglabs.fr\/wp-content\/uploads\/2018\/02\/LogoONCOLilleweb.png\" alt=\"\" width=\"286\" height=\"94\" \/><\/p>\n<ul>\n<li><a href=\"https:\/\/sattnord.fr\/\">SATT Nord<\/a><\/li>\n<\/ul>\n<h2><img loading=\"lazy\" class=\"alignleft size-full wp-image-954\" src=\"https:\/\/wp-isite.urbiloglabs.fr\/wp-content\/uploads\/2018\/03\/SATT_logo-1.jpg\" alt=\"\" width=\"300\" height=\"170\" \/><\/h2>\n<h2><span style=\"color: #e94e1d;\">Galardonados ERC del consorcio :<\/span><\/h2>\n<p><a href=\"https:\/\/wp-isite.urbiloglabs.fr\/index.php\/es\/galardonados-erc-del-consorcio\/\" target=\"_blank\" rel=\"noopener\">Ver la lista<\/a><\/p>\n<p>&nbsp;<\/p>\n<p class=\"paragraph-orange\">Este Peridex es la base del proyecto I-SITE ULNE, un proyecto que pretende mantener y extender la excelencia cient\u00edfica.<\/p>\n","protected":false},"excerpt":{"rendered":"<p>El proyecto I-SITE ULNE se basa en fuerzas cient\u00edficas objetivamente definidas. Este per\u00edmetro de excelencia (Peridex) abarca los dispositivos del PIA gestionados por el consorcio, los proyectos financiados por el Consejo Europeo de Investigaci\u00f3n (ERC), los proyectos etiquetados H2020 coordinados por el consorcio, los miembros del Institut universitaire de France (IUF) y el SIRIC OncoLille. &hellip; <a href=\"https:\/\/wp-isite.urbiloglabs.fr\/index.php\/es\/nuestras-habilidades-principales\/\" class=\"more-link\">Continuer la lecture<span class=\"screen-reader-text\"> de &laquo;&nbsp;Nuestros dominios de excelencias (LabEx, ERC&#8230;)&nbsp;&raquo;<\/span><\/a><\/p>\n","protected":false},"author":5,"featured_media":0,"parent":0,"menu_order":0,"comment_status":"closed","ping_status":"closed","template":"","meta":[],"_links":{"self":[{"href":"https:\/\/wp-isite.urbiloglabs.fr\/index.php\/wp-json\/wp\/v2\/pages\/1963"}],"collection":[{"href":"https:\/\/wp-isite.urbiloglabs.fr\/index.php\/wp-json\/wp\/v2\/pages"}],"about":[{"href":"https:\/\/wp-isite.urbiloglabs.fr\/index.php\/wp-json\/wp\/v2\/types\/page"}],"author":[{"embeddable":true,"href":"https:\/\/wp-isite.urbiloglabs.fr\/index.php\/wp-json\/wp\/v2\/users\/5"}],"replies":[{"embeddable":true,"href":"https:\/\/wp-isite.urbiloglabs.fr\/index.php\/wp-json\/wp\/v2\/comments?post=1963"}],"version-history":[{"count":22,"href":"https:\/\/wp-isite.urbiloglabs.fr\/index.php\/wp-json\/wp\/v2\/pages\/1963\/revisions"}],"predecessor-version":[{"id":4236,"href":"https:\/\/wp-isite.urbiloglabs.fr\/index.php\/wp-json\/wp\/v2\/pages\/1963\/revisions\/4236"}],"wp:attachment":[{"href":"https:\/\/wp-isite.urbiloglabs.fr\/index.php\/wp-json\/wp\/v2\/media?parent=1963"}],"curies":[{"name":"wp","href":"https:\/\/api.w.org\/{rel}","templated":true}]}}