{"id":1964,"date":"2018-05-02T13:33:10","date_gmt":"2018-05-02T11:33:10","guid":{"rendered":"http:\/\/wp-isite.urbiloglabs.fr\/?page_id=1707"},"modified":"2018-10-23T14:34:01","modified_gmt":"2018-10-23T12:34:01","slug":"nuestro-gobierno","status":"publish","type":"page","link":"https:\/\/wp-isite.urbiloglabs.fr\/index.php\/es\/nuestro-gobierno\/","title":{"rendered":"Nuestra gobernanza"},"content":{"rendered":"<p>El proyecto I-SITE ULNE est\u00e1 gestionado por una fundaci\u00f3n que permite a todos los miembros del consorcio, que son los miembros fundadores, participar de la misma manera en la realizaci\u00f3n de este ambicioso proyecto.<\/p>\n<p>La gobernanza del proyecto tiene que ver con la combinaci\u00f3n de la pericia, agilidad y eficiencia con la colaboraci\u00f3n efectiva de todos los miembros fundadores unidos por una ambici\u00f3n com\u00fan.<\/p>\n<h3>Presidenta: Gilberte Chambaud<\/h3>\n<p><em>Profesora Em\u00e9rita de Qu\u00edmica en la <\/em><a href=\"http:\/\/www.u-pem.fr\/\">Universit\u00e9 de Marne-la-Vall\u00e9e<\/a><em>, miembro del Coll\u00e8ge du<\/em><em>\u00a0<\/em><a href=\"http:\/\/www.hceres.fr\/\">Hc\u00e9res<\/a><em>, Presidenta de la<\/em><em>\u00a0<\/em><a href=\"http:\/\/www.societechimiquedefrance.fr\/\">Soci\u00e9t\u00e9 chimique de France<\/a><em>, Directora cient\u00edfica del Instituto de Qu\u00edmica del CNRS (2006-2011)<\/em><\/p>\n<h3>Vicepresidente: Jean-Christophe Camart<\/h3>\n<p><em>Rector de la <\/em><a href=\"https:\/\/www.univ-lille.fr\/\">Universit\u00e9 de Lille<\/a><\/p>\n<h3>Tesorera: Isabelle Herlin<\/h3>\n<p><em>Directora del <\/em><a href=\"https:\/\/www.inria.fr\/centre\/lille\">Centre de recherche Inria Lille Nord-Europe<\/a><\/p>\n<h3>Director General: R\u00e9gis Bordet<\/h3>\n<h3>Secretario General: Dominique Pacot<\/h3>\n<p>&nbsp;<\/p>\n<ul>\n<li>\n<h2><a href=\"https:\/\/wp-isite.urbiloglabs.fr\/index.php\/fr\/consejo-de-administracion\/\">Consejo de Administraci\u00f3n<\/a><\/h2>\n<\/li>\n<li>\n<h2><a href=\"https:\/\/wp-isite.urbiloglabs.fr\/index.php\/es\/consejo-cientifico\/\" target=\"_blank\" rel=\"noopener\">Consejo Cient\u00edfico<\/a><\/h2>\n<\/li>\n<li>\n<h2><a href=\"https:\/\/wp-isite.urbiloglabs.fr\/index.php\/es\/comite-directivo\/\" target=\"_blank\" rel=\"noopener\">Comit\u00e9 directivo<\/a><\/h2>\n<\/li>\n<li>\n<h2><a href=\"https:\/\/wp-isite.urbiloglabs.fr\/index.php\/es\/equipo-de-coordinacion\/\" target=\"_blank\" rel=\"noopener\">Equipo de coordinaci\u00f3n<\/a><\/h2>\n<\/li>\n<li>\n<h2><a href=\"https:\/\/wp-isite.urbiloglabs.fr\/index.php\/es\/equipo-operacional\/\">Equipo operativo<\/a><\/h2>\n<\/li>\n<li>\n<h2>Organigrama general<\/h2>\n<\/li>\n<\/ul>\n<p><img loading=\"lazy\" class=\"alignleft size-large wp-image-4037 imgLarge\" src=\"https:\/\/wp-isite.urbiloglabs.fr\/wp-content\/uploads\/2018\/10\/180518_Organigrama-1024x682.jpg\" alt=\"\" width=\"840\" height=\"559\" \/><\/p>\n","protected":false},"excerpt":{"rendered":"<p>El proyecto I-SITE ULNE est\u00e1 gestionado por una fundaci\u00f3n que permite a todos los miembros del consorcio, que son los miembros fundadores, participar de la misma manera en la realizaci\u00f3n de este ambicioso proyecto. La gobernanza del proyecto tiene que ver con la combinaci\u00f3n de la pericia, agilidad y eficiencia con la colaboraci\u00f3n efectiva de &hellip; <a href=\"https:\/\/wp-isite.urbiloglabs.fr\/index.php\/es\/nuestro-gobierno\/\" class=\"more-link\">Continuer la lecture<span class=\"screen-reader-text\"> de &laquo;&nbsp;Nuestra gobernanza&nbsp;&raquo;<\/span><\/a><\/p>\n","protected":false},"author":5,"featured_media":0,"parent":0,"menu_order":0,"comment_status":"closed","ping_status":"closed","template":"","meta":[],"_links":{"self":[{"href":"https:\/\/wp-isite.urbiloglabs.fr\/index.php\/wp-json\/wp\/v2\/pages\/1964"}],"collection":[{"href":"https:\/\/wp-isite.urbiloglabs.fr\/index.php\/wp-json\/wp\/v2\/pages"}],"about":[{"href":"https:\/\/wp-isite.urbiloglabs.fr\/index.php\/wp-json\/wp\/v2\/types\/page"}],"author":[{"embeddable":true,"href":"https:\/\/wp-isite.urbiloglabs.fr\/index.php\/wp-json\/wp\/v2\/users\/5"}],"replies":[{"embeddable":true,"href":"https:\/\/wp-isite.urbiloglabs.fr\/index.php\/wp-json\/wp\/v2\/comments?post=1964"}],"version-history":[{"count":8,"href":"https:\/\/wp-isite.urbiloglabs.fr\/index.php\/wp-json\/wp\/v2\/pages\/1964\/revisions"}],"predecessor-version":[{"id":4038,"href":"https:\/\/wp-isite.urbiloglabs.fr\/index.php\/wp-json\/wp\/v2\/pages\/1964\/revisions\/4038"}],"wp:attachment":[{"href":"https:\/\/wp-isite.urbiloglabs.fr\/index.php\/wp-json\/wp\/v2\/media?parent=1964"}],"curies":[{"name":"wp","href":"https:\/\/api.w.org\/{rel}","templated":true}]}}