{"id":1966,"date":"2018-05-02T13:36:29","date_gmt":"2018-05-02T11:36:29","guid":{"rendered":"http:\/\/wp-isite.urbiloglabs.fr\/?page_id=1713"},"modified":"2019-04-30T16:21:48","modified_gmt":"2019-04-30T14:21:48","slug":"apoye-la-innovacion-educativa","status":"publish","type":"page","link":"https:\/\/wp-isite.urbiloglabs.fr\/index.php\/es\/apoye-la-innovacion-educativa\/","title":{"rendered":"Apoyar la innovaci\u00f3n pedag\u00f3gica"},"content":{"rendered":"<figure id=\"attachment_4019\" aria-describedby=\"caption-attachment-4019\" style=\"width: 840px\" class=\"wp-caption alignleft\"><img loading=\"lazy\" class=\"size-large wp-image-4019\" src=\"https:\/\/wp-isite.urbiloglabs.fr\/wp-content\/uploads\/2018\/10\/salle-innovation-pedagogique-01-recadre-1024x370-1024x370.jpg\" alt=\"\" width=\"840\" height=\"304\" \/><figcaption id=\"caption-attachment-4019\" class=\"wp-caption-text\">Lilliad sala innovaci\u00f3n pedag\u00f3gica \u00aeAtmosphere photo<\/figcaption><\/figure>\n<p>La Fundaci\u00f3n I-SITE pretende apoyar la excelencia en la educaci\u00f3n. Esto incluye, en particular, el <strong>premio anual de excelencia en innovaci\u00f3n pedag\u00f3gica<\/strong>, que premia a un maestro o un equipo de maestros que han implementado enfoques particularmente innovadores en su pr\u00e1ctica para la ense\u00f1anza en el primer y segundo ciclo.<\/p>\n<p>A trav\u00e9s del <strong>Fondo de Innovaci\u00f3n Educativa<\/strong>, I-SITE fomenta el lanzamiento de proyectos innovadores y ambiciosos para fomentar el desarrollo de experiencias de aprendizaje y aprendizaje interdisciplinarios e intersectoriales.<\/p>\n<p>Unas <strong>Escuelas de Posgrado<\/strong> (GS \u2013 Graduate Schools en ingl\u00e9s) tem\u00e1ticas constar\u00e1n de tres escuelas interdisciplinarias apoyadas por los tres ejes de excelencia.<\/p>\n<p>Todas las actividades de educaci\u00f3n est\u00e1n coordinadas por el <strong>Centro para la Innovaci\u00f3n Pedag\u00f3gica y Num\u00e9rica (CIPN)<\/strong> implementado por I-SITE. En particular, el CIPN llevar\u00e1 a cabo las diversas acciones de cooperaci\u00f3n con la Universidad KU Leuven (B\u00e9lgica) en estrecha colaboraci\u00f3n con el Eje 3 en torno a los conceptos de learning analytics y ense\u00f1anza \/ aprendizaje adaptativo y colaborativo. Esto incluye no solo la implementaci\u00f3n de dispositivos pedag\u00f3gicos innovadores, sino tambi\u00e9n proyectos de investigaci\u00f3n conjunta (cotutelles de tesis, movilidades de investigadores, recepci\u00f3n de post-docts &#8230;).<\/p>\n<h4><a href=\"https:\/\/wp-isite.urbiloglabs.fr\/index.php\/es\/app_category\/innovacion-pedagogica\/\"><i class=\"wp-svg-arrow-right-3 arrow-right-3\"><\/i> Ver las convocatorias de proyectos en Innovaci\u00f3n Educativa.<\/a><\/h4>\n<p>Contacto: <a href=\"mailto:antoine.besnehard@wp-isite.urbiloglabs.fr\" target=\"_blank\" rel=\"noopener\">Antoine BESNEHARD<\/a><\/p>\n","protected":false},"excerpt":{"rendered":"<p>La Fundaci\u00f3n I-SITE pretende apoyar la excelencia en la educaci\u00f3n. Esto incluye, en particular, el premio anual de excelencia en innovaci\u00f3n pedag\u00f3gica, que premia a un maestro o un equipo de maestros que han implementado enfoques particularmente innovadores en su pr\u00e1ctica para la ense\u00f1anza en el primer y segundo ciclo. A trav\u00e9s del Fondo de &hellip; <a href=\"https:\/\/wp-isite.urbiloglabs.fr\/index.php\/es\/apoye-la-innovacion-educativa\/\" class=\"more-link\">Continuer la lecture<span class=\"screen-reader-text\"> de &laquo;&nbsp;Apoyar la innovaci\u00f3n pedag\u00f3gica&nbsp;&raquo;<\/span><\/a><\/p>\n","protected":false},"author":5,"featured_media":0,"parent":0,"menu_order":0,"comment_status":"closed","ping_status":"closed","template":"","meta":[],"_links":{"self":[{"href":"https:\/\/wp-isite.urbiloglabs.fr\/index.php\/wp-json\/wp\/v2\/pages\/1966"}],"collection":[{"href":"https:\/\/wp-isite.urbiloglabs.fr\/index.php\/wp-json\/wp\/v2\/pages"}],"about":[{"href":"https:\/\/wp-isite.urbiloglabs.fr\/index.php\/wp-json\/wp\/v2\/types\/page"}],"author":[{"embeddable":true,"href":"https:\/\/wp-isite.urbiloglabs.fr\/index.php\/wp-json\/wp\/v2\/users\/5"}],"replies":[{"embeddable":true,"href":"https:\/\/wp-isite.urbiloglabs.fr\/index.php\/wp-json\/wp\/v2\/comments?post=1966"}],"version-history":[{"count":6,"href":"https:\/\/wp-isite.urbiloglabs.fr\/index.php\/wp-json\/wp\/v2\/pages\/1966\/revisions"}],"predecessor-version":[{"id":4665,"href":"https:\/\/wp-isite.urbiloglabs.fr\/index.php\/wp-json\/wp\/v2\/pages\/1966\/revisions\/4665"}],"wp:attachment":[{"href":"https:\/\/wp-isite.urbiloglabs.fr\/index.php\/wp-json\/wp\/v2\/media?parent=1966"}],"curies":[{"name":"wp","href":"https:\/\/api.w.org\/{rel}","templated":true}]}}