{"id":1970,"date":"2018-06-05T17:21:25","date_gmt":"2018-06-05T15:21:25","guid":{"rendered":"http:\/\/wp-isite.urbiloglabs.fr\/?page_id=1890"},"modified":"2019-05-15T15:21:17","modified_gmt":"2019-05-15T13:21:17","slug":"recrutements-en-cours-avec-laide-de-li-site","status":"publish","type":"page","link":"https:\/\/wp-isite.urbiloglabs.fr\/index.php\/fr\/recrutements-en-cours-avec-laide-de-li-site\/","title":{"rendered":"Recrutements"},"content":{"rendered":"<p>Vous trouverez ci-dessous la liste des postes ouverts dans le cadre des projets d&rsquo;excellence financ\u00e9s par l&rsquo;I-SITE ULNE :<\/p>\n<h3>Contrats doctoraux :<\/h3>\n<ul>\n<li><em><a href=\"https:\/\/pro.univ-lille.fr\/fileadmin\/user_upload\/pages_pros\/esben_andresen\/ANDRESEN_TAMINA_DiffusionLibre.pdf\" target=\"_blank\" rel=\"noopener\">Fibres optiques de sp\u00e9cialit\u00e9 pour endoscopesbio-m\u00e9dicale ultra-miniaturis\u00e9s.<\/a> <\/em><\/li>\n<\/ul>\n<p>Contact : <a href=\"mailto:geraud.bouwmans@univ-lille.fr\">G\u00e9raud BOUWMANS<\/a>, <a href=\"http:\/\/www.phlam.univ-lille1.fr\/\" target=\"_blank\" rel=\"noopener\">PhLAM<\/a><\/p>\n<ul>\n<li><em><a href=\"https:\/\/wp-isite.urbiloglabs.fr\/wp-content\/uploads\/2019\/05\/PhD-announcement.pdf\">Effect of a novel MET agonist for combating beta cell decline in type 2 diabetes.<\/a><\/em><\/li>\n<\/ul>\n<p>Contact : <a href=\"mailto:amar.abderrahmani@univ-lille.fr\" target=\"_blank\" rel=\"noopener\">Amar Aderrahmani<\/a>, <a href=\"https:\/\/www.iemn.fr\/\" target=\"_blank\" rel=\"noopener\">IEMN<\/a> et <a href=\"mailto:jerome.vicogne@ibl.cnrs.fr\" target=\"_blank\" rel=\"noopener\">J\u00e9r\u00f4me Vicogne<\/a>, <a href=\"https:\/\/www.ibl.fr\/\" target=\"_blank\" rel=\"noopener\">IBL <\/a><\/p>\n","protected":false},"excerpt":{"rendered":"<p>Vous trouverez ci-dessous la liste des postes ouverts dans le cadre des projets d&rsquo;excellence financ\u00e9s par l&rsquo;I-SITE ULNE : Contrats doctoraux : Fibres optiques de sp\u00e9cialit\u00e9 pour endoscopesbio-m\u00e9dicale ultra-miniaturis\u00e9s. Contact : G\u00e9raud BOUWMANS, PhLAM Effect of a novel MET agonist for combating beta cell decline in type 2 diabetes. Contact : Amar Aderrahmani, IEMN et &hellip; <a href=\"https:\/\/wp-isite.urbiloglabs.fr\/index.php\/fr\/recrutements-en-cours-avec-laide-de-li-site\/\" class=\"more-link\">Continuer la lecture<span class=\"screen-reader-text\"> de &laquo;&nbsp;Recrutements&nbsp;&raquo;<\/span><\/a><\/p>\n","protected":false},"author":5,"featured_media":0,"parent":0,"menu_order":0,"comment_status":"closed","ping_status":"closed","template":"","meta":[],"_links":{"self":[{"href":"https:\/\/wp-isite.urbiloglabs.fr\/index.php\/wp-json\/wp\/v2\/pages\/1970"}],"collection":[{"href":"https:\/\/wp-isite.urbiloglabs.fr\/index.php\/wp-json\/wp\/v2\/pages"}],"about":[{"href":"https:\/\/wp-isite.urbiloglabs.fr\/index.php\/wp-json\/wp\/v2\/types\/page"}],"author":[{"embeddable":true,"href":"https:\/\/wp-isite.urbiloglabs.fr\/index.php\/wp-json\/wp\/v2\/users\/5"}],"replies":[{"embeddable":true,"href":"https:\/\/wp-isite.urbiloglabs.fr\/index.php\/wp-json\/wp\/v2\/comments?post=1970"}],"version-history":[{"count":9,"href":"https:\/\/wp-isite.urbiloglabs.fr\/index.php\/wp-json\/wp\/v2\/pages\/1970\/revisions"}],"predecessor-version":[{"id":4731,"href":"https:\/\/wp-isite.urbiloglabs.fr\/index.php\/wp-json\/wp\/v2\/pages\/1970\/revisions\/4731"}],"wp:attachment":[{"href":"https:\/\/wp-isite.urbiloglabs.fr\/index.php\/wp-json\/wp\/v2\/media?parent=1970"}],"curies":[{"name":"wp","href":"https:\/\/api.w.org\/{rel}","templated":true}]}}