{"id":1971,"date":"2018-06-05T17:21:53","date_gmt":"2018-06-05T15:21:53","guid":{"rendered":"http:\/\/wp-isite.urbiloglabs.fr\/?page_id=1893"},"modified":"2018-06-18T10:58:00","modified_gmt":"2018-06-18T08:58:00","slug":"erc","status":"publish","type":"page","link":"https:\/\/wp-isite.urbiloglabs.fr\/index.php\/fr\/erc\/","title":{"rendered":"ERC"},"content":{"rendered":"<p><img loading=\"lazy\" class=\"alignleft size-medium wp-image-2035\" src=\"https:\/\/wp-isite.urbiloglabs.fr\/wp-content\/uploads\/2018\/06\/ERC_Logo-300x278.png\" alt=\"\" width=\"300\" height=\"278\" \/><\/p>\n<ul>\n<li><strong>Laur\u00e9ats ERC :<\/strong><\/li>\n<\/ul>\n<p>&#8211; <a href=\"https:\/\/wp-isite.urbiloglabs.fr\/index.php\/fr\/laureats-erc-au-sein-du-consortium\/\">Les laur\u00e9ats ERC au sein du consortium<\/a><\/p>\n<p>&#8211; <a href=\"https:\/\/erc.europa.eu\/projects-figures\/erc-funded-projects\/results?f%5B0%5D=country%3AFrance\" target=\"_blank\" rel=\"noopener\">Les laur\u00e9ats ERC en France<\/a><\/p>\n<p>&nbsp;<\/p>\n<ul>\n<li><a href=\"http:\/\/www.horizon2020.gouv.fr\/cid76878\/candidatures-erc-liens-documents-cles.html\" target=\"_blank\" rel=\"noopener\">Voir tous les appels \u00e0 projets ERC<\/a><\/li>\n<\/ul>\n<p>&nbsp;<\/p>\n<ul>\n<li><a href=\"https:\/\/wp-isite.urbiloglabs.fr\/wp-content\/uploads\/2018\/06\/h2020-guide18-erc-stg-cog_en-1.pdf\">Guide pour les candidats aux Starting et Consolidator Grants 2018<\/a><\/li>\n<\/ul>\n<p>&nbsp;<\/p>\n<ul>\n<li><a href=\"http:\/\/www.lillemetropole.fr\/mel\/institution\/competences\/economie-emploi\/universite-recherche-vie-etudian\/recherche\/valoriser-lexcellence--aide-au-m.html\" target=\"_blank\" rel=\"noopener\">Dispositif d&rsquo;aide au montage ERC (MEL)<\/a><\/li>\n<\/ul>\n","protected":false},"excerpt":{"rendered":"<p>Laur\u00e9ats ERC : &#8211; Les laur\u00e9ats ERC au sein du consortium &#8211; Les laur\u00e9ats ERC en France &nbsp; Voir tous les appels \u00e0 projets ERC &nbsp; Guide pour les candidats aux Starting et Consolidator Grants 2018 &nbsp; Dispositif d&rsquo;aide au montage ERC (MEL)<\/p>\n","protected":false},"author":5,"featured_media":0,"parent":0,"menu_order":0,"comment_status":"closed","ping_status":"closed","template":"","meta":[],"_links":{"self":[{"href":"https:\/\/wp-isite.urbiloglabs.fr\/index.php\/wp-json\/wp\/v2\/pages\/1971"}],"collection":[{"href":"https:\/\/wp-isite.urbiloglabs.fr\/index.php\/wp-json\/wp\/v2\/pages"}],"about":[{"href":"https:\/\/wp-isite.urbiloglabs.fr\/index.php\/wp-json\/wp\/v2\/types\/page"}],"author":[{"embeddable":true,"href":"https:\/\/wp-isite.urbiloglabs.fr\/index.php\/wp-json\/wp\/v2\/users\/5"}],"replies":[{"embeddable":true,"href":"https:\/\/wp-isite.urbiloglabs.fr\/index.php\/wp-json\/wp\/v2\/comments?post=1971"}],"version-history":[{"count":2,"href":"https:\/\/wp-isite.urbiloglabs.fr\/index.php\/wp-json\/wp\/v2\/pages\/1971\/revisions"}],"predecessor-version":[{"id":2390,"href":"https:\/\/wp-isite.urbiloglabs.fr\/index.php\/wp-json\/wp\/v2\/pages\/1971\/revisions\/2390"}],"wp:attachment":[{"href":"https:\/\/wp-isite.urbiloglabs.fr\/index.php\/wp-json\/wp\/v2\/media?parent=1971"}],"curies":[{"name":"wp","href":"https:\/\/api.w.org\/{rel}","templated":true}]}}