{"id":1975,"date":"2018-06-06T14:35:20","date_gmt":"2018-06-06T12:35:20","guid":{"rendered":"http:\/\/wp-isite.urbiloglabs.fr\/?page_id=1934"},"modified":"2018-06-06T14:35:20","modified_gmt":"2018-06-06T12:35:20","slug":"clarivate-analytics","status":"publish","type":"page","link":"https:\/\/wp-isite.urbiloglabs.fr\/index.php\/fr\/clarivate-analytics\/","title":{"rendered":"Clarivate Analytics"},"content":{"rendered":"<p><a href=\"https:\/\/clarivate.com\/\"><img loading=\"lazy\" class=\"alignleft size-full wp-image-2101\" src=\"https:\/\/wp-isite.urbiloglabs.fr\/wp-content\/uploads\/2018\/06\/280px-Clarivate_Analytics.svg_-1.png\" alt=\"\" width=\"280\" height=\"96\" \/><\/a><\/p>\n<p>La Fondation met \u00e0 disposition de l\u2019ensemble de ses membres fondateurs des moyens qui vont leur permettre d\u2019accroitre leur rayonnement international. A cet effet, elle a sign\u00e9 un partenariat avec <a href=\"https:\/\/clarivate.com\/\"><em>Clarivate Analytics<\/em><\/a> visant \u00e0 assurer aux publications des chercheurs une meilleure visibilit\u00e9 dans les classements internationaux en optimisant leurs affiliations.<\/p>\n","protected":false},"excerpt":{"rendered":"<p>La Fondation met \u00e0 disposition de l\u2019ensemble de ses membres fondateurs des moyens qui vont leur permettre d\u2019accroitre leur rayonnement international. A cet effet, elle a sign\u00e9 un partenariat avec Clarivate Analytics visant \u00e0 assurer aux publications des chercheurs une meilleure visibilit\u00e9 dans les classements internationaux en optimisant leurs affiliations.<\/p>\n","protected":false},"author":5,"featured_media":0,"parent":0,"menu_order":0,"comment_status":"closed","ping_status":"closed","template":"","meta":[],"_links":{"self":[{"href":"https:\/\/wp-isite.urbiloglabs.fr\/index.php\/wp-json\/wp\/v2\/pages\/1975"}],"collection":[{"href":"https:\/\/wp-isite.urbiloglabs.fr\/index.php\/wp-json\/wp\/v2\/pages"}],"about":[{"href":"https:\/\/wp-isite.urbiloglabs.fr\/index.php\/wp-json\/wp\/v2\/types\/page"}],"author":[{"embeddable":true,"href":"https:\/\/wp-isite.urbiloglabs.fr\/index.php\/wp-json\/wp\/v2\/users\/5"}],"replies":[{"embeddable":true,"href":"https:\/\/wp-isite.urbiloglabs.fr\/index.php\/wp-json\/wp\/v2\/comments?post=1975"}],"version-history":[{"count":0,"href":"https:\/\/wp-isite.urbiloglabs.fr\/index.php\/wp-json\/wp\/v2\/pages\/1975\/revisions"}],"wp:attachment":[{"href":"https:\/\/wp-isite.urbiloglabs.fr\/index.php\/wp-json\/wp\/v2\/media?parent=1975"}],"curies":[{"name":"wp","href":"https:\/\/api.w.org\/{rel}","templated":true}]}}