{"id":1998,"date":"2018-06-06T17:01:15","date_gmt":"2018-06-06T15:01:15","guid":{"rendered":"http:\/\/wp-isite.urbiloglabs.fr\/?page_id=1998"},"modified":"2019-03-06T10:55:28","modified_gmt":"2019-03-06T09:55:28","slug":"autres-dispositifs","status":"publish","type":"page","link":"https:\/\/wp-isite.urbiloglabs.fr\/index.php\/fr\/autres-dispositifs\/","title":{"rendered":"Autres dispositifs"},"content":{"rendered":"<h3><a href=\"https:\/\/wp-isite.urbiloglabs.fr\/index.php\/fr\/appel-a-manifestations-dinteret\/\"><strong>Appel \u00e0 manifestations d&rsquo;int\u00e9r\u00eat<\/strong><\/a><\/h3>\n<p>La Fondation I-SITE ULNE contribue \u00e0 l&rsquo;organisation de manifestations scientifiques d&rsquo;excellence organis\u00e9es par ses membres fondateurs ou partenaires ext\u00e9rieurs r\u00e9gionaux \u00e0 la condition qu&rsquo;ils correspondent \u00e0 sa strat\u00e9gie en mati\u00e8re de recherche et de d\u00e9veloppement international.<\/p>\n<p><a href=\"https:\/\/wp-isite.urbiloglabs.fr\/wp-content\/uploads\/2019\/03\/190306-EL-AppelaManifestationsV3.pdf\">Plus d&rsquo;infos sur le dispositif<\/a><\/p>\n<p>Contacts :\u00a0 <a href=\"mailto:juliette.babilotte@wp-isite.urbiloglabs.fr\" target=\"_blank\" rel=\"noopener\">Juliette Babilotte<\/a> (Administration), <a href=\"mailto:elodie.legrand@wp-isite.urbiloglabs.fr\" target=\"_blank\" rel=\"noopener\">\u00c9lodie Legrand<\/a> (Communication) et <a href=\"mailto:stephane.thys@wp-isite.urbiloglabs.fr\" target=\"_blank\" rel=\"noopener\">St\u00e9phane Thys<\/a> (Coop\u00e9ration internationale)<\/p>\n<p>&nbsp;<\/p>\n<h3><a href=\"https:\/\/wp-isite.urbiloglabs.fr\/index.php\/fr\/clarivate-analytics\/\"><strong>Partenariat avec Clarivate Analytics<\/strong><\/a><\/h3>\n<p>La Fondation met \u00e0 disposition de l\u2019ensemble de ses membres fondateurs des moyens qui vont leur permettre d\u2019accroitre leur rayonnement international. A cet effet, elle a sign\u00e9 un partenariat avec <a href=\"https:\/\/clarivate.com\/\"><em>Clarivate Analytics<\/em><\/a> visant \u00e0 assurer aux publications des chercheurs une meilleure visibilit\u00e9 dans les classements internationaux en optimisant leurs affiliations.<\/p>\n<p>&nbsp;<\/p>\n<h3><a href=\"https:\/\/wp-isite.urbiloglabs.fr\/index.php\/fr\/the-conversation\/\"><strong>Adh\u00e9sion \u00e0 <em>The Conversation<\/em><\/strong><\/a><\/h3>\n<p>La Fondation a adh\u00e9r\u00e9 pour l&rsquo;ensemble des \u00e9tablissements du consortium au m\u00e9dia en ligne <a href=\"https:\/\/theconversation.com\/fr\"><em>The Conversation<\/em><\/a>, qui contribue \u00e0 \u00e9clairer le d\u00e9bat public gr\u00e2ce aux contributions des enseignants-chercheurs et chercheurs et leur donne un large \u00e9cho m\u00e9diatique.<\/p>\n<p>Chaque \u00e9tablissement fondateur dispose ainsi d&rsquo;un espace personnel avec les donn\u00e9es m\u00e9triques li\u00e9es \u00e0 ses contributions. Il est alert\u00e9 lorsqu&rsquo;un contributeur de l&rsquo;\u00e9tablissement publie sur le m\u00e9dia.<\/p>\n<p>Contact : <a href=\"mailto:elodie.legrand@wp-isite.urbiloglabs.fr\" target=\"_blank\" rel=\"noopener\">\u00c9lodie Legrand<\/a><\/p>\n<p>&nbsp;<\/p>\n<h3><a href=\"https:\/\/wp-isite.urbiloglabs.fr\/index.php\/fr\/actions-coordonnees-avec-nos-partenaires\/\"><strong>Actions coordonn\u00e9es avec nos partenaires<\/strong><\/a><\/h3>\n<h4>Avec la MEL :<\/h4>\n<ul>\n<li><a href=\"http:\/\/www.lillemetropole.fr\/sites\/lmcu\/mel\/actualites-metropole-lille\/recherche-enseignement\/appel-a-projets-accueil-de-talen.html\" target=\"_blank\" rel=\"noopener\">Accueil de talents<\/a><\/li>\n<\/ul>\n<h4>Avec la r\u00e9gion :<\/h4>\n<ul>\n<li><a href=\"http:\/\/guide-aides.hautsdefrance.fr\/spip.php?page=aide&amp;id_dispositif=712\" target=\"_blank\" rel=\"noopener\">Equipes mixte laboratoire-entreprise<\/a><\/li>\n<li><a href=\"http:\/\/guide-aides.hautsdefrance.fr\/spip.php?page=aide&amp;id_dispositif=491\" target=\"_blank\" rel=\"noopener\">Allocations de recherche en lien avec les entreprises<\/a><\/li>\n<li><a href=\"http:\/\/www.hautsdefrance.fr\/stars-de-recherche\/\" target=\"_blank\" rel=\"noopener\">Soutien \u00e0 l\u2019accueil de Talents de la Recherche Scientifique (STaRS)<\/a><\/li>\n<\/ul>\n<p>&nbsp;<\/p>\n","protected":false},"excerpt":{"rendered":"<p>Appel \u00e0 manifestations d&rsquo;int\u00e9r\u00eat La Fondation I-SITE ULNE contribue \u00e0 l&rsquo;organisation de manifestations scientifiques d&rsquo;excellence organis\u00e9es par ses membres fondateurs ou partenaires ext\u00e9rieurs r\u00e9gionaux \u00e0 la condition qu&rsquo;ils correspondent \u00e0 sa strat\u00e9gie en mati\u00e8re de recherche et de d\u00e9veloppement international. Plus d&rsquo;infos sur le dispositif Contacts :\u00a0 Juliette Babilotte (Administration), \u00c9lodie Legrand (Communication) et St\u00e9phane &hellip; <a href=\"https:\/\/wp-isite.urbiloglabs.fr\/index.php\/fr\/autres-dispositifs\/\" class=\"more-link\">Continuer la lecture<span class=\"screen-reader-text\"> de &laquo;&nbsp;Autres dispositifs&nbsp;&raquo;<\/span><\/a><\/p>\n","protected":false},"author":5,"featured_media":0,"parent":0,"menu_order":0,"comment_status":"closed","ping_status":"closed","template":"","meta":[],"_links":{"self":[{"href":"https:\/\/wp-isite.urbiloglabs.fr\/index.php\/wp-json\/wp\/v2\/pages\/1998"}],"collection":[{"href":"https:\/\/wp-isite.urbiloglabs.fr\/index.php\/wp-json\/wp\/v2\/pages"}],"about":[{"href":"https:\/\/wp-isite.urbiloglabs.fr\/index.php\/wp-json\/wp\/v2\/types\/page"}],"author":[{"embeddable":true,"href":"https:\/\/wp-isite.urbiloglabs.fr\/index.php\/wp-json\/wp\/v2\/users\/5"}],"replies":[{"embeddable":true,"href":"https:\/\/wp-isite.urbiloglabs.fr\/index.php\/wp-json\/wp\/v2\/comments?post=1998"}],"version-history":[{"count":8,"href":"https:\/\/wp-isite.urbiloglabs.fr\/index.php\/wp-json\/wp\/v2\/pages\/1998\/revisions"}],"predecessor-version":[{"id":4447,"href":"https:\/\/wp-isite.urbiloglabs.fr\/index.php\/wp-json\/wp\/v2\/pages\/1998\/revisions\/4447"}],"wp:attachment":[{"href":"https:\/\/wp-isite.urbiloglabs.fr\/index.php\/wp-json\/wp\/v2\/media?parent=1998"}],"curies":[{"name":"wp","href":"https:\/\/api.w.org\/{rel}","templated":true}]}}