{"id":2005,"date":"2018-06-06T17:04:13","date_gmt":"2018-06-06T15:04:13","guid":{"rendered":"http:\/\/wp-isite.urbiloglabs.fr\/?page_id=2005"},"modified":"2018-06-15T14:43:38","modified_gmt":"2018-06-15T12:43:38","slug":"appels-a-projets-hors-i-site","status":"publish","type":"page","link":"https:\/\/wp-isite.urbiloglabs.fr\/index.php\/fr\/appels-a-projets-hors-i-site\/","title":{"rendered":"Appels \u00e0 projets hors I-SITE"},"content":{"rendered":"<h3><strong>ANR<\/strong><\/h3>\n<ul>\n<li><a href=\"http:\/\/www.agence-nationale-recherche.fr\/financer-votre-projet\/appels-ouverts\/\" target=\"_blank\" rel=\"noopener\">Appels \u00e0 projets ANR en cours<\/a><\/li>\n<li><a href=\"http:\/\/www.horizon2020.gouv.fr\/cid129508\/appel-ouvert-en-continu-pour-le-montage-de-reseaux-scientifiques-europeens-et-internationaux.html\" target=\"_blank\" rel=\"noopener\">Appel ouvert de l&rsquo;ANR en continu pour les montage de r\u00e9seaux scientifiques internationaux<\/a><\/li>\n<\/ul>\n<h3>H2020<\/h3>\n<ul>\n<li><a href=\"http:\/\/www.horizon2020.gouv.fr\/cid77090\/tableau-des-appels-propositions-horizon-2020.html\" target=\"_blank\" rel=\"noopener\">Appels \u00e0 projets H2020<\/a><\/li>\n<li><a href=\"http:\/\/www.horizon2020.gouv.fr\/cid76878\/candidatures-erc-liens-documents-cles.html\" target=\"_blank\" rel=\"noopener\">Appels \u00e0 projets ERC<\/a><\/li>\n<\/ul>\n<h3>R\u00e9gion<\/h3>\n<ul>\n<li><a href=\"http:\/\/www.hautsdefrance.fr\/stars-de-recherche\/\" target=\"_blank\" rel=\"noopener\">Soutien \u00e0 l\u2019accueil de Talents de la Recherche Scientifique (STaRS)<\/a><\/li>\n<li><a href=\"http:\/\/guide-aides.hautsdefrance.fr\/spip.php?page=aide&amp;id_dispositif=697&amp;connect=opengrc\" target=\"_blank\" rel=\"noopener\">Soutien \u00e0 l\u2019animation de collectifs de recherche<\/a><\/li>\n<\/ul>\n<h3>MEL<\/h3>\n<ul>\n<li><a href=\"http:\/\/www.lillemetropole.fr\/mel\/institution\/competences\/economie-emploi\/universite-recherche-vie-etudian\/recherche\/attirer-les-talents.html\">Accueil de talents <\/a><\/li>\n<li><a href=\"http:\/\/www.lillemetropole.fr\/mel\/institution\/competences\/economie-emploi\/universite-recherche-vie-etudian\/recherche\/les-chaires-industrielles.html\" target=\"_blank\" rel=\"noopener\">Chaires industrielles<\/a><\/li>\n<li><a href=\"http:\/\/www.lillemetropole.fr\/mel\/institution\/competences\/economie-emploi\/universite-recherche-vie-etudian\/recherche\/valoriser-lexcellence--aide-au-m.html\" target=\"_blank\" rel=\"noopener\">Aide au montage ERC <\/a><\/li>\n<\/ul>\n","protected":false},"excerpt":{"rendered":"<p>ANR Appels \u00e0 projets ANR en cours Appel ouvert de l&rsquo;ANR en continu pour les montage de r\u00e9seaux scientifiques internationaux H2020 Appels \u00e0 projets H2020 Appels \u00e0 projets ERC R\u00e9gion Soutien \u00e0 l\u2019accueil de Talents de la Recherche Scientifique (STaRS) Soutien \u00e0 l\u2019animation de collectifs de recherche MEL Accueil de talents Chaires industrielles Aide au &hellip; <a href=\"https:\/\/wp-isite.urbiloglabs.fr\/index.php\/fr\/appels-a-projets-hors-i-site\/\" class=\"more-link\">Continuer la lecture<span class=\"screen-reader-text\"> de &laquo;&nbsp;Appels \u00e0 projets hors I-SITE&nbsp;&raquo;<\/span><\/a><\/p>\n","protected":false},"author":5,"featured_media":0,"parent":0,"menu_order":0,"comment_status":"closed","ping_status":"closed","template":"","meta":[],"_links":{"self":[{"href":"https:\/\/wp-isite.urbiloglabs.fr\/index.php\/wp-json\/wp\/v2\/pages\/2005"}],"collection":[{"href":"https:\/\/wp-isite.urbiloglabs.fr\/index.php\/wp-json\/wp\/v2\/pages"}],"about":[{"href":"https:\/\/wp-isite.urbiloglabs.fr\/index.php\/wp-json\/wp\/v2\/types\/page"}],"author":[{"embeddable":true,"href":"https:\/\/wp-isite.urbiloglabs.fr\/index.php\/wp-json\/wp\/v2\/users\/5"}],"replies":[{"embeddable":true,"href":"https:\/\/wp-isite.urbiloglabs.fr\/index.php\/wp-json\/wp\/v2\/comments?post=2005"}],"version-history":[{"count":1,"href":"https:\/\/wp-isite.urbiloglabs.fr\/index.php\/wp-json\/wp\/v2\/pages\/2005\/revisions"}],"predecessor-version":[{"id":2371,"href":"https:\/\/wp-isite.urbiloglabs.fr\/index.php\/wp-json\/wp\/v2\/pages\/2005\/revisions\/2371"}],"wp:attachment":[{"href":"https:\/\/wp-isite.urbiloglabs.fr\/index.php\/wp-json\/wp\/v2\/media?parent=2005"}],"curies":[{"name":"wp","href":"https:\/\/api.w.org\/{rel}","templated":true}]}}