{"id":2109,"date":"2018-06-11T14:14:14","date_gmt":"2018-06-11T12:14:14","guid":{"rendered":"http:\/\/wp-isite.urbiloglabs.fr\/?page_id=2109"},"modified":"2018-10-24T09:58:41","modified_gmt":"2018-10-24T07:58:41","slug":"laureats-erc-au-sein-du-consortium","status":"publish","type":"page","link":"https:\/\/wp-isite.urbiloglabs.fr\/index.php\/fr\/laureats-erc-au-sein-du-consortium\/","title":{"rendered":"Laur\u00e9ats ERC au sein du consortium"},"content":{"rendered":"<table style=\"height: 1033px; border-color: #e94e1d; width: 987px; border-style: solid;\" width=\"987\">\n<tbody>\n<tr style=\"background-color: #e94e00;\">\n<td style=\"width: 72px; text-align: center;\"><span style=\"color: #ffffff;\">DEBUT<\/span><\/td>\n<td style=\"width: 51px; text-align: center;\"><span style=\"color: #ffffff;\">FIN<\/span><\/td>\n<td style=\"width: 167px; text-align: center;\"><span style=\"color: #ffffff;\">Type de bourse<\/span><\/td>\n<td style=\"width: 157px; text-align: center;\"><span style=\"color: #ffffff;\">Nom du projet<\/span><\/td>\n<td style=\"width: 267px; text-align: center;\"><span style=\"color: #ffffff;\">Nom du laur\u00e9at<\/span><\/td>\n<td style=\"width: 187px; text-align: center;\"><span style=\"color: #ffffff;\">Laboratoire<\/span><\/td>\n<td style=\"width: 45px; text-align: center;\"><span style=\"color: #ffffff;\">Hub<\/span><\/td>\n<\/tr>\n<tr>\n<td style=\"width: 72px; text-align: center;\">2019<\/td>\n<td style=\"width: 51px; text-align: center;\"><\/td>\n<td style=\"width: 167px; text-align: center;\">Synergy Grant<\/td>\n<td style=\"width: 157px; text-align: center;\">Watch<\/td>\n<td style=\"width: 267px; text-align: center;\">Vincent PREVOT<\/td>\n<td style=\"width: 187px; text-align: center;\"><a href=\"http:\/\/crjpa.fr\/\">JPArc<\/a><\/td>\n<td style=\"width: 45px; text-align: center;\">sant\u00e9<\/td>\n<\/tr>\n<tr>\n<td style=\"width: 72px; text-align: center;\">2019<\/td>\n<td style=\"width: 51px; text-align: center;\">2024<\/td>\n<td style=\"width: 167px; text-align: center;\">Advanced Grant<\/td>\n<td style=\"width: 157px; text-align: center;\"><a href=\"https:\/\/cordis.europa.eu\/project\/rcn\/216507_en.html\" target=\"_blank\" rel=\"noopener\">TimeMan<\/a><\/td>\n<td style=\"width: 267px; text-align: center;\">Patrick CORDIER<\/td>\n<td style=\"width: 187px; text-align: center;\"><a href=\"http:\/\/umet.univ-lille1.fr\/\">UMET<\/a><\/td>\n<td style=\"width: 45px; text-align: center;\">plan\u00e8te<\/td>\n<\/tr>\n<tr>\n<td style=\"width: 72px; text-align: center;\">2017<\/td>\n<td style=\"width: 51px; text-align: center;\">2023<\/td>\n<td style=\"width: 167px; text-align: center;\">Consolidator Grant<\/td>\n<td style=\"width: 157px; text-align: center;\"><a href=\"https:\/\/cordis.europa.eu\/project\/rcn\/214735_en.html\">IONOS<\/a><\/td>\n<td style=\"width: 267px; text-align: center;\">Fabien ALIBART<\/td>\n<td style=\"width: 187px; text-align: center;\"><a href=\"http:\/\/www.iemn.fr\/\">IEMN<\/a><\/td>\n<td style=\"width: 45px; text-align: center;\">num\u00e9rique<\/td>\n<\/tr>\n<tr>\n<td style=\"width: 72px; text-align: center;\">2016<\/td>\n<td style=\"width: 51px; text-align: center;\">2022<\/td>\n<td style=\"width: 167px; text-align: center;\">Starting Grant<\/td>\n<td style=\"width: 157px; text-align: center;\"><a href=\"https:\/\/cordis.europa.eu\/project\/rcn\/207865_en.html\">REG-SEQ<\/a><\/td>\n<td style=\"width: 267px; text-align: center;\">Am\u00e9lie BONNEFOND<\/td>\n<td style=\"width: 187px; text-align: center;\"><a href=\"http:\/\/www.egid.fr\/accueil\/\">EGID<\/a><\/td>\n<td style=\"width: 45px; text-align: center;\">sant\u00e9<\/td>\n<\/tr>\n<tr>\n<td style=\"width: 72px; text-align: center;\">2009<\/td>\n<td style=\"width: 51px; text-align: center;\">2015<\/td>\n<td style=\"width: 167px; text-align: center;\">Starting Grant<\/td>\n<td style=\"width: 157px; text-align: center;\"><a href=\"https:\/\/cordis.europa.eu\/project\/rcn\/92675_en.html\">MiGRant<\/a><\/td>\n<td style=\"width: 267px; text-align: center;\">Jan RAMON<\/td>\n<td style=\"width: 187px; text-align: center;\"><a href=\"https:\/\/www.cristal.univ-lille.fr\/\">CRISTAL<\/a><\/td>\n<td style=\"width: 45px; text-align: center;\">num\u00e9rique<\/td>\n<\/tr>\n<tr>\n<td style=\"width: 72px; text-align: center;\">2016<\/td>\n<td style=\"width: 51px; text-align: center;\">2022<\/td>\n<td style=\"width: 167px; text-align: center;\">Consolidator Grant<\/td>\n<td style=\"width: 157px; text-align: center;\"><a href=\"https:\/\/cordis.europa.eu\/project\/rcn\/210151_en.html\">REPRODAMH<\/a><\/td>\n<td style=\"width: 267px; text-align: center;\">Paulo GIACOBINI<\/td>\n<td style=\"width: 187px; text-align: center;\"><a href=\"http:\/\/crjpa.fr\/\">JPArc<\/a><\/td>\n<td style=\"width: 45px; text-align: center;\">plan\u00e8te<\/td>\n<\/tr>\n<tr>\n<td style=\"width: 72px; text-align: center;\">2016<\/td>\n<td style=\"width: 51px; text-align: center;\">2018<\/td>\n<td style=\"width: 167px; text-align: center;\">Proof of concept<\/td>\n<td style=\"width: 157px; text-align: center;\"><a href=\"https:\/\/cordis.europa.eu\/project\/rcn\/205369_en.html\" target=\"_blank\" rel=\"noopener\">SOM<\/a><\/td>\n<td style=\"width: 267px; text-align: center;\">Jan RAMON<\/td>\n<td style=\"width: 187px; text-align: center;\"><a href=\"https:\/\/inria.fr\/centre\/lille\" target=\"_blank\" rel=\"noopener\">Inria Lille<\/a><\/td>\n<td style=\"width: 45px; text-align: center;\">num\u00e9rique<\/td>\n<\/tr>\n<tr>\n<td style=\"width: 72px; text-align: center;\">2015<\/td>\n<td style=\"width: 51px; text-align: center;\">2021<\/td>\n<td style=\"width: 167px; text-align: center;\">Advanced Grant<\/td>\n<td style=\"width: 157px; text-align: center;\"><a href=\"https:\/\/cordis.europa.eu\/project\/rcn\/204494_en.html\">IMMUNOBILE<\/a><\/td>\n<td style=\"width: 267px; text-align: center;\">Bart STAELS<\/td>\n<td style=\"width: 187px; text-align: center;\"><a href=\"http:\/\/www.egid.fr\/accueil\/\">EGID<\/a><\/td>\n<td style=\"width: 45px; text-align: center;\">sant\u00e9<\/td>\n<\/tr>\n<tr>\n<td style=\"width: 72px; text-align: center;\">2015<\/td>\n<td style=\"width: 51px; text-align: center;\">2020<\/td>\n<td style=\"width: 167px; text-align: center;\">Advanced Grant<\/td>\n<td style=\"width: 157px; text-align: center;\"><a href=\"https:\/\/cordis.europa.eu\/project\/rcn\/197451_en.html\">FIREBAR-CONCEPT<\/a><\/td>\n<td style=\"width: 267px; text-align: center;\">Serge BOURBIGOT<\/td>\n<td style=\"width: 187px; text-align: center;\"><a href=\"http:\/\/umet.univ-lille1.fr\/\">UMET<\/a><\/td>\n<td style=\"width: 45px; text-align: center;\">plan\u00e8te<\/td>\n<\/tr>\n<tr>\n<td style=\"width: 72px; text-align: center;\">2015<\/td>\n<td style=\"width: 51px; text-align: center;\">2020<\/td>\n<td style=\"width: 167px; text-align: center;\">Consolidator Grant<\/td>\n<td style=\"width: 157px; text-align: center;\"><a href=\"https:\/\/cordis.europa.eu\/project\/rcn\/198635_en.html\">NOVEL<\/a><\/td>\n<td style=\"width: 267px; text-align: center;\">Vincent CASTRIC<\/td>\n<td style=\"width: 187px; text-align: center;\"><a href=\"http:\/\/eep.univ-lille.fr\/\">EEP<\/a><\/td>\n<td style=\"width: 45px; text-align: center;\">plan\u00e8te<\/td>\n<\/tr>\n<tr>\n<td style=\"width: 72px; text-align: center;\">2015<\/td>\n<td style=\"width: 51px; text-align: center;\">2020<\/td>\n<td style=\"width: 167px; text-align: center;\">Consolidator Grant<\/td>\n<td style=\"width: 157px; text-align: center;\"><a href=\"https:\/\/cordis.europa.eu\/project\/rcn\/198179_en.html\">NANOBUBBLE<\/a><\/td>\n<td style=\"width: 267px; text-align: center;\">Kevin BRAECKMANS<\/td>\n<td style=\"width: 187px; text-align: center;\">IEMN PHLAM<\/td>\n<td style=\"width: 45px; text-align: center;\">num\u00e9rique<\/td>\n<\/tr>\n<tr>\n<td style=\"width: 72px; text-align: center;\">2014<\/td>\n<td style=\"width: 51px; text-align: center;\">2019<\/td>\n<td style=\"width: 167px; text-align: center;\">Starting Grant<\/td>\n<td style=\"width: 157px; text-align: center;\" width=\"140\"><a href=\"https:\/\/cordis.europa.eu\/project\/rcn\/109964_en.html\">QUANTHOM<\/a><\/td>\n<td style=\"width: 267px; text-align: center;\">Antoine GLORIA<\/td>\n<td style=\"width: 187px; text-align: center;\"><a href=\"https:\/\/inria.fr\/centre\/lille\" target=\"_blank\" rel=\"noopener\">Inria Lille<\/a><\/td>\n<td style=\"width: 45px; text-align: center;\">num\u00e9rique<\/td>\n<\/tr>\n<tr>\n<td style=\"width: 72px; text-align: center;\">2014<\/td>\n<td style=\"width: 51px; text-align: center;\">2019<\/td>\n<td style=\"width: 167px; text-align: center;\">Consolidator Grant<\/td>\n<td style=\"width: 157px; text-align: center;\"><a href=\"https:\/\/cordis.europa.eu\/project\/rcn\/185607_en.html\">MOTMELSUM<\/a><\/td>\n<td style=\"width: 267px; text-align: center;\">Raf CLUCKERS<\/td>\n<td style=\"width: 187px; text-align: center;\"><a href=\"https:\/\/math.univ-lille1.fr\/\">LPP<\/a><\/td>\n<td style=\"width: 45px; text-align: center;\">num\u00e9rique<\/td>\n<\/tr>\n<tr>\n<td style=\"width: 72px; text-align: center;\">2013<\/td>\n<td style=\"width: 51px; text-align: center;\">2019<\/td>\n<td style=\"width: 167px; text-align: center;\">Starting Grant<\/td>\n<td style=\"width: 157px; text-align: center;\"><a href=\"https:\/\/cordis.europa.eu\/project\/rcn\/109327_en.html\">UPTEG<\/a><\/td>\n<td style=\"width: 267px; text-align: center;\">Jean-Fran\u00e7ois ROBILLARD<\/td>\n<td style=\"width: 187px; text-align: center;\"><a href=\"http:\/\/www.iemn.fr\/\">IEMN<\/a><\/td>\n<td style=\"width: 45px; text-align: center;\">num\u00e9rique<\/td>\n<\/tr>\n<tr>\n<td style=\"width: 72px; text-align: center;\">2012<\/td>\n<td style=\"width: 51px; text-align: center;\">2013<\/td>\n<td style=\"width: 167px; text-align: center;\">Proof of Concept<\/td>\n<td style=\"width: 157px; text-align: center;\"><a href=\"https:\/\/cordis.europa.eu\/project\/rcn\/102633_en.html\">PROMISING<\/a><\/td>\n<td style=\"width: 267px; text-align: center;\">Bernard LEGRAND<\/td>\n<td style=\"width: 187px; text-align: center;\"><a href=\"http:\/\/www.iemn.fr\/\">IEMN<\/a><\/td>\n<td style=\"width: 45px; text-align: center;\">num\u00e9rique<\/td>\n<\/tr>\n<tr>\n<td style=\"width: 72px; text-align: center;\">2011<\/td>\n<td style=\"width: 51px; text-align: center;\">2017<\/td>\n<td style=\"width: 167px; text-align: center;\">Advanced Grant<\/td>\n<td style=\"width: 157px; text-align: center;\"><a href=\"https:\/\/cordis.europa.eu\/project\/rcn\/105825_en.html\">GEPIDIAB<\/a><\/td>\n<td style=\"width: 267px; text-align: center;\">Philippe FROGUEL<\/td>\n<td style=\"width: 187px; text-align: center;\"><a href=\"http:\/\/www.egid.fr\/accueil\/\">EGID<\/a><\/td>\n<td style=\"width: 45px; text-align: center;\">sant\u00e9<\/td>\n<\/tr>\n<tr>\n<td style=\"width: 72px; text-align: center;\">2011<\/td>\n<td style=\"width: 51px; text-align: center;\">2018<\/td>\n<td style=\"width: 167px; text-align: center;\">Advanced Grant<\/td>\n<td style=\"width: 157px; text-align: center;\"><a href=\"https:\/\/cordis.europa.eu\/project\/rcn\/102287_en.html\">RheoMan<\/a><\/td>\n<td style=\"width: 267px; text-align: center;\">Patrick CORDIER<\/td>\n<td style=\"width: 187px; text-align: center;\"><a href=\"http:\/\/umet.univ-lille1.fr\/\">UMET<\/a><\/td>\n<td style=\"width: 45px; text-align: center;\">plan\u00e8te<\/td>\n<\/tr>\n<tr>\n<td style=\"width: 72px; text-align: center;\">2010<\/td>\n<td style=\"width: 51px; text-align: center;\">2015<\/td>\n<td style=\"width: 167px; text-align: center;\">Starting Grant<\/td>\n<td style=\"width: 157px; text-align: center;\"><a href=\"https:\/\/cordis.europa.eu\/project\/rcn\/96945_fr.html\">INTRACELLTB<\/a><\/td>\n<td style=\"width: 267px; text-align: center;\">Priscille BRODIN<\/td>\n<td style=\"width: 187px; text-align: center;\"><a href=\"http:\/\/www.ciil.fr\/home\/\">CIIL<\/a><\/td>\n<td style=\"width: 45px; text-align: center;\">sant\u00e9<\/td>\n<\/tr>\n<tr>\n<td style=\"width: 72px; text-align: center;\">2009<\/td>\n<td style=\"width: 51px; text-align: center;\">2013<\/td>\n<td style=\"width: 167px; text-align: center;\">Starting Grant<\/td>\n<td style=\"width: 157px; text-align: center;\"><a href=\"https:\/\/cordis.europa.eu\/project\/rcn\/87646_en.html\">SMART<\/a><\/td>\n<td style=\"width: 267px; text-align: center;\">Bernard LEGRAND<\/td>\n<td style=\"width: 187px; text-align: center;\"><a href=\"http:\/\/www.iemn.fr\/\">IEMN<\/a><\/td>\n<td style=\"width: 45px; text-align: center;\">num\u00e9rique<\/td>\n<\/tr>\n<\/tbody>\n<\/table>\n","protected":false},"excerpt":{"rendered":"<p>DEBUT FIN Type de bourse Nom du projet Nom du laur\u00e9at Laboratoire Hub 2019 Synergy Grant Watch Vincent PREVOT JPArc sant\u00e9 2019 2024 Advanced Grant TimeMan Patrick CORDIER UMET plan\u00e8te 2017 2023 Consolidator Grant IONOS Fabien ALIBART IEMN num\u00e9rique 2016 2022 Starting Grant REG-SEQ Am\u00e9lie BONNEFOND EGID sant\u00e9 2009 2015 Starting Grant MiGRant Jan RAMON &hellip; <a href=\"https:\/\/wp-isite.urbiloglabs.fr\/index.php\/fr\/laureats-erc-au-sein-du-consortium\/\" class=\"more-link\">Continuer la lecture<span class=\"screen-reader-text\"> de &laquo;&nbsp;Laur\u00e9ats ERC au sein du consortium&nbsp;&raquo;<\/span><\/a><\/p>\n","protected":false},"author":2,"featured_media":0,"parent":0,"menu_order":0,"comment_status":"closed","ping_status":"closed","template":"","meta":[],"_links":{"self":[{"href":"https:\/\/wp-isite.urbiloglabs.fr\/index.php\/wp-json\/wp\/v2\/pages\/2109"}],"collection":[{"href":"https:\/\/wp-isite.urbiloglabs.fr\/index.php\/wp-json\/wp\/v2\/pages"}],"about":[{"href":"https:\/\/wp-isite.urbiloglabs.fr\/index.php\/wp-json\/wp\/v2\/types\/page"}],"author":[{"embeddable":true,"href":"https:\/\/wp-isite.urbiloglabs.fr\/index.php\/wp-json\/wp\/v2\/users\/2"}],"replies":[{"embeddable":true,"href":"https:\/\/wp-isite.urbiloglabs.fr\/index.php\/wp-json\/wp\/v2\/comments?post=2109"}],"version-history":[{"count":2,"href":"https:\/\/wp-isite.urbiloglabs.fr\/index.php\/wp-json\/wp\/v2\/pages\/2109\/revisions"}],"predecessor-version":[{"id":4046,"href":"https:\/\/wp-isite.urbiloglabs.fr\/index.php\/wp-json\/wp\/v2\/pages\/2109\/revisions\/4046"}],"wp:attachment":[{"href":"https:\/\/wp-isite.urbiloglabs.fr\/index.php\/wp-json\/wp\/v2\/media?parent=2109"}],"curies":[{"name":"wp","href":"https:\/\/api.w.org\/{rel}","templated":true}]}}