{"id":217,"date":"2018-02-05T16:54:02","date_gmt":"2018-02-05T15:54:02","guid":{"rendered":"http:\/\/wp-isite.urbiloglabs.fr\/?page_id=217"},"modified":"2019-03-29T15:51:39","modified_gmt":"2019-03-29T14:51:39","slug":"equipe-operationnelle","status":"publish","type":"page","link":"https:\/\/wp-isite.urbiloglabs.fr\/index.php\/fr\/equipe-operationnelle\/","title":{"rendered":"Equipe op\u00e9rationnelle"},"content":{"rendered":"<p><a href=\"mailto:dominique.pacot@wp-isite.urbiloglabs.fr\" target=\"_blank\" rel=\"noopener\">Dominique PACOT<\/a>, Secr\u00e9taire G\u00e9n\u00e9ral : 03 62 26 90 83<\/p>\n<p><a href=\"mailto:juliette.babilotte@wp-isite.urbiloglabs.fr\" target=\"_blank\" rel=\"noopener\">Juliette BABILOTTE<\/a>, Assistante de Direction : 03 62 26 90 81<\/p>\n<p><a href=\"mailto:antoine.besnehard@wp-isite.urbiloglabs.fr\" target=\"_blank\" rel=\"noopener\">Antoine BESNEHARD<\/a>, responsable innovation p\u00e9dagogique et num\u00e9rique :\u00a003 62 26 90 82<\/p>\n<p><a href=\"mailto:marie-claire.bilbault@wp-isite.urbiloglabs.fr\" target=\"_blank\" rel=\"noopener\">Marie-Claire BILBAULT<\/a>, responsable partenariats entreprises et innovation :\u00a0 03 62 26 90 86<\/p>\n<p><a href=\"mailto:scheherazade.boudaoud@wp-isite.urbiloglabs.fr\" target=\"_blank\" rel=\"noopener\">Sch\u00e9h\u00e9razade BOUDAOUD<\/a>, charg\u00e9e d&rsquo;affaires en recherche : 03 62 26 90 88<\/p>\n<p><a href=\"mailto:alexis.boulet@wp-isite.urbiloglabs.fr\" target=\"_blank\" rel=\"noopener\">Alexis BOULET<\/a>, charg\u00e9 de projets internationaux : 03 62 26 92 70<\/p>\n<p><a href=\"mailto:elodie.legrand@wp-isite.urbiloglabs.fr\" target=\"_blank\" rel=\"noopener\">Elodie LEGRAND<\/a>, responsable communication :\u00a003 62 26 90 84<\/p>\n<p><a href=\"mailto:france.merimee@wp-isite.urbiloglabs.fr\" target=\"_blank\" rel=\"noopener\">France M\u00c9RIM\u00c9E<\/a>, charg\u00e9e d&rsquo;affaires en recherche : 03 62 26 90 85<\/p>\n<p>Responsable administratif et financier : en cours de recrutement &#8211; 03 62 26 90 87<\/p>\n<p><a href=\"mailto:stephane.thys@wp-isite.urbiloglabs.fr\" target=\"_blank\" rel=\"noopener\">St\u00e9phane THYS<\/a>, responsable coop\u00e9ration internationale : 03 62 26 90 89<\/p>\n","protected":false},"excerpt":{"rendered":"<p>Dominique PACOT, Secr\u00e9taire G\u00e9n\u00e9ral : 03 62 26 90 83 Juliette BABILOTTE, Assistante de Direction : 03 62 26 90 81 Antoine BESNEHARD, responsable innovation p\u00e9dagogique et num\u00e9rique :\u00a003 62 26 90 82 Marie-Claire BILBAULT, responsable partenariats entreprises et innovation :\u00a0 03 62 26 90 86 Sch\u00e9h\u00e9razade BOUDAOUD, charg\u00e9e d&rsquo;affaires en recherche : 03 62 &hellip; <a href=\"https:\/\/wp-isite.urbiloglabs.fr\/index.php\/fr\/equipe-operationnelle\/\" class=\"more-link\">Continuer la lecture<span class=\"screen-reader-text\"> de &laquo;&nbsp;Equipe op\u00e9rationnelle&nbsp;&raquo;<\/span><\/a><\/p>\n","protected":false},"author":2,"featured_media":0,"parent":0,"menu_order":0,"comment_status":"closed","ping_status":"closed","template":"","meta":[],"_links":{"self":[{"href":"https:\/\/wp-isite.urbiloglabs.fr\/index.php\/wp-json\/wp\/v2\/pages\/217"}],"collection":[{"href":"https:\/\/wp-isite.urbiloglabs.fr\/index.php\/wp-json\/wp\/v2\/pages"}],"about":[{"href":"https:\/\/wp-isite.urbiloglabs.fr\/index.php\/wp-json\/wp\/v2\/types\/page"}],"author":[{"embeddable":true,"href":"https:\/\/wp-isite.urbiloglabs.fr\/index.php\/wp-json\/wp\/v2\/users\/2"}],"replies":[{"embeddable":true,"href":"https:\/\/wp-isite.urbiloglabs.fr\/index.php\/wp-json\/wp\/v2\/comments?post=217"}],"version-history":[{"count":12,"href":"https:\/\/wp-isite.urbiloglabs.fr\/index.php\/wp-json\/wp\/v2\/pages\/217\/revisions"}],"predecessor-version":[{"id":4545,"href":"https:\/\/wp-isite.urbiloglabs.fr\/index.php\/wp-json\/wp\/v2\/pages\/217\/revisions\/4545"}],"wp:attachment":[{"href":"https:\/\/wp-isite.urbiloglabs.fr\/index.php\/wp-json\/wp\/v2\/media?parent=217"}],"curies":[{"name":"wp","href":"https:\/\/api.w.org\/{rel}","templated":true}]}}