{"id":225,"date":"2018-02-06T11:50:48","date_gmt":"2018-02-06T10:50:48","guid":{"rendered":"http:\/\/wp-isite.urbiloglabs.fr\/?page_id=225"},"modified":"2018-03-28T10:45:20","modified_gmt":"2018-03-28T08:45:20","slug":"les-partenaires","status":"publish","type":"page","link":"https:\/\/wp-isite.urbiloglabs.fr\/index.php\/fr\/les-partenaires\/","title":{"rendered":"Les partenaires"},"content":{"rendered":"<p><span style=\"font-weight: 400;\"><h2>Des \u00e9tablissements d\u2019ESR et organismes de recherche<\/h2><p>L\u2019I-SITE ULNE b\u00e9n\u00e9ficie d\u2019un partenariat privil\u00e9gi\u00e9 avec la KU Leuven, et, dans sa vocation \u00e0 entra\u00eener l\u2019ensemble du territoire, est soutenu par diff\u00e9rents acteurs de l\u2019enseignement sup\u00e9rieur et de la recherche (ESR) en r\u00e9gion.<\/p><ul class=\"partenaires\"><li><a href=\"http:\/\/kuleuven.be\"><img src=\"https:\/\/wp-isite.urbiloglabs.fr\/\/wp-content\/uploads\/2018\/02\/kuleuven-2.png\" alt=\"vers le site KU Leuven\"\/><div class=\"overlay\"><h2>KU Leuven<\/h2><\/div><\/a><\/li><li><a href=\"http:\/\/www.univ-artois.fr\"><img src=\"https:\/\/wp-isite.urbiloglabs.fr\/\/wp-content\/uploads\/2018\/02\/univ-artois.png\" alt=\"vers le site Universit\u00e9 d'Artois\"\/><div class=\"overlay\"><h2>Universit\u00e9 d'Artois<\/h2><\/div><\/a><\/li><li><a href=\"http:\/\/www.univ-littoral.fr\"><img src=\"https:\/\/wp-isite.urbiloglabs.fr\/\/wp-content\/uploads\/2018\/02\/univ-littoral.png\" alt=\"vers le site Universit\u00e9 du Littoral C\u00f4te d\u2019Opale\"\/><div class=\"overlay\"><h2>Universit\u00e9 du Littoral C\u00f4te d\u2019Opale<\/h2><\/div><\/a><\/li><li><a href=\"https:\/\/www.uphf.fr\/\"><img src=\"https:\/\/wp-isite.urbiloglabs.fr\/wp-content\/uploads\/2018\/12\/uvhc2011_logo.gif\" alt=\"vers le site Universit\u00e9 Polytechnique Hauts-de-France\"\/><div class=\"overlay\"><h2>Universit\u00e9 Polytechnique Hauts-de-France<\/h2><\/div><\/a><\/li><li><a href=\"http:\/\/www.univ-catholille.fr\"><img src=\"https:\/\/wp-isite.urbiloglabs.fr\/\/wp-content\/uploads\/2018\/02\/univ-catholille.png\" alt=\"vers le site F\u00e9d\u00e9ration Universitaire et Polytechnique de Lille\"\/><div class=\"overlay\"><h2>F\u00e9d\u00e9ration Universitaire et Polytechnique de Lille<\/h2><\/div><\/a><\/li><li><a href=\"http:\/\/www.skema-bs.fr\"><img src=\"https:\/\/wp-isite.urbiloglabs.fr\/\/wp-content\/uploads\/2018\/02\/skema-bs-1.png\" alt=\"vers le site SKEMA business school\"\/><div class=\"overlay\"><h2>SKEMA business school<\/h2><\/div><\/a><\/li><li><a href=\"http:\/\/www.centreoscarlambret.fr\"><img src=\"https:\/\/wp-isite.urbiloglabs.fr\/\/wp-content\/uploads\/2018\/02\/centreoscarlambret.png\" alt=\"vers le site Centre Oscar Lambret\"\/><div class=\"overlay\"><h2>Centre Oscar Lambret<\/h2><\/div><\/a><\/li><li><a href=\"http:\/\/www.ifsttar.fr\"><img src=\"https:\/\/wp-isite.urbiloglabs.fr\/\/wp-content\/uploads\/2018\/02\/ifsttar.png\" alt=\"vers le site Institut fran\u00e7ais des sciences et technologies des transports, de l'am\u00e9nagement et des r\u00e9seaux\"\/><div class=\"overlay\"><h2>Institut fran\u00e7ais des sciences et technologies des transports, de l'am\u00e9nagement et des r\u00e9seaux<\/h2><\/div><\/a><\/li><li><a href=\"http:\/\/www.ifremer.fr\"><img src=\"https:\/\/wp-isite.urbiloglabs.fr\/\/wp-content\/uploads\/2018\/02\/ifremer.png\" alt=\"vers le site Institut fran\u00e7ais de recherche pour l'exploitation de la mer \"\/><div class=\"overlay\"><h2>Institut fran\u00e7ais de recherche pour l'exploitation de la mer <\/h2><\/div><\/a><\/li><li><a href=\"http:\/\/www.onera.fr\"><img src=\"https:\/\/wp-isite.urbiloglabs.fr\/\/wp-content\/uploads\/2018\/02\/onera.png\" alt=\"vers le site Office national d'\u00e9tudes et de recherches a\u00e9rospatiales\"\/><div class=\"overlay\"><h2>Office national d'\u00e9tudes et de recherches a\u00e9rospatiales<\/h2><\/div><\/a><\/li><li><a href=\"https:\/\/www.ineris.fr\/fr\"><img src=\"https:\/\/wp-isite.urbiloglabs.fr\/wp-content\/uploads\/2018\/07\/Ineris-logo.jpg\" alt=\"vers le site Institut national de l'environnement industriel et des risques\"\/><div class=\"overlay\"><h2>Institut national de l'environnement industriel et des risques<\/h2><\/div><\/a><\/li><li><a href=\"https:\/\/www.ugent.be\/\"><img src=\"https:\/\/wp-isite.urbiloglabs.fr\/wp-content\/uploads\/2018\/10\/UnivGent.jpg\" alt=\"vers le site Universiteit Gent\"\/><div class=\"overlay\"><h2>Universiteit Gent<\/h2><\/div><\/a><\/li><li><a href=\"https:\/\/www.kent.ac.uk\/\"><img src=\"https:\/\/wp-isite.urbiloglabs.fr\/wp-content\/uploads\/2018\/10\/UniKent.jpg\" alt=\"vers le site University of Kent\"\/><div class=\"overlay\"><h2>University of Kent<\/h2><\/div><\/a><\/li><\/ul><h2>Des Collectivit\u00e9s<\/h2><p><\/p><ul class=\"partenaires\"><li><a href=\"http:\/\/www.hautsdefrance.fr\"><img src=\"https:\/\/wp-isite.urbiloglabs.fr\/\/wp-content\/uploads\/2018\/02\/Logo-Re\u0301gion-HDF-partenaire-300x67-1.jpg\" alt=\"vers le site Conseil R\u00e9gional des Hauts-de- France\t\"\/><div class=\"overlay\"><h2>Conseil R\u00e9gional des Hauts-de- France\t<\/h2><\/div><\/a><\/li><li><a href=\"http:\/\/www.lillemetropole.fr\"><img src=\"https:\/\/wp-isite.urbiloglabs.fr\/\/wp-content\/uploads\/2018\/02\/MEL_WEB-300x72-1.jpg\" alt=\"vers le site M\u00e9tropole Europ\u00e9enne de Lille\"\/><div class=\"overlay\"><h2>M\u00e9tropole Europ\u00e9enne de Lille<\/h2><\/div><\/a><\/li><\/ul><h2>Et 190 entreprises<\/h2><p><\/p><\/span><\/p>\n","protected":false},"excerpt":{"rendered":"","protected":false},"author":2,"featured_media":0,"parent":0,"menu_order":0,"comment_status":"closed","ping_status":"closed","template":"","meta":[],"_links":{"self":[{"href":"https:\/\/wp-isite.urbiloglabs.fr\/index.php\/wp-json\/wp\/v2\/pages\/225"}],"collection":[{"href":"https:\/\/wp-isite.urbiloglabs.fr\/index.php\/wp-json\/wp\/v2\/pages"}],"about":[{"href":"https:\/\/wp-isite.urbiloglabs.fr\/index.php\/wp-json\/wp\/v2\/types\/page"}],"author":[{"embeddable":true,"href":"https:\/\/wp-isite.urbiloglabs.fr\/index.php\/wp-json\/wp\/v2\/users\/2"}],"replies":[{"embeddable":true,"href":"https:\/\/wp-isite.urbiloglabs.fr\/index.php\/wp-json\/wp\/v2\/comments?post=225"}],"version-history":[{"count":29,"href":"https:\/\/wp-isite.urbiloglabs.fr\/index.php\/wp-json\/wp\/v2\/pages\/225\/revisions"}],"predecessor-version":[{"id":1107,"href":"https:\/\/wp-isite.urbiloglabs.fr\/index.php\/wp-json\/wp\/v2\/pages\/225\/revisions\/1107"}],"wp:attachment":[{"href":"https:\/\/wp-isite.urbiloglabs.fr\/index.php\/wp-json\/wp\/v2\/media?parent=225"}],"curies":[{"name":"wp","href":"https:\/\/api.w.org\/{rel}","templated":true}]}}