{"id":233,"date":"2018-02-06T12:00:50","date_gmt":"2018-02-06T11:00:50","guid":{"rendered":"http:\/\/wp-isite.urbiloglabs.fr\/?page_id=233"},"modified":"2019-04-09T09:51:53","modified_gmt":"2019-04-09T07:51:53","slug":"conseil-dadministration","status":"publish","type":"page","link":"https:\/\/wp-isite.urbiloglabs.fr\/index.php\/fr\/conseil-dadministration\/","title":{"rendered":"Conseil d&rsquo;Administration"},"content":{"rendered":"<p>Il est compos\u00e9 de 18 membres :<\/p>\n<p>&#8211; 12 au titre des fondateurs initiaux :<\/p>\n<ul>\n<li>Jean-Christophe Camart, Pr\u00e9sident <a href=\"https:\/\/www.univ-lille.fr\/\" target=\"_blank\" rel=\"noopener\">Universit\u00e9 de Lille<\/a><\/li>\n<li>Nicolas Postel, VP Strat\u00e9gie et prospective <a href=\"https:\/\/www.univ-lille.fr\/\" target=\"_blank\" rel=\"noopener\">Universit\u00e9 de Lille<\/a><\/li>\n<li>Lynne Franji\u00e9, VP Formation <a href=\"https:\/\/www.univ-lille.fr\/\" target=\"_blank\" rel=\"noopener\">Universit\u00e9 de Lille<\/a><\/li>\n<li>Pierre Mathiot, Coordinateur du Collegium des Grandes Ecoles de Lille<\/li>\n<li>Emmanuel Duflos, Directeur de <a href=\"http:\/\/centralelille.fr\/\" target=\"_blank\" rel=\"noopener\">Centrale Lille<\/a><\/li>\n<li>Nicolas ARNAUD,\u00a0<span class=\"st\"> Directeur Scientifique R\u00e9f\u00e9rent pour le site Lillois (<a href=\"http:\/\/www.cnrs.fr\/fr\/page-daccueil\" target=\"_blank\" rel=\"noopener\">CNRS<\/a>)<\/span><\/li>\n<li>Isabelle Herlin, Directrice du <a href=\"https:\/\/www.inria.fr\/centre\/lille\" target=\"_blank\" rel=\"noopener\">Centre Inria Lille Nord-Europe<\/a><\/li>\n<li>Samir Ould Ali, D\u00e9l\u00e9gu\u00e9 R\u00e9gional <a href=\"http:\/\/www.nord-ouest.inserm.fr\/\" target=\"_blank\" rel=\"noopener\">Inserm Nord-Ouest<\/a><\/li>\n<li>Fr\u00e9d\u00e9ric Boiron, Directeur du <a href=\"http:\/\/www.chru-lille.fr\/\" target=\"_blank\" rel=\"noopener\">CHU de Lille<\/a><\/li>\n<li>Benoit Deprez, Conseiller scientifique de l\u2019<a href=\"https:\/\/www.pasteur-lille.fr\/accueil\/\" target=\"_blank\" rel=\"noopener\">Institut Pasteur de Lille<\/a><\/li>\n<\/ul>\n<p><em>repr\u00e9sentants des personnels\u00a0:<\/em><\/p>\n<ul>\n<li>Olivier Bou Matar, Professeur \u00e0 <a href=\"http:\/\/centralelille.fr\/\" target=\"_blank\" rel=\"noopener\">Centrale Lille<\/a><\/li>\n<li>Isabelle De Waele, Responsable du Centre Commun de Mesure en spectrom\u00e9trie IRTF, <a href=\"https:\/\/www.univ-lille.fr\/\" target=\"_blank\" rel=\"noopener\">Universit\u00e9 de Lille<\/a><\/li>\n<\/ul>\n<p>&#8211; 6 personnalit\u00e9s qualifi\u00e9es d\u00e9sign\u00e9es par le Conseil d\u2019administration, sur proposition du Pr\u00e9sident, en raison de leurs comp\u00e9tences dans les domaines d\u2019activit\u00e9 de la Fondation et de leurs liens avec le projet\u00a0:<\/p>\n<ul>\n<li>Alexandre Abad, Directeur R&amp;D chez <a href=\"https:\/\/www.decathlon.fr\/\" target=\"_blank\" rel=\"noopener\">Decathlon<\/a><\/li>\n<li>Damien Castelain, Pr\u00e9sident de la <a href=\"http:\/\/www.lillemetropole.fr\/mel.html\" target=\"_blank\" rel=\"noopener\">M\u00e9tropole Europ\u00e9enne de Lille<\/a><\/li>\n<li>Gilberte Chambaud, Professeur \u00e9m\u00e9rite de Chimie \u00e0 l\u2019<a href=\"http:\/\/www.u-pem.fr\/\" target=\"_blank\" rel=\"noopener\">Universit\u00e9 de Marne-la-Vall\u00e9e<\/a><\/li>\n<li>Piet Desmet, Vice-Recteur de la <a href=\"https:\/\/www.kuleuven.be\/kuleuven\/\" target=\"_blank\" rel=\"noopener\">KU Leuven<\/a>, Recteur de la <a href=\"https:\/\/www.kuleuven-kulak.be\/en\/\" target=\"_blank\" rel=\"noopener\">Kulak<\/a><\/li>\n<li>Nicolas Lebas, Vice-Pr\u00e9sident de la R\u00e9gion des <a href=\"http:\/\/www.hautsdefrance.fr\/\" target=\"_blank\" rel=\"noopener\">Hauts-de-France<\/a><\/li>\n<li>Lesley Wilson, Secr\u00e9taire G\u00e9n\u00e9rale \u00e0 la <a href=\"http:\/\/www.eua.be\/\" target=\"_blank\" rel=\"noopener\">European University Association (EUA)<\/a><\/li>\n<\/ul>\n","protected":false},"excerpt":{"rendered":"<p>Il est compos\u00e9 de 18 membres : &#8211; 12 au titre des fondateurs initiaux : Jean-Christophe Camart, Pr\u00e9sident Universit\u00e9 de Lille Nicolas Postel, VP Strat\u00e9gie et prospective Universit\u00e9 de Lille Lynne Franji\u00e9, VP Formation Universit\u00e9 de Lille Pierre Mathiot, Coordinateur du Collegium des Grandes Ecoles de Lille Emmanuel Duflos, Directeur de Centrale Lille Nicolas ARNAUD,\u00a0 &hellip; <a href=\"https:\/\/wp-isite.urbiloglabs.fr\/index.php\/fr\/conseil-dadministration\/\" class=\"more-link\">Continuer la lecture<span class=\"screen-reader-text\"> de &laquo;&nbsp;Conseil d&rsquo;Administration&nbsp;&raquo;<\/span><\/a><\/p>\n","protected":false},"author":2,"featured_media":0,"parent":0,"menu_order":0,"comment_status":"closed","ping_status":"closed","template":"","meta":[],"_links":{"self":[{"href":"https:\/\/wp-isite.urbiloglabs.fr\/index.php\/wp-json\/wp\/v2\/pages\/233"}],"collection":[{"href":"https:\/\/wp-isite.urbiloglabs.fr\/index.php\/wp-json\/wp\/v2\/pages"}],"about":[{"href":"https:\/\/wp-isite.urbiloglabs.fr\/index.php\/wp-json\/wp\/v2\/types\/page"}],"author":[{"embeddable":true,"href":"https:\/\/wp-isite.urbiloglabs.fr\/index.php\/wp-json\/wp\/v2\/users\/2"}],"replies":[{"embeddable":true,"href":"https:\/\/wp-isite.urbiloglabs.fr\/index.php\/wp-json\/wp\/v2\/comments?post=233"}],"version-history":[{"count":12,"href":"https:\/\/wp-isite.urbiloglabs.fr\/index.php\/wp-json\/wp\/v2\/pages\/233\/revisions"}],"predecessor-version":[{"id":4615,"href":"https:\/\/wp-isite.urbiloglabs.fr\/index.php\/wp-json\/wp\/v2\/pages\/233\/revisions\/4615"}],"wp:attachment":[{"href":"https:\/\/wp-isite.urbiloglabs.fr\/index.php\/wp-json\/wp\/v2\/media?parent=233"}],"curies":[{"name":"wp","href":"https:\/\/api.w.org\/{rel}","templated":true}]}}