{"id":237,"date":"2018-02-06T13:13:03","date_gmt":"2018-02-06T12:13:03","guid":{"rendered":"http:\/\/wp-isite.urbiloglabs.fr\/?page_id=237"},"modified":"2018-06-12T10:12:55","modified_gmt":"2018-06-12T08:12:55","slug":"conseil-scientifique","status":"publish","type":"page","link":"https:\/\/wp-isite.urbiloglabs.fr\/index.php\/fr\/conseil-scientifique\/","title":{"rendered":"Conseil scientifique"},"content":{"rendered":"<p>Il est constitu\u00e9 de neuf personnalit\u00e9s scientifiques fran\u00e7aises et \u00e9trang\u00e8res de renom, ext\u00e9rieures \u00e0 la Fondation.<\/p>\n","protected":false},"excerpt":{"rendered":"<p>Il est constitu\u00e9 de neuf personnalit\u00e9s scientifiques fran\u00e7aises et \u00e9trang\u00e8res de renom, ext\u00e9rieures \u00e0 la Fondation.<\/p>\n","protected":false},"author":2,"featured_media":0,"parent":0,"menu_order":0,"comment_status":"closed","ping_status":"closed","template":"","meta":[],"_links":{"self":[{"href":"https:\/\/wp-isite.urbiloglabs.fr\/index.php\/wp-json\/wp\/v2\/pages\/237"}],"collection":[{"href":"https:\/\/wp-isite.urbiloglabs.fr\/index.php\/wp-json\/wp\/v2\/pages"}],"about":[{"href":"https:\/\/wp-isite.urbiloglabs.fr\/index.php\/wp-json\/wp\/v2\/types\/page"}],"author":[{"embeddable":true,"href":"https:\/\/wp-isite.urbiloglabs.fr\/index.php\/wp-json\/wp\/v2\/users\/2"}],"replies":[{"embeddable":true,"href":"https:\/\/wp-isite.urbiloglabs.fr\/index.php\/wp-json\/wp\/v2\/comments?post=237"}],"version-history":[{"count":2,"href":"https:\/\/wp-isite.urbiloglabs.fr\/index.php\/wp-json\/wp\/v2\/pages\/237\/revisions"}],"predecessor-version":[{"id":1234,"href":"https:\/\/wp-isite.urbiloglabs.fr\/index.php\/wp-json\/wp\/v2\/pages\/237\/revisions\/1234"}],"wp:attachment":[{"href":"https:\/\/wp-isite.urbiloglabs.fr\/index.php\/wp-json\/wp\/v2\/media?parent=237"}],"curies":[{"name":"wp","href":"https:\/\/api.w.org\/{rel}","templated":true}]}}