{"id":241,"date":"2018-02-06T13:16:24","date_gmt":"2018-02-06T12:16:24","guid":{"rendered":"http:\/\/wp-isite.urbiloglabs.fr\/?page_id=241"},"modified":"2019-05-21T12:01:23","modified_gmt":"2019-05-21T10:01:23","slug":"equipe-de-coordination","status":"publish","type":"page","link":"https:\/\/wp-isite.urbiloglabs.fr\/index.php\/fr\/equipe-de-coordination\/","title":{"rendered":"Equipe de coordination \/ bureaux des hubs"},"content":{"rendered":"<p>Une \u00e9quipe de coordination est en place afin d\u2019assister le DG et d\u2019agir en expert au quotidien pour l\u2019organisation et la mise en \u0153uvre des op\u00e9rations de l\u2019I-SITE.<\/p>\n<table style=\"width: 100%; border-collapse: collapse;\">\n<tbody>\n<tr>\n<td style=\"width: 13.8504%;\"><img loading=\"lazy\" class=\"alignleft size-full wp-image-4139\" src=\"https:\/\/wp-isite.urbiloglabs.fr\/wp-content\/uploads\/2018\/11\/pattou.jpg\" alt=\"\" width=\"150\" height=\"225\" \/><\/td>\n<td style=\"width: 32.5374%;\">Hub \u00ab\u00a0Sant\u00e9 de pr\u00e9cision\u00a0\u00bb : <a href=\"mailto:francois.pattou@univ-lille2.fr\" target=\"_blank\" rel=\"noopener\">Fran\u00e7ois Pattou<\/a>, Professeur de chirurgie \u00e0 l\u2019<a href=\"https:\/\/www.univ-lille.fr\/\" target=\"_blank\" rel=\"noopener\">Universit\u00e9 de Lille<\/a> ;<\/td>\n<td style=\"width: 2.82316%;\"><\/td>\n<td style=\"width: 14.619%;\"><img loading=\"lazy\" class=\"alignleft size-full wp-image-4145\" src=\"https:\/\/wp-isite.urbiloglabs.fr\/wp-content\/uploads\/2018\/11\/duflos.jpg\" alt=\"\" width=\"150\" height=\"225\" \/><\/td>\n<td style=\"width: 82.0034%;\">Innovation p\u00e9dagogique : <a href=\"mailto:emmanuel.duflos@centralelille.fr\" target=\"_blank\" rel=\"noopener\">Emmanuel Duflos<\/a>, Professeur de traitement statistique du signal et d\u2019informatique \u00e0 <a href=\"http:\/\/centralelille.fr\/\" target=\"_blank\" rel=\"noopener\">Centrale Lille<\/a>\u00a0;<\/td>\n<\/tr>\n<tr>\n<td style=\"width: 13.8504%;\"><img loading=\"lazy\" class=\"alignleft size-full wp-image-4142\" src=\"https:\/\/wp-isite.urbiloglabs.fr\/wp-content\/uploads\/2018\/11\/dumeignil.jpg\" alt=\"\" width=\"150\" height=\"225\" \/><\/td>\n<td style=\"width: 32.5374%;\">Hub \u00ab\u00a0Plan\u00e8te\u00a0\u00bb : <a href=\"mailto:franck.dumeignil@univ-lille1.fr\" target=\"_blank\" rel=\"noopener\">Franck Dumeignil<\/a>, Professeur de chimie \u00e0 l\u2019<a href=\"https:\/\/www.univ-lille.fr\/\" target=\"_blank\" rel=\"noopener\">Universit\u00e9 de Lille<\/a> ;<\/td>\n<td style=\"width: 2.82316%;\"><\/td>\n<td style=\"width: 14.619%;\"><img loading=\"lazy\" class=\"alignleft size-full wp-image-4146\" src=\"https:\/\/wp-isite.urbiloglabs.fr\/wp-content\/uploads\/2018\/11\/tison.jpg\" alt=\"\" width=\"150\" height=\"225\" \/><\/td>\n<td style=\"width: 82.0034%;\">D\u00e9veloppement des relations avec le monde socio-\u00e9conomique : <a href=\"mailto:sophie.tison@wp-isite.urbiloglabs.fr\" target=\"_blank\" rel=\"noopener\">Sophie Tison<\/a>, Professeure d\u2019informatique \u00e0 l\u2019<a href=\"https:\/\/www.univ-lille.fr\/\" target=\"_blank\" rel=\"noopener\">Universit\u00e9 de Lille<\/a> ;<\/td>\n<\/tr>\n<tr>\n<td style=\"width: 13.8504%;\"><img loading=\"lazy\" class=\"alignleft size-full wp-image-4143\" src=\"https:\/\/wp-isite.urbiloglabs.fr\/wp-content\/uploads\/2018\/11\/coello.jpg\" alt=\"\" width=\"150\" height=\"225\" \/><\/td>\n<td style=\"width: 32.5374%;\">Hub \u00ab\u00a0Monde num\u00e9rique\u00a0\u00bb : <a href=\"mailto:yann.coello@univ-lille3.fr\" target=\"_blank\" rel=\"noopener\">Yann Coello<\/a>, Professeur de psychologie \u00e0 l\u2019<a href=\"https:\/\/www.univ-lille.fr\/\" target=\"_blank\" rel=\"noopener\">Universit\u00e9 de Lille<\/a> ;<\/td>\n<td style=\"width: 2.82316%;\"><\/td>\n<td style=\"width: 14.619%;\"><img loading=\"lazy\" class=\"alignleft size-full wp-image-4147\" src=\"https:\/\/wp-isite.urbiloglabs.fr\/wp-content\/uploads\/2018\/11\/oconnor.jpg\" alt=\"\" width=\"150\" height=\"225\" \/><\/td>\n<td style=\"width: 82.0034%;\">D\u00e9veloppement des relations internationales : <a href=\"mailto:kathleen.oconnor@univ-lille3.fr\" target=\"_blank\" rel=\"noopener\">Kathleen O\u2019Connor<\/a>, Ma\u00eetre de Conf\u00e9rences de linguistique anglaise \u00e0 l\u2019<a href=\"https:\/\/www.univ-lille.fr\/\" target=\"_blank\" rel=\"noopener\">Universit\u00e9 de Lille<\/a>.<\/td>\n<\/tr>\n<\/tbody>\n<\/table>\n<p>Pour chacun des hubs, les coordinateurs s\u2019appuient sur des \u00ab bureaux des hubs\u00a0\u00bb, qui contribuent \u00e0 pr\u00e9parer les actions des hubs.<\/p>\n<h4>Hub \u00ab\u00a0Sant\u00e9 de pr\u00e9cision\u00a0\u00bb\u00a0:<\/h4>\n<ul>\n<li>Coordinateur\u00a0: Fran\u00e7ois Pattou, Professeur de chirurgie \u00e0 l\u2019<a href=\"https:\/\/www.univ-lille.fr\/\" target=\"_blank\" rel=\"noopener\">Universit\u00e9 de Lille<\/a>\u00a0;<\/li>\n<li>Philippe Amouyel, Coordinateur scientifique du <a href=\"http:\/\/distalz.univ-lille2.fr\/\" target=\"_blank\" rel=\"noopener\">LabEx Distalz<\/a>\u00a0;<\/li>\n<li>Luc Bu\u00e9e, Vice-doyen charg\u00e9 de la recherche \u00e0 la <a href=\"http:\/\/medecine.univ-lille.fr\/bienvenue\/?L=914\" target=\"_blank\" rel=\"noopener\">Facult\u00e9 de M\u00e9decine de Lille<\/a> ;<\/li>\n<li>V\u00e9ronique Christophe, laboratoire <a href=\"http:\/\/www.scalab.cnrs.fr\/index.php\/fr\/\" target=\"_blank\" rel=\"noopener\">Sciences Cognitives &amp; Sciences Affectives (SCALab<\/a>) ;<\/li>\n<li>Benoit Deprez, Conseiller scientifique de l\u2019<a href=\"https:\/\/www.pasteur-lille.fr\/accueil\/\" target=\"_blank\" rel=\"noopener\">Institut Pasteur de Lille<\/a> ;<\/li>\n<li>Philippe Froguel, Coordinateur scientifique du <a href=\"http:\/\/www.egid.fr\/accueil\/\" target=\"_blank\" rel=\"noopener\">LabEx EGID<\/a>\u00a0;<\/li>\n<li>Fr\u00e9d\u00e9ric Gottrand, <a href=\"http:\/\/www.chru-lille.fr\/\" target=\"_blank\" rel=\"noopener\">CHU de Lille<\/a>\u00a0;<\/li>\n<li>David Launay, Comit\u00e9 de recherche en mati\u00e8re biom\u00e9dicale et de sant\u00e9 publique (CRBSP) ;<\/li>\n<li>Lionel Montagne, Vice-Pr\u00e9sident Recherche \u00e0 l&rsquo;<a href=\"https:\/\/www.univ-lille.fr\/\" target=\"_blank\" rel=\"noopener\">Universit\u00e9 de Lille<\/a> ;<\/li>\n<li>Philippe Pernod,\u00a0Directeur de la recherche\u00a0et de la valorisation de <a href=\"http:\/\/centralelille.fr\/\" target=\"_blank\" rel=\"noopener\">Centrale Lille<\/a> ;<\/li>\n<li>Bernard Sablonni\u00e8re, Directeur de l\u2019<a href=\"http:\/\/edbsl.univ-lille2.fr\/\" target=\"_blank\" rel=\"noopener\">Ecole Doctorale Biologie Sant\u00e9 ;<\/a><\/li>\n<li>Patrick Vermersch, <a href=\"http:\/\/www.chru-lille.fr\/\" target=\"_blank\" rel=\"noopener\">CHU de Lille<\/a>.<\/li>\n<\/ul>\n<h4>Hub\u00a0\u00ab\u00a0Plan\u00e8te\u00a0\u00bb :<\/h4>\n<ul>\n<li>Coordinateur\u00a0: Franck Dumeignil, Professeur de chimie \u00e0 l\u2019<a href=\"https:\/\/www.univ-lille.fr\/\" target=\"_blank\" rel=\"noopener\">Universit\u00e9 de Lille<\/a>\u00a0;<\/li>\n<li>Martine Benoit, Directrice de la <a href=\"https:\/\/www.meshs.fr\/\" target=\"_blank\" rel=\"noopener\">Maison Europ\u00e9enne des Sciences de l&rsquo;Homme et de la Soci\u00e9t\u00e9 (MESHS)<\/a>\u00a0;<\/li>\n<li>Philippe Carrez, Professeur de Chimie \u00e0 l\u2019<a href=\"https:\/\/www.univ-lille.fr\/\" target=\"_blank\" rel=\"noopener\">Universit\u00e9 de Lille<\/a>\u00a0;<\/li>\n<li>Jo\u00ebl Cuguen, Directeur de l\u2019<a href=\"http:\/\/edsmre.univ-lille1.fr\/\" target=\"_blank\" rel=\"noopener\">\u00c9cole Doctorale des Sciences de la Mati\u00e8re, du Rayonnement et de l\u2019Environnement<\/a>\u00a0;<\/li>\n<li>Taniel Danelian, Directeur-Adjoint de l\u2019<a href=\"http:\/\/irepse.univ-lille.fr\/\" target=\"_blank\" rel=\"noopener\">Institut de Recherches Pluridisciplinaires en Sciences de l&rsquo; Environnement<\/a> ;<\/li>\n<li>Sophie Duquesne, Professeur \u00e0 l&rsquo;<a href=\"http:\/\/www.ensc-lille.fr\/\" target=\"_blank\" rel=\"noopener\">\u00c9cole Nationale Sup\u00e9rieure de Chimie (ENSCL)<\/a> ;<\/li>\n<li>Th\u00e9r\u00e8se Huet, Directrice adjointe du laboratoire de <a href=\"http:\/\/www.phlam.univ-lille1.fr\/\" target=\"_blank\" rel=\"noopener\">Physique des Lasers, Atomes et Mol\u00e9cules (PhLAM)<\/a>\u00a0;<\/li>\n<li>Lionel Montagne, Vice-Pr\u00e9sident Recherche \u00e0 l&rsquo;<a href=\"https:\/\/www.univ-lille.fr\/\" target=\"_blank\" rel=\"noopener\">Universit\u00e9 de Lille<\/a> \/ Clarisse Dhaenens, Vice-Pr\u00e9sidente Recherche Secteur Sciences et Technologies \u00e0\u00a0l&rsquo;<a href=\"https:\/\/www.univ-lille.fr\/\" target=\"_blank\" rel=\"noopener\">Universit\u00e9 de Lille<\/a> \/ Guy Buntinx, Directeur de la <a href=\"http:\/\/chevreul.univ-lille1.fr\/\" target=\"_blank\" rel=\"noopener\">F\u00e9d\u00e9ration Chevreul<\/a> ;<\/li>\n<li>Philippe Pernod,\u00a0Directeur de la recherche\u00a0et de la valorisation de l\u2019\u00c9cole <a href=\"http:\/\/centralelille.fr\/\" target=\"_blank\" rel=\"noopener\">Centrale de Lille<\/a> ;<\/li>\n<li>Denis Petitprez, Coordinateur scientifique du <a href=\"http:\/\/www.labex-cappa.fr\/\" target=\"_blank\" rel=\"noopener\">LabEx CAPPA<\/a>\u00a0;<\/li>\n<li>Murielle Rivenet,\u00a0Ma\u00eetre de Conf\u00e9rences \u00e0 l\u2019<a href=\"http:\/\/www.ensc-lille.fr\/\" target=\"_blank\" rel=\"noopener\">Ecole Nationale Sup\u00e9rieure de Chimie de Lille (ENSCL)<\/a>.<\/li>\n<\/ul>\n<h4>Hub \u00ab\u00a0Monde num\u00e9rique\u00a0\u00bb\u00a0:<\/h4>\n<ul>\n<li>Coordinateur\u00a0: Yann Coello, Professeur de psychologie \u00e0 l\u2019<a href=\"https:\/\/www.univ-lille.fr\/\" target=\"_blank\" rel=\"noopener\">Universit\u00e9 de Lille<\/a>\u00a0;<\/li>\n<li>Stephan de Bievre, Professeur de math\u00e9matiques, Coordinateur scientifique du <a href=\"http:\/\/math.univ-lille1.fr\/~cempi\/\" target=\"_blank\" rel=\"noopener\">LabEx CEMPI<\/a>\u00a0;<\/li>\n<li>Olivier Colot, Directeur du <a href=\"https:\/\/cristal.univ-lille.fr\/\" target=\"_blank\" rel=\"noopener\"><span class=\"st\">Centre de Recherche en Informatique, Signal et automatique de Lille (CRIStAL) ;<\/span><\/a><\/li>\n<li>Clarisse Dhaenens, Professeur d&rsquo;informatique \u00e0 l\u2019<a href=\"https:\/\/www.univ-lille.fr\/\" target=\"_blank\" rel=\"noopener\">Universit\u00e9 de Lille,\u00a0<\/a>Directrice adjointe du <a href=\"https:\/\/cristal.univ-lille.fr\/\" target=\"_blank\" rel=\"noopener\"><span class=\"st\">Centre de Recherche en Informatique, Signal et automatique de Lille (CRIStAL)<\/span><\/a><span class=\"st\"> (suppl\u00e9ante : Betty Semail, Professeure en g\u00e9nie \u00e9lectrique, Directrice du <a href=\"http:\/\/l2ep.univ-lille1.fr\/\" target=\"_blank\" rel=\"noopener\">Laboratoire d&rsquo;Electrotechnique et d&rsquo;Electronique de Puissance de Lille (L2EP<\/a>) <\/span>;<\/li>\n<li>Christophe Delerue, Directeur de recherche CNRS \u00e0 l&rsquo;<a href=\"https:\/\/www.iemn.fr\/\" target=\"_blank\" rel=\"noopener\"><span data-original-name=\"Institut d'\u00e9lectronique de micro\u00e9lectronique et de nanotechnologie\">Institut d&rsquo;\u00e9lectronique de micro\u00e9lectronique et de nanotechnologie (I<\/span>EMN)<\/a>\u00a0;<\/li>\n<li>Ilse Depraetere, Professeur de linguistique \u00e0 l\u2019<a href=\"https:\/\/www.univ-lille.fr\/\" target=\"_blank\" rel=\"noopener\">Universit\u00e9 de Lille,\u00a0<\/a>Directrice adjointe du laboratoire <a href=\"https:\/\/stl.univ-lille.fr\/\" target=\"_blank\" rel=\"noopener\">Savoirs, Textes, Langage (STL)<\/a> ;<\/li>\n<li>Marc Douay, Professeur de physique \u00e0 l\u2019<a href=\"https:\/\/www.univ-lille.fr\/\" target=\"_blank\" rel=\"noopener\">Universit\u00e9 de Lille,\u00a0<\/a>Directeur du laboratoire de <a href=\"http:\/\/www.phlam.univ-lille1.fr\/\" target=\"_blank\" rel=\"noopener\">Physique des Lasers, Atomes et Mol\u00e9cules (PhLAM)<\/a>\u00a0;<\/li>\n<li>Emmanuel Fricain, Futur coordinateur scientifique du <a href=\"http:\/\/math.univ-lille1.fr\/~cempi\/\" target=\"_blank\" rel=\"noopener\">LabEx CEMPI<\/a>\u00a0;<\/li>\n<li>Isabelle Herlin, Directrice de recherche Inria, Directrice du centre <a href=\"https:\/\/www.inria.fr\/centre\/lille\" target=\"_blank\" rel=\"noopener\">Inria Lille-Nord Europe<\/a> ;<\/li>\n<li>Marc Lefranc, Coordonnateur pour la Physique du <a href=\"http:\/\/math.univ-lille1.fr\/~cempi\/\" target=\"_blank\" rel=\"noopener\">LabEx CEMPI<\/a> ;<\/li>\n<li>Ludovic Macaire, Directeur adjoint de l\u2019<a href=\"http:\/\/edspi.univ-lille1.fr\/\" target=\"_blank\" rel=\"noopener\">\u00c9cole Doctorale Sciences pour l&rsquo;Ing\u00e9nieur<\/a> ;<\/li>\n<li>Lionel Montagne, Professeur de chimie, Vice-Pr\u00e9sident Recherche \u00e0 l&rsquo;<a href=\"https:\/\/www.univ-lille.fr\/\" target=\"_blank\" rel=\"noopener\">Universit\u00e9 de Lille<\/a> ;<\/li>\n<li>Philippe Pernod,\u00a0Directeur de la recherche\u00a0et de la valorisation de <a href=\"http:\/\/centralelille.fr\/\" target=\"_blank\" rel=\"noopener\">Centrale Lille<\/a> ;<\/li>\n<li>Lionel Seinturier, <span class=\"st\">Professeur d&rsquo;informatique \u00e0 <\/span>l\u2019<a href=\"https:\/\/www.univ-lille.fr\/\" target=\"_blank\" rel=\"noopener\">Universit\u00e9 de Lille<\/a>.<\/li>\n<\/ul>\n","protected":false},"excerpt":{"rendered":"<p>Une \u00e9quipe de coordination est en place afin d\u2019assister le DG et d\u2019agir en expert au quotidien pour l\u2019organisation et la mise en \u0153uvre des op\u00e9rations de l\u2019I-SITE. Hub \u00ab\u00a0Sant\u00e9 de pr\u00e9cision\u00a0\u00bb : Fran\u00e7ois Pattou, Professeur de chirurgie \u00e0 l\u2019Universit\u00e9 de Lille ; Innovation p\u00e9dagogique : Emmanuel Duflos, Professeur de traitement statistique du signal et &hellip; <a href=\"https:\/\/wp-isite.urbiloglabs.fr\/index.php\/fr\/equipe-de-coordination\/\" class=\"more-link\">Continuer la lecture<span class=\"screen-reader-text\"> de &laquo;&nbsp;Equipe de coordination \/ bureaux des hubs&nbsp;&raquo;<\/span><\/a><\/p>\n","protected":false},"author":2,"featured_media":0,"parent":0,"menu_order":0,"comment_status":"closed","ping_status":"closed","template":"","meta":[],"_links":{"self":[{"href":"https:\/\/wp-isite.urbiloglabs.fr\/index.php\/wp-json\/wp\/v2\/pages\/241"}],"collection":[{"href":"https:\/\/wp-isite.urbiloglabs.fr\/index.php\/wp-json\/wp\/v2\/pages"}],"about":[{"href":"https:\/\/wp-isite.urbiloglabs.fr\/index.php\/wp-json\/wp\/v2\/types\/page"}],"author":[{"embeddable":true,"href":"https:\/\/wp-isite.urbiloglabs.fr\/index.php\/wp-json\/wp\/v2\/users\/2"}],"replies":[{"embeddable":true,"href":"https:\/\/wp-isite.urbiloglabs.fr\/index.php\/wp-json\/wp\/v2\/comments?post=241"}],"version-history":[{"count":37,"href":"https:\/\/wp-isite.urbiloglabs.fr\/index.php\/wp-json\/wp\/v2\/pages\/241\/revisions"}],"predecessor-version":[{"id":4768,"href":"https:\/\/wp-isite.urbiloglabs.fr\/index.php\/wp-json\/wp\/v2\/pages\/241\/revisions\/4768"}],"wp:attachment":[{"href":"https:\/\/wp-isite.urbiloglabs.fr\/index.php\/wp-json\/wp\/v2\/media?parent=241"}],"curies":[{"name":"wp","href":"https:\/\/api.w.org\/{rel}","templated":true}]}}