{"id":2526,"date":"2018-06-28T10:28:48","date_gmt":"2018-06-28T08:28:48","guid":{"rendered":"http:\/\/wp-isite.urbiloglabs.fr\/?page_id=2526"},"modified":"2018-10-12T09:49:46","modified_gmt":"2018-10-12T07:49:46","slug":"reglements-financiers","status":"publish","type":"page","link":"https:\/\/wp-isite.urbiloglabs.fr\/index.php\/fr\/reglements-financiers\/","title":{"rendered":"R\u00e8gles financi\u00e8res"},"content":{"rendered":"<p><a href=\"https:\/\/wp-isite.urbiloglabs.fr\/wp-content\/uploads\/2018\/06\/ia-rf-idex.pdf\"><i class=\"wp-svg-file-4 file-4\"><\/i> R\u00e8glement financier de l&rsquo;ANR applicable \u00e0 l&rsquo;I-SITE ULNE<\/a><\/p>\n<p><a href=\"https:\/\/wp-isite.urbiloglabs.fr\/wp-content\/uploads\/2018\/10\/181012-r\u00e9glement-financier-ISITE-ULNE.pdf\"><i class=\"wp-svg-file-4 file-4\"><\/i> R\u00e8glement financier de l&rsquo;I-SITE ULNE<\/a><\/p>\n","protected":false},"excerpt":{"rendered":"<p>R\u00e8glement financier de l&rsquo;ANR applicable \u00e0 l&rsquo;I-SITE ULNE R\u00e8glement financier de l&rsquo;I-SITE ULNE<\/p>\n","protected":false},"author":2,"featured_media":0,"parent":0,"menu_order":0,"comment_status":"closed","ping_status":"closed","template":"","meta":[],"_links":{"self":[{"href":"https:\/\/wp-isite.urbiloglabs.fr\/index.php\/wp-json\/wp\/v2\/pages\/2526"}],"collection":[{"href":"https:\/\/wp-isite.urbiloglabs.fr\/index.php\/wp-json\/wp\/v2\/pages"}],"about":[{"href":"https:\/\/wp-isite.urbiloglabs.fr\/index.php\/wp-json\/wp\/v2\/types\/page"}],"author":[{"embeddable":true,"href":"https:\/\/wp-isite.urbiloglabs.fr\/index.php\/wp-json\/wp\/v2\/users\/2"}],"replies":[{"embeddable":true,"href":"https:\/\/wp-isite.urbiloglabs.fr\/index.php\/wp-json\/wp\/v2\/comments?post=2526"}],"version-history":[{"count":5,"href":"https:\/\/wp-isite.urbiloglabs.fr\/index.php\/wp-json\/wp\/v2\/pages\/2526\/revisions"}],"predecessor-version":[{"id":3976,"href":"https:\/\/wp-isite.urbiloglabs.fr\/index.php\/wp-json\/wp\/v2\/pages\/2526\/revisions\/3976"}],"wp:attachment":[{"href":"https:\/\/wp-isite.urbiloglabs.fr\/index.php\/wp-json\/wp\/v2\/media?parent=2526"}],"curies":[{"name":"wp","href":"https:\/\/api.w.org\/{rel}","templated":true}]}}