{"id":3516,"date":"2018-07-19T16:01:05","date_gmt":"2018-07-19T14:01:05","guid":{"rendered":"http:\/\/wp-isite.urbiloglabs.fr\/?page_id=3516"},"modified":"2018-07-19T16:01:05","modified_gmt":"2018-07-19T14:01:05","slug":"alertes","status":"publish","type":"page","link":"https:\/\/wp-isite.urbiloglabs.fr\/index.php\/fr\/alertes\/","title":{"rendered":"Alertes"},"content":{"rendered":"<p>Je souhaite \u00eatre notifi\u00e9 par email des nouvelles actualit\u00e9s.<br \/>\n<form action=\"https:\/\/wp-isite.urbiloglabs.fr\/index.php\/fr\/alertes\/?newsletter=msg\" class=\"newsletter\" id=\"newsletter\" method=\"post\">\n\t<div class=\"content\" style=\"\"><label for=\"email_newsletters\" style=\"display: block; margin-bottom:1rem;\"> Email : <\/label><input required style=\"display: block; margin-bottom:1rem;\" name=\"email_newsletters\" id=\"email\" type=\"email\" placeholder=\"adresse@gmail.com\" \/>\n\t<input type=\"submit\" style=\"display: block;\" class=\"newsletter_submit\" name=\"\" value=\"Envoyer\"\/><\/div><\/form><\/p>\n","protected":false},"excerpt":{"rendered":"<p>Je souhaite \u00eatre notifi\u00e9 par email des nouvelles actualit\u00e9s.<\/p>\n","protected":false},"author":5,"featured_media":0,"parent":0,"menu_order":0,"comment_status":"closed","ping_status":"closed","template":"","meta":[],"_links":{"self":[{"href":"https:\/\/wp-isite.urbiloglabs.fr\/index.php\/wp-json\/wp\/v2\/pages\/3516"}],"collection":[{"href":"https:\/\/wp-isite.urbiloglabs.fr\/index.php\/wp-json\/wp\/v2\/pages"}],"about":[{"href":"https:\/\/wp-isite.urbiloglabs.fr\/index.php\/wp-json\/wp\/v2\/types\/page"}],"author":[{"embeddable":true,"href":"https:\/\/wp-isite.urbiloglabs.fr\/index.php\/wp-json\/wp\/v2\/users\/5"}],"replies":[{"embeddable":true,"href":"https:\/\/wp-isite.urbiloglabs.fr\/index.php\/wp-json\/wp\/v2\/comments?post=3516"}],"version-history":[{"count":1,"href":"https:\/\/wp-isite.urbiloglabs.fr\/index.php\/wp-json\/wp\/v2\/pages\/3516\/revisions"}],"predecessor-version":[{"id":3517,"href":"https:\/\/wp-isite.urbiloglabs.fr\/index.php\/wp-json\/wp\/v2\/pages\/3516\/revisions\/3517"}],"wp:attachment":[{"href":"https:\/\/wp-isite.urbiloglabs.fr\/index.php\/wp-json\/wp\/v2\/media?parent=3516"}],"curies":[{"name":"wp","href":"https:\/\/api.w.org\/{rel}","templated":true}]}}