{"id":3628,"date":"2018-08-24T09:57:59","date_gmt":"2018-08-24T07:57:59","guid":{"rendered":"http:\/\/wp-isite.urbiloglabs.fr\/?page_id=3628"},"modified":"2019-05-21T12:05:12","modified_gmt":"2019-05-21T10:05:12","slug":"equipo-de-coordinacion","status":"publish","type":"page","link":"https:\/\/wp-isite.urbiloglabs.fr\/index.php\/es\/equipo-de-coordinacion\/","title":{"rendered":"Equipo de coordinaci\u00f3n"},"content":{"rendered":"<p>Un equipo de coordinaci\u00f3n asiste al Director General y act\u00faa como experto sobre una base diaria para la organizaci\u00f3n e implementaci\u00f3n de las acciones I-SITE.<\/p>\n<table>\n<tbody>\n<tr>\n<td><img loading=\"lazy\" class=\"alignleft size-full wp-image-4139\" src=\"https:\/\/wp-isite.urbiloglabs.fr\/wp-content\/uploads\/2018\/11\/pattou.jpg\" alt=\"\" width=\"150\" height=\"225\" \/><\/td>\n<td>Eje \u00abMedicina de precisi\u00f3n\u00bb:\u00a0<a href=\"mailto:francois.pattou@univ-lille2.fr\">Fran\u00e7ois Pattou<\/a>, Profesor de cirug\u00eda en la <a href=\"https:\/\/www.univ-lille.fr\/\">Universit\u00e9 de Lille<\/a>\u00a0;<\/td>\n<td><\/td>\n<td><img loading=\"lazy\" class=\"alignleft size-full wp-image-4145\" src=\"https:\/\/wp-isite.urbiloglabs.fr\/wp-content\/uploads\/2018\/11\/duflos.jpg\" alt=\"\" width=\"150\" height=\"225\" \/><\/td>\n<td>Innovaci\u00f3n pedag\u00f3gica:\u00a0<a href=\"mailto:emmanuel.duflos@centralelille.fr\">Emmanuel Duflos<\/a>, Profesor de procesamiento de se\u00f1al estad\u00edstica y de inform\u00e1tica en\u00a0<a href=\"http:\/\/centralelille.fr\/\">Centrale Lille<\/a>\u00a0;<\/td>\n<\/tr>\n<tr>\n<td><img loading=\"lazy\" class=\"alignleft size-full wp-image-4142\" src=\"https:\/\/wp-isite.urbiloglabs.fr\/wp-content\/uploads\/2018\/11\/dumeignil.jpg\" alt=\"\" width=\"150\" height=\"225\" \/><\/td>\n<td>Eje \u00abPlaneta\u00bb:\u00a0<a href=\"mailto:franck.dumeignil@univ-lille1.fr\">Franck Dumeignil<\/a>, Profesor de qu\u00edmica en la <a href=\"https:\/\/www.univ-lille.fr\/\">Universit\u00e9 de Lille<\/a>\u00a0;<\/td>\n<td><\/td>\n<td><img loading=\"lazy\" class=\"alignleft size-full wp-image-4146\" src=\"https:\/\/wp-isite.urbiloglabs.fr\/wp-content\/uploads\/2018\/11\/tison.jpg\" alt=\"\" width=\"150\" height=\"225\" \/><\/td>\n<td>Desarrollo de relaciones con el mundo socioecon\u00f3mico:\u00a0<a href=\"mailto:sophie.tison@wp-isite.urbiloglabs.fr\">Sophie Tison<\/a>, Profesora de inform\u00e1tica en la <a href=\"https:\/\/www.univ-lille.fr\/\">Universit\u00e9 de Lille<\/a>\u00a0;<\/td>\n<\/tr>\n<tr>\n<td><img loading=\"lazy\" class=\"alignleft size-full wp-image-4143\" src=\"https:\/\/wp-isite.urbiloglabs.fr\/wp-content\/uploads\/2018\/11\/coello.jpg\" alt=\"\" width=\"150\" height=\"225\" \/><\/td>\n<td>Eje \u00abMundo digital\u00bb:\u00a0<a href=\"mailto:yann.coello@univ-lille3.fr\">Yann Coello<\/a>, Profesor de psicolog\u00eda en la <a href=\"https:\/\/www.univ-lille.fr\/\">Universit\u00e9 de Lille<\/a>\u00a0;<\/td>\n<td><\/td>\n<td><img loading=\"lazy\" class=\"alignleft size-full wp-image-4147\" src=\"https:\/\/wp-isite.urbiloglabs.fr\/wp-content\/uploads\/2018\/11\/oconnor.jpg\" alt=\"\" width=\"150\" height=\"225\" \/><\/td>\n<td>Desarrollo de relaciones internacionales:\u00a0<a href=\"mailto:kathleen.oconnor@univ-lille3.fr\">Kathleen O\u2019Connor<\/a>, <em>Ma\u00eetre de Conf\u00e9rences<\/em> de ling\u00fc\u00edstica inglesa en la <a href=\"https:\/\/www.univ-lille.fr\/\">Universit\u00e9 de Lille<\/a>.<\/td>\n<\/tr>\n<\/tbody>\n<\/table>\n<p>Para cada uno de los ejes, los coordinadores consultan unos comit\u00e9s <em>\u00ab bureaux des hubs\u00a0\u00bb<\/em>que contribuyen en la preparaci\u00f3n de las diferentes acciones.<\/p>\n<h4>Eje \u00ab\u00a0Medicina de precisi\u00f3n\u00a0\u00bb\u00a0:<\/h4>\n<ul>\n<li>Coordinador: Fran\u00e7ois Pattou, Profesor de cirug\u00eda en la <a href=\"https:\/\/www.univ-lille.fr\/\">Universit\u00e9 de Lille<\/a>\u00a0;<\/li>\n<li>Philippe Amouyel, Director del <a href=\"http:\/\/distalz.univ-lille2.fr\/\">LabEx Distalz<\/a>\u00a0;<\/li>\n<li>V\u00e9ronique Christophe, laboratorio <a href=\"http:\/\/www.scalab.cnrs.fr\/index.php\/fr\/\">Sciences Cognitives &amp; Sciences Affectives (SCALab<\/a>) ;<\/li>\n<li>Philippe Froguel, Director del <a href=\"http:\/\/www.egid.fr\/accueil\/\">LabEx EGID<\/a>\u00a0;<\/li>\n<li>Fr\u00e9d\u00e9ric Gottrand,\u00a0<a href=\"http:\/\/www.chru-lille.fr\/\">CHU de Lille<\/a>\u00a0;<\/li>\n<li>Lionel Montagne, Vicepresidente Investigaci\u00f3n en la <a href=\"https:\/\/www.univ-lille.fr\/\">Universit\u00e9 de Lille<\/a>\u00a0;<\/li>\n<li>Philippe Pernod,\u00a0Director de investigaci\u00f3n y valorizaci\u00f3n en <a href=\"http:\/\/centralelille.fr\/\">Centrale Lille<\/a>\u00a0;<\/li>\n<li>Bernard Sablonni\u00e8re, Director de <a href=\"http:\/\/edbsl.univ-lille2.fr\/\">Ecole Doctorale Biologie Sant\u00e9 ;<\/a><\/li>\n<li>Patrick Vermersch,\u00a0<a href=\"http:\/\/www.chru-lille.fr\/\">CHU de Lille.<\/a><\/li>\n<\/ul>\n<h4>Eje \u00ab\u00a0Planeta\u00a0\u00bb :<\/h4>\n<ul>\n<li>Coordinador: Franck Dumeignil, Profesor de qu\u00edmica en la <a href=\"https:\/\/www.univ-lille.fr\/\">Universit\u00e9 de Lille<\/a>\u00a0;<\/li>\n<li>Martine Benoit, Directora de la\u00a0<a href=\"https:\/\/www.meshs.fr\/\">Maison Europ\u00e9enne des Sciences de l\u2019Homme et de la Soci\u00e9t\u00e9 (MESHS)<\/a>\u00a0;<\/li>\n<li>Philippe Carrez, Profesor de qu\u00edmica en la <a href=\"https:\/\/www.univ-lille.fr\/\">Universit\u00e9 de Lille<\/a>\u00a0;<\/li>\n<li>Jo\u00ebl Cuguen, Director de <a href=\"http:\/\/edsmre.univ-lille1.fr\/\">Ecole Doctorale des Sciences de la Mati\u00e8re, du Rayonnement et de l\u2019Environnement<\/a>\u00a0;<\/li>\n<li>Taniel Danelian, D<span class=\"tlid-translation translation\" lang=\"es\"><span class=\"\" title=\"\">irector adjunto del <\/span><\/span><a href=\"http:\/\/irepse.univ-lille.fr\/\" target=\"_blank\" rel=\"noopener\">Institut de Recherches Pluridisciplinaires en Sciences de l&rsquo; Environnement<\/a> ;<\/li>\n<li>Sophie Duquesne, Profesora en la <a href=\"http:\/\/www.ensc-lille.fr\/\">\u00c9cole Nationale Sup\u00e9rieure de Chimie (ENSCL)<\/a>\u00a0;<\/li>\n<li>Th\u00e9r\u00e8se Huet, Directora adjunta del laboratorio de\u00a0<a href=\"http:\/\/www.phlam.univ-lille1.fr\/\">Physique des Lasers, Atomes et Mol\u00e9cules (PhLAM)<\/a>\u00a0;<\/li>\n<li>Lionel Montagne, Vicepresidente Investigaci\u00f3n en la <a href=\"https:\/\/www.univ-lille.fr\/\">Universit\u00e9 de Lille<\/a> \/\u00a0Clarisse Dhaenens,\u00a0Vicepresidente Investigaci\u00f3n <span class=\"tlid-translation translation\" lang=\"es\"><span class=\"\" title=\"\">sector ciencia y tecnologia<\/span><\/span> en la <a href=\"https:\/\/www.univ-lille.fr\/\">Universit\u00e9 de Lille<\/a> \/ Guy Buntinx, Director del <a href=\"http:\/\/chevreul.univ-lille1.fr\/\" target=\"_blank\" rel=\"noopener\">F\u00e9d\u00e9ration Chevreul<\/a>\u00a0;<\/li>\n<li>Philippe Pernod,\u00a0Director de investigaci\u00f3n y valorizaci\u00f3n en <a href=\"http:\/\/centralelille.fr\/\">Centrale Lille<\/a>\u00a0;<\/li>\n<li>Denis Petitprez, Director del <a href=\"http:\/\/www.labex-cappa.fr\/\">LabEx CAPPA<\/a>\u00a0;<\/li>\n<li>Murielle Rivenet,\u00a0<em>Ma\u00eetre de Conf\u00e9rences<\/em> en la <a href=\"http:\/\/www.ensc-lille.fr\/\">Ecole Nationale Sup\u00e9rieure de Chimie de Lille (ENSCL)<\/a>.<\/li>\n<\/ul>\n<h4>Eje \u00ab\u00a0Mundo digital\u00a0\u00bb\u00a0:<\/h4>\n<ul>\n<li>Coordinateur\u00a0: Yann Coello, Profesor de psicolog\u00eda en la <a href=\"https:\/\/www.univ-lille.fr\/\">Universit\u00e9 de Lille<\/a>\u00a0;<\/li>\n<li>Stephan de Bievre, P<span class=\"tlid-translation translation\" lang=\"es\"><span class=\"\" title=\"\">rofesor de matematicas <\/span><\/span>en la <a href=\"https:\/\/www.univ-lille.fr\/\">Universit\u00e9 de Lille<\/a>, C<span class=\"tlid-translation translation\" lang=\"es\"><span class=\"\" title=\"\">oordinador<\/span><\/span> del <a href=\"http:\/\/math.univ-lille1.fr\/~cempi\/\">LabEx CEMPI<\/a>\u00a0;<\/li>\n<li>Olivier Colot, Director del <a href=\"https:\/\/cristal.univ-lille.fr\/\" target=\"_blank\" rel=\"noopener\"><span class=\"st\">Centre de Recherche en Informatique, Signal et automatique de Lille (CRIStAL) ;<\/span><\/a><\/li>\n<li>Clarisse Dhaenens, <span class=\"tlid-translation translation\" lang=\"es\"><span class=\"\" title=\"\">profesor de inform\u00e1tica<\/span><\/span> en la <a href=\"https:\/\/www.univ-lille.fr\/\">Universit\u00e9 de Lille,\u00a0<\/a>Directora adjunta del <a href=\"https:\/\/cristal.univ-lille.fr\/\">Centre de Recherche en Informatique, Signal et automatique de Lille (CRIStAL)<\/a>\u00a0(suplente : Betty Semail, P<span class=\"tlid-translation translation\" lang=\"es\"><span class=\"\" title=\"\">rofesor de ingenier\u00eda el\u00e9ctrica, <\/span><\/span>Directora del <a href=\"http:\/\/l2ep.univ-lille1.fr\/\">Laboratoire d\u2019Electrotechnique et d\u2019Electronique de Puissance de Lille (L2EP<\/a>)\u00a0;<\/li>\n<li>Christophe Delerue, CNRS D<span class=\"tlid-translation translation\" lang=\"es\"><span class=\"\" title=\"\">irector de investigaci\u00f3n en el<\/span><\/span> <a href=\"https:\/\/www.iemn.fr\/\">Institut d\u2019\u00e9lectronique de micro\u00e9lectronique et de nanotechnologie (IEMN)<\/a>\u00a0;<\/li>\n<li>Ilse Depraetere, <span class=\"tlid-translation translation\" lang=\"es\"><span class=\"\" title=\"\">profesor de ling\u00fcistica <\/span><\/span>en la <a href=\"https:\/\/www.univ-lille.fr\/\">Universit\u00e9 de Lille<\/a>, Directora adjunta del laboratorio\u00a0<a href=\"https:\/\/stl.univ-lille.fr\/\">Savoirs, Textes, Langage (STL)<\/a>\u00a0;<\/li>\n<li>Marc Douay, P<span class=\"tlid-translation translation\" lang=\"es\"><span class=\"\" title=\"\">rofesor de f\u00edsica, <\/span><\/span>Director del laboratorio de\u00a0<a href=\"http:\/\/www.phlam.univ-lille1.fr\/\">Physique des Lasers, Atomes et Mol\u00e9cules (PhLAM)<\/a>\u00a0;<\/li>\n<li>Emmanuel Fricain, C<span class=\"tlid-translation translation\" lang=\"es\"><span class=\"\" title=\"\">oordinador futuro <\/span><\/span>del <a href=\"http:\/\/math.univ-lille1.fr\/~cempi\/\">LabEx CEMPI<\/a>\u00a0;<\/li>\n<li>Isabelle Herlin, Director del centro <a href=\"https:\/\/www.inria.fr\/centre\/lille\" target=\"_blank\" rel=\"noopener\">Inria Lille-Nord Europe<\/a> ;<\/li>\n<li>Marc Lefranc, <span class=\"tlid-translation translation\" lang=\"es\"><span class=\"\" title=\"\">Coordinador de F\u00edsica<\/span><\/span> del <a href=\"http:\/\/math.univ-lille1.fr\/~cempi\/\" target=\"_blank\" rel=\"noopener\">LabEx CEMPI<\/a> ;<\/li>\n<li>Ludovic Macaire, D<span class=\"tlid-translation translation\" lang=\"es\"><span class=\"\" title=\"\">irector adjunto del <\/span><\/span><a href=\"http:\/\/edspi.univ-lille1.fr\/\" target=\"_blank\" rel=\"noopener\">\u00c9cole Doctorale Sciences pour l&rsquo;Ing\u00e9nieur <\/a>;<\/li>\n<li>Lionel Montagne, <span class=\"tlid-translation translation\" lang=\"es\"><span class=\"\" title=\"\">profesor de qu\u00edmica<\/span><\/span>, Vicepresidente Investigaci\u00f3n en la <a href=\"https:\/\/www.univ-lille.fr\/\">Universit\u00e9 de Lille<\/a>\u00a0;<\/li>\n<li>Philippe Pernod,\u00a0Director de investigaci\u00f3n y valorizaci\u00f3n en <a href=\"http:\/\/centralelille.fr\/\">Centrale Lille<\/a>\u00a0;<\/li>\n<li>Lionel Seinturier, P<span class=\"tlid-translation translation\" lang=\"es\"><span class=\"\" title=\"\">rofesor de inform\u00e1tica<\/span><\/span> en el <a href=\"https:\/\/cristal.univ-lille.fr\/\">Centre de Recherche en Informatique, Signal et automatique de Lille (CRIStAL)<\/a>.<\/li>\n<\/ul>\n<p>&nbsp;<\/p>\n","protected":false},"excerpt":{"rendered":"<p>Un equipo de coordinaci\u00f3n asiste al Director General y act\u00faa como experto sobre una base diaria para la organizaci\u00f3n e implementaci\u00f3n de las acciones I-SITE. Eje \u00abMedicina de precisi\u00f3n\u00bb:\u00a0Fran\u00e7ois Pattou, Profesor de cirug\u00eda en la Universit\u00e9 de Lille\u00a0; Innovaci\u00f3n pedag\u00f3gica:\u00a0Emmanuel Duflos, Profesor de procesamiento de se\u00f1al estad\u00edstica y de inform\u00e1tica en\u00a0Centrale Lille\u00a0; Eje \u00abPlaneta\u00bb:\u00a0Franck Dumeignil, &hellip; <a href=\"https:\/\/wp-isite.urbiloglabs.fr\/index.php\/es\/equipo-de-coordinacion\/\" class=\"more-link\">Continuer la lecture<span class=\"screen-reader-text\"> de &laquo;&nbsp;Equipo de coordinaci\u00f3n&nbsp;&raquo;<\/span><\/a><\/p>\n","protected":false},"author":2,"featured_media":0,"parent":0,"menu_order":0,"comment_status":"closed","ping_status":"closed","template":"","meta":[],"_links":{"self":[{"href":"https:\/\/wp-isite.urbiloglabs.fr\/index.php\/wp-json\/wp\/v2\/pages\/3628"}],"collection":[{"href":"https:\/\/wp-isite.urbiloglabs.fr\/index.php\/wp-json\/wp\/v2\/pages"}],"about":[{"href":"https:\/\/wp-isite.urbiloglabs.fr\/index.php\/wp-json\/wp\/v2\/types\/page"}],"author":[{"embeddable":true,"href":"https:\/\/wp-isite.urbiloglabs.fr\/index.php\/wp-json\/wp\/v2\/users\/2"}],"replies":[{"embeddable":true,"href":"https:\/\/wp-isite.urbiloglabs.fr\/index.php\/wp-json\/wp\/v2\/comments?post=3628"}],"version-history":[{"count":18,"href":"https:\/\/wp-isite.urbiloglabs.fr\/index.php\/wp-json\/wp\/v2\/pages\/3628\/revisions"}],"predecessor-version":[{"id":4770,"href":"https:\/\/wp-isite.urbiloglabs.fr\/index.php\/wp-json\/wp\/v2\/pages\/3628\/revisions\/4770"}],"wp:attachment":[{"href":"https:\/\/wp-isite.urbiloglabs.fr\/index.php\/wp-json\/wp\/v2\/media?parent=3628"}],"curies":[{"name":"wp","href":"https:\/\/api.w.org\/{rel}","templated":true}]}}