{"id":3728,"date":"2018-09-12T15:18:45","date_gmt":"2018-09-12T13:18:45","guid":{"rendered":"http:\/\/wp-isite.urbiloglabs.fr\/?page_id=3728"},"modified":"2018-10-01T11:34:34","modified_gmt":"2018-10-01T09:34:34","slug":"graduate-schools","status":"publish","type":"page","link":"https:\/\/wp-isite.urbiloglabs.fr\/index.php\/fr\/graduate-schools\/","title":{"rendered":"Graduate Schools"},"content":{"rendered":"<figure id=\"attachment_3747\" aria-describedby=\"caption-attachment-3747\" style=\"width: 840px\" class=\"wp-caption alignleft\"><img loading=\"lazy\" class=\"size-large wp-image-3747 imgLarge\" src=\"https:\/\/wp-isite.urbiloglabs.fr\/wp-content\/uploads\/2018\/09\/BandeauGraduateSchools-1024x407.jpg\" alt=\"\" width=\"840\" height=\"334\" \/><figcaption id=\"caption-attachment-3747\" class=\"wp-caption-text\">\u00a9 Service communication Universit\u00e9 de Lille<\/figcaption><\/figure>\n<p>Le Consortium ULNE I-SITE a pour ambition de construire et articuler <strong>3 Graduate Schools (GS) internationales et attractives<\/strong> au sein de ses 3 hubs th\u00e9matiques : \u00abSant\u00e9 de pr\u00e9cision\u00bb, \u00abScience pour une plan\u00e8te en mutation\u00bb et \u00abMonde num\u00e9rique au service de l&rsquo;humain\u00bb. Ces trois GS sont en cours de d\u00e9veloppement et reposent sur une collaboration \u00e9troite entre les activit\u00e9s scientifiques du <a href=\"https:\/\/wp-isite.urbiloglabs.fr\/index.php\/fr\/le-consortium\/\" target=\"_blank\" rel=\"noopener\">Consortium<\/a> (principalement celles d\u00e9velopp\u00e9es dans le cadre des <a href=\"https:\/\/wp-isite.urbiloglabs.fr\/index.php\/fr\/perimetre-dexcellence-de-li-site-peridex\/\" target=\"_blank\" rel=\"noopener\">programmes Labex<\/a>) et les programmes acad\u00e9miques ; elles favorisent \u00e9galement la collaboration entre les membres du consortium (Universit\u00e9 de Lille et 8 grandes \u00e9coles publiques).<\/p>\n<p>Les 3 Graduate Schools suivent trois objectifs principaux dans leur domaine:<\/p>\n<ul>\n<li>construire un centre de comp\u00e9tences hautement sp\u00e9cialis\u00e9 dans la r\u00e9gion des Hauts-de-France ;<\/li>\n<li>cr\u00e9er un r\u00e9seau d&rsquo;acteurs acad\u00e9miques, scientifiques et socio-\u00e9conomiques ;<\/li>\n<li>soutenir et \u00e9tendre la visibilit\u00e9 nationale et internationale du centre de comp\u00e9tences.<\/li>\n<\/ul>\n<p>\u00c0 cette fin, chaque GS propose des <strong>programmes pluridisciplinaires\u00a0 d&rsquo;\u00e9tudes sup\u00e9rieures<\/strong> de niveau Master et Doctorat. Ces <strong>formations de tr\u00e8s haut niveau<\/strong> sont <strong>ax\u00e9es sur la recherche<\/strong> et sont propos\u00e9es enti\u00e8rement en anglais aux \u00e9tudiants de Master, aux Doctorants et aux Post-doctorants. D\u00e9ja existants ou totalement nouveaux, ces programmes comprennent notamment des stages obligatoires dans des laboratoires de recherche et \/ ou dans des entreprises ainsi qu\u2019un programme d\u2019\u00e9tudes ou de stages \u00e0 l\u2019\u00e9tranger. Leurs programmes \u00e9ducatifs b\u00e9n\u00e9ficieront des outils et enseignements num\u00e9riques, et des innovations p\u00e9dagogiques.<\/p>\n<p>Un programme acc\u00e9l\u00e9r\u00e9 de doctorat est mis en \u0153uvre dans chaque GS et repose sur la <strong>d\u00e9tection pr\u00e9coce et la s\u00e9lection d&rsquo;\u00e9tudiants de premier cycle et de master<\/strong>, d\u00e9sireux et capables de poursuivre des \u00e9tudes en recherche. Enfin, les \u00e9tudiants en master et en doctorat b\u00e9n\u00e9ficieront de <strong>bourses sp\u00e9cifiques<\/strong> pour poursuivre ce programme.<\/p>\n<p>&nbsp;<\/p>\n<h5><i class=\"wp-svg-plus plus\"><\/i>\u00a0informations sur les Graduate Schools :<\/h5>\n<ul>\n<li><a href=\"https:\/\/wp-isite.urbiloglabs.fr\/index.php\/fr\/graduate-school-friendly-deep-tech\/\">Graduate School \u00ab\u00a0Friendly Deep Tech\u00a0\u00bb<\/a><\/li>\n<li><a href=\"https:\/\/wp-isite.urbiloglabs.fr\/index.php\/fr\/graduate-school-health\/\">Graduate School \u00ab\u00a0Sant\u00e9\u00a0\u00bb<\/a><\/li>\n<li><a href=\"https:\/\/wp-isite.urbiloglabs.fr\/index.php\/fr\/graduate-school-science-pour-une-planete-en-mutation\/\">Graduate School \u00ab\u00a0Science pour une plan\u00e8te en mutation\u00a0\u00bb<\/a><\/li>\n<\/ul>\n<p>&nbsp;<\/p>\n","protected":false},"excerpt":{"rendered":"<p>Le Consortium ULNE I-SITE a pour ambition de construire et articuler 3 Graduate Schools (GS) internationales et attractives au sein de ses 3 hubs th\u00e9matiques : \u00abSant\u00e9 de pr\u00e9cision\u00bb, \u00abScience pour une plan\u00e8te en mutation\u00bb et \u00abMonde num\u00e9rique au service de l&rsquo;humain\u00bb. Ces trois GS sont en cours de d\u00e9veloppement et reposent sur une collaboration &hellip; <a href=\"https:\/\/wp-isite.urbiloglabs.fr\/index.php\/fr\/graduate-schools\/\" class=\"more-link\">Continuer la lecture<span class=\"screen-reader-text\"> de &laquo;&nbsp;Graduate Schools&nbsp;&raquo;<\/span><\/a><\/p>\n","protected":false},"author":2,"featured_media":0,"parent":0,"menu_order":0,"comment_status":"closed","ping_status":"closed","template":"","meta":[],"_links":{"self":[{"href":"https:\/\/wp-isite.urbiloglabs.fr\/index.php\/wp-json\/wp\/v2\/pages\/3728"}],"collection":[{"href":"https:\/\/wp-isite.urbiloglabs.fr\/index.php\/wp-json\/wp\/v2\/pages"}],"about":[{"href":"https:\/\/wp-isite.urbiloglabs.fr\/index.php\/wp-json\/wp\/v2\/types\/page"}],"author":[{"embeddable":true,"href":"https:\/\/wp-isite.urbiloglabs.fr\/index.php\/wp-json\/wp\/v2\/users\/2"}],"replies":[{"embeddable":true,"href":"https:\/\/wp-isite.urbiloglabs.fr\/index.php\/wp-json\/wp\/v2\/comments?post=3728"}],"version-history":[{"count":19,"href":"https:\/\/wp-isite.urbiloglabs.fr\/index.php\/wp-json\/wp\/v2\/pages\/3728\/revisions"}],"predecessor-version":[{"id":3905,"href":"https:\/\/wp-isite.urbiloglabs.fr\/index.php\/wp-json\/wp\/v2\/pages\/3728\/revisions\/3905"}],"wp:attachment":[{"href":"https:\/\/wp-isite.urbiloglabs.fr\/index.php\/wp-json\/wp\/v2\/media?parent=3728"}],"curies":[{"name":"wp","href":"https:\/\/api.w.org\/{rel}","templated":true}]}}