{"id":3830,"date":"2018-09-28T11:44:32","date_gmt":"2018-09-28T09:44:32","guid":{"rendered":"http:\/\/wp-isite.urbiloglabs.fr\/?page_id=3830"},"modified":"2019-03-25T11:01:21","modified_gmt":"2019-03-25T10:01:21","slug":"graduate-school-health","status":"publish","type":"page","link":"https:\/\/wp-isite.urbiloglabs.fr\/index.php\/fr\/graduate-school-health\/","title":{"rendered":"Graduate School \u00ab\u00a0Sant\u00e9\u00a0\u00bb"},"content":{"rendered":"<p><img loading=\"lazy\" class=\"alignleft size-large wp-image-3926\" src=\"https:\/\/wp-isite.urbiloglabs.fr\/wp-content\/uploads\/2018\/10\/GS1_FR-2-1024x198.jpg\" alt=\"\" width=\"840\" height=\"162\" \/><\/p>\n<p>La Graduate School \u00ab\u00a0Sant\u00e9\u00a0\u00bb offre une formation unique \u00e0 la recherche d\u2019excellence sur deux th\u00e8mes scientifiques majeurs: <strong>(1) le diab\u00e8te, les maladies m\u00e9taboliques et leurs complications; (2) Alzheimer et les autres malad<\/strong><strong>ies neurod\u00e9g\u00e9n\u00e9ratives.<\/strong><\/p>\n<p>Elle est ouverte aux biologistes de talent, MD et PharmaD de toutes origines, pour former la prochaine g\u00e9n\u00e9ration de leaders de la recherche universitaire et industrielle dans le domaine de la biotechnologie.<\/p>\n<p>Les atouts de cette Graduate School reposent sur: 3 ERC, 2 Labex (<a href=\"http:\/\/www.egid.fr\/1\/home\/\" target=\"_blank\" rel=\"noopener\">EGID<\/a> et<a href=\"http:\/\/distalz.univ-lille2.fr\/\" target=\"_blank\" rel=\"noopener\"> DISTALZ<\/a>), 2 Equipex (<a href=\"http:\/\/ligan.good.cnrs.fr\/en\/presentation\/la-plateforme-ligan\/\" target=\"_blank\" rel=\"noopener\">LIGAN<\/a> et <a href=\"http:\/\/www.bicel.org\/\" target=\"_blank\" rel=\"noopener\">ImaginEX<\/a>), un centre d\u2019excellence sur les maladies neurod\u00e9g\u00e9n\u00e9ratives (<a href=\"http:\/\/licend.fr\/en\/licend-lille-centre-of-excellence-for-neurodegenerative-disorders\/\" target=\"_blank\" rel=\"noopener\">LiCEND<\/a>) et un r\u00e9seau de formation innovant (ITN) <a href=\"http:\/\/tasppi.eu\/about\/\" target=\"_blank\" rel=\"noopener\">TASPPI<\/a> (Stabilisation cibl\u00e9e des petites mol\u00e9cules d\u2019interactions prot\u00e9ines-prot\u00e9ines). La Graduate School propose deux \u00ab\u00a0summer schools\u00a0\u00bb (une pour chaque laboratoire d&rsquo;excellence).<\/p>\n<p>La Graduate School comprend un Master en biologie et sant\u00e9 (M1 et M2) et un programme doctoral en anglais, ouvert \u00e0 toute la communaut\u00e9 scientifique, y compris aux postdoctorants, ing\u00e9nieurs, enseignants et chercheurs. Elle rassemble des cours pratiques innovants sur les technologies et les approches de pointe actuelles (s\u00e9quen\u00e7age de nouvelle g\u00e9n\u00e9ration, biologie des syst\u00e8mes, bioinformatique int\u00e9gr\u00e9e&#8230;) et des modules interdisciplinaires sur les sciences humaines, \u00e9conomiques et sociales dispens\u00e9s par des experts locaux, nationaux et europ\u00e9ens du domaine. Tous les \u00e9tudiants auront une mobilit\u00e9 obligatoire pendant leur formation aupr\u00e8s des partenaires internationaux de la Graduate School. La Graduate School s&rsquo;est associ\u00e9e \u00e0 des entreprises telles que Sanofi et <a href=\"https:\/\/apteeus.fr\/fr\/\" target=\"_blank\" rel=\"noopener\">Apteus<\/a>.<\/p>\n<p>&nbsp;<\/p>\n<p class=\"paragraph-orange\"><strong>Coordinateurs :<\/strong> <a href=\"mailto:amar.abderrahmani@univ-lille2.fr\" target=\"_blank\" rel=\"noopener\">Amar Abderrahmani<\/a>, <a href=\"mailto:julien.chapuis@pasteur-lille.fr\" target=\"_blank\" rel=\"noopener\">Julien Chapuis<\/a> et <a href=\"mailto:anne.tailleux@univ-lille.fr\" target=\"_blank\" rel=\"noopener\">Anne Tailleux<\/a>.<\/p>\n","protected":false},"excerpt":{"rendered":"<p>La Graduate School \u00ab\u00a0Sant\u00e9\u00a0\u00bb offre une formation unique \u00e0 la recherche d\u2019excellence sur deux th\u00e8mes scientifiques majeurs: (1) le diab\u00e8te, les maladies m\u00e9taboliques et leurs complications; (2) Alzheimer et les autres maladies neurod\u00e9g\u00e9n\u00e9ratives. Elle est ouverte aux biologistes de talent, MD et PharmaD de toutes origines, pour former la prochaine g\u00e9n\u00e9ration de leaders de la &hellip; <a href=\"https:\/\/wp-isite.urbiloglabs.fr\/index.php\/fr\/graduate-school-health\/\" class=\"more-link\">Continuer la lecture<span class=\"screen-reader-text\"> de &laquo;&nbsp;Graduate School \u00ab\u00a0Sant\u00e9\u00a0\u00bb&nbsp;&raquo;<\/span><\/a><\/p>\n","protected":false},"author":2,"featured_media":0,"parent":0,"menu_order":0,"comment_status":"closed","ping_status":"closed","template":"","meta":[],"_links":{"self":[{"href":"https:\/\/wp-isite.urbiloglabs.fr\/index.php\/wp-json\/wp\/v2\/pages\/3830"}],"collection":[{"href":"https:\/\/wp-isite.urbiloglabs.fr\/index.php\/wp-json\/wp\/v2\/pages"}],"about":[{"href":"https:\/\/wp-isite.urbiloglabs.fr\/index.php\/wp-json\/wp\/v2\/types\/page"}],"author":[{"embeddable":true,"href":"https:\/\/wp-isite.urbiloglabs.fr\/index.php\/wp-json\/wp\/v2\/users\/2"}],"replies":[{"embeddable":true,"href":"https:\/\/wp-isite.urbiloglabs.fr\/index.php\/wp-json\/wp\/v2\/comments?post=3830"}],"version-history":[{"count":10,"href":"https:\/\/wp-isite.urbiloglabs.fr\/index.php\/wp-json\/wp\/v2\/pages\/3830\/revisions"}],"predecessor-version":[{"id":4490,"href":"https:\/\/wp-isite.urbiloglabs.fr\/index.php\/wp-json\/wp\/v2\/pages\/3830\/revisions\/4490"}],"wp:attachment":[{"href":"https:\/\/wp-isite.urbiloglabs.fr\/index.php\/wp-json\/wp\/v2\/media?parent=3830"}],"curies":[{"name":"wp","href":"https:\/\/api.w.org\/{rel}","templated":true}]}}