{"id":3839,"date":"2018-09-28T11:54:02","date_gmt":"2018-09-28T09:54:02","guid":{"rendered":"http:\/\/wp-isite.urbiloglabs.fr\/?page_id=3839"},"modified":"2018-12-20T15:53:26","modified_gmt":"2018-12-20T14:53:26","slug":"graduate-school-science-pour-une-planete-en-mutation","status":"publish","type":"page","link":"https:\/\/wp-isite.urbiloglabs.fr\/index.php\/fr\/graduate-school-science-pour-une-planete-en-mutation\/","title":{"rendered":"Graduate School \u00ab\u00a0Science pour une plan\u00e8te en mutation\u00a0\u00bb"},"content":{"rendered":"<p><img loading=\"lazy\" class=\"alignleft size-large wp-image-3928\" src=\"https:\/\/wp-isite.urbiloglabs.fr\/wp-content\/uploads\/2018\/10\/GS2_FR-2-1024x195.jpg\" alt=\"\" width=\"840\" height=\"160\" \/><br \/>\n<span id=\"result_box\" class=\"\" lang=\"fr\"><\/span><\/p>\n<p><span id=\"result_box\" class=\"\" lang=\"fr\"><span title=\"The Graduate School has partnered with socio-economic institutions such as Genfit, Sanofi and Apteus.\"><span title=\"The Graduate School 'Science for a Changing Planet' has three objectives: (1) understanding and monitoring planet changes;\">La Graduate School \u00abScience pour une plan\u00e8te en mutation\u00bb a trois objectifs: <strong>(1) comprendre et surveiller les changements plan\u00e9taires; <\/strong><\/span><strong><span title=\"(2) exploring alternative resources and developing new materials, and (3) studying impacts and adaptation. \">(2) <\/span><\/strong><\/span><\/span><strong><span id=\"result_box\" class=\"\" lang=\"fr\"><span title=\"The Graduate School has partnered with socio-economic institutions such as Genfit, Sanofi and Apteus.\"><span title=\"(2) exploring alternative resources and developing new materials, and (3) studying impacts and adaptation. \">rechercher des solutions alternatives \u00e0 l\u2019exploitation des ressources fossiles, et (3) <\/span><\/span><\/span><\/strong><span id=\"result_box\" class=\"\" lang=\"fr\"><span title=\"The Graduate School has partnered with socio-economic institutions such as Genfit, Sanofi and Apteus.\"><span title=\"(2) exploring alternative resources and developing new materials, and (3) studying impacts and adaptation. \"><strong>\u00e9valuer de l\u2019impact des changements globaux sur l\u2019Homme, la Terre et les Soci\u00e9t\u00e9.<\/strong><\/span><\/span><\/span><\/p>\n<p><span title=\"It is open to worldwide talented students in various scientific fields including social humanities: chemistry, physics, biology, sociology, public policies.\">Elle est ouverte aux \u00e9tudiants talentueux du monde entier dans divers domaines scientifiques, y compris les sciences humaines: chimie, physique, biologie, sociologie et politiques publiques. <\/span><span title=\"The aims of this Graduate School are also to increase the academic international network, mainly in Europe, and to identify and strengthen an economical network oriented toward employability of the PhD Students. \">Les objectifs de cette Graduate School sont d&rsquo;accro\u00eetre le r\u00e9seau international acad\u00e9mique, principalement en Europe, mais aussi d&rsquo;identifier et de renforcer un r\u00e9seau \u00e9conomique orient\u00e9 vers l&#8217;employabilit\u00e9 des doctorants.<\/span><\/p>\n<p><span title=\"The Hauts-de-France Region is a pioneering region for the advent of the Third Industrial Revolution (\u201cREV3\u201d).\">La r\u00e9gion des Hauts-de-France est une r\u00e9gion pionni\u00e8re via la troisi\u00e8me r\u00e9volution industrielle (\u00ab<a href=\"https:\/\/rev3.fr\/\" target=\"_blank\" rel=\"noopener\">REV3<\/a>\u00bb). <\/span><span title=\"In this context, this Graduate School already possesses remarkable assets such as the coordination of the successful large scale European Project EUROBIOREF (FP7) for developing new multi-biomass, multi-technologies and multi-products biorefineries, the participation to the European EUBREN network (\">Dans ce contexte, cette Graduate School poss\u00e8de d\u00e9j\u00e0 des atouts remarquables tels que la coordination du projet europ\u00e9en \u00e0 grande \u00e9chelle <a href=\"http:\/\/www.eurobioref.org\/\" target=\"_blank\" rel=\"noopener\">EUROBIOREF<\/a> (FP7) pour le d\u00e9veloppement de nouvelles bioraffineries multi-biomasse, multi-technologies et multi-produits, la participation au r\u00e9seau europ\u00e9en <a href=\"https:\/\/www.eubren.com\/\" target=\"_blank\" rel=\"noopener\">EUBREN<\/a> (<\/span><span title=\"Pr Franck DUMEIGNIL), the French project REALCAT (Pr DUMEIGNIL was the first coordinator), unique in the world for accelerating research on new biobased (bio-)chemical processes. \">Pr. <a href=\"http:\/\/www.horizon2020.gouv.fr\/cid75844\/les-etoiles-de-l-europe-un-trophee-qui-valorise-les-chercheurs-pour-leur-engagement-europeen.html\" target=\"_blank\" rel=\"noopener\">Franck DUMEIGNIL<\/a>), le projet fran\u00e7ais <a href=\"http:\/\/www.realcat.fr\/en\/\" target=\"_blank\" rel=\"noopener\">REALCAT<\/a> (Pr. DUMEIGNIL en \u00e9tait le premier coordinateur) unique au monde pour acc\u00e9l\u00e9rer la recherche sur les nouveaux proc\u00e9d\u00e9s (bio)chimiques d&rsquo;origine biologique.<\/span><\/p>\n<p><span title=\"Graduate School 'Science for a changing planet' assets rely on: 1 awarded French laboratory of excellence (Chemical and Physical Properties of the Atmosphere), including its learning programme M2I Atmospheric Environment (Chemical Physics and Physics), 1 excellence equipment label (REALCAT,\">La Graduate School \u00abScience pour une plan\u00e8te en mutation\u00bb s&rsquo;appuie sur: 1 Labex (<a href=\"http:\/\/www.labex-cappa.fr\/projet\/presentation\" target=\"_blank\" rel=\"noopener\">Propri\u00e9t\u00e9s chimiques et physiques de l&rsquo;atmosph\u00e8re<\/a>), dont son programme d&rsquo;apprentissage M2I Atmospheric Environment (Physique chimique et physique), \u00a0<span lang=\"EN-US\">1 Erasmus Mundus Joint <a href=\"http:\/\/master-asc.org\" target=\"_blank\" rel=\"noopener\">Master Degree (Advanced Spectroscopy in Chemistry)<\/a><\/span>, 1 Equipex (REALCAT, <\/span><span title=\"Chemistry) and 4 awarded ERC: RheoMan and TimeMan (Physics);\">Chimie) et 4 ERC: RheoMan et TimeMan (Physics); <\/span><span title=\"FireBar (Chemistry) and Novel (Biology).\">FireBar (Chimie) et Roman (Biologie).<\/span><\/p>\n<p>&nbsp;<\/p>\n<p class=\"paragraph-orange\"><strong>Coordinatrices :<\/strong> <a href=\"mailto:Sophie.Duquesne@ensc-lille.fr\" target=\"_blank\" rel=\"noopener\">Sophie Duquesne<\/a> et <a href=\"mailto:therese.huet@univ-lille1.fr\" target=\"_blank\" rel=\"noopener\">Th\u00e9r\u00e8se Huet<\/a>.<\/p>\n","protected":false},"excerpt":{"rendered":"<p>La Graduate School \u00abScience pour une plan\u00e8te en mutation\u00bb a trois objectifs: (1) comprendre et surveiller les changements plan\u00e9taires; (2) rechercher des solutions alternatives \u00e0 l\u2019exploitation des ressources fossiles, et (3) \u00e9valuer de l\u2019impact des changements globaux sur l\u2019Homme, la Terre et les Soci\u00e9t\u00e9. Elle est ouverte aux \u00e9tudiants talentueux du monde entier dans divers &hellip; <a href=\"https:\/\/wp-isite.urbiloglabs.fr\/index.php\/fr\/graduate-school-science-pour-une-planete-en-mutation\/\" class=\"more-link\">Continuer la lecture<span class=\"screen-reader-text\"> de &laquo;&nbsp;Graduate School \u00ab\u00a0Science pour une plan\u00e8te en mutation\u00a0\u00bb&nbsp;&raquo;<\/span><\/a><\/p>\n","protected":false},"author":2,"featured_media":0,"parent":0,"menu_order":0,"comment_status":"closed","ping_status":"closed","template":"","meta":[],"_links":{"self":[{"href":"https:\/\/wp-isite.urbiloglabs.fr\/index.php\/wp-json\/wp\/v2\/pages\/3839"}],"collection":[{"href":"https:\/\/wp-isite.urbiloglabs.fr\/index.php\/wp-json\/wp\/v2\/pages"}],"about":[{"href":"https:\/\/wp-isite.urbiloglabs.fr\/index.php\/wp-json\/wp\/v2\/types\/page"}],"author":[{"embeddable":true,"href":"https:\/\/wp-isite.urbiloglabs.fr\/index.php\/wp-json\/wp\/v2\/users\/2"}],"replies":[{"embeddable":true,"href":"https:\/\/wp-isite.urbiloglabs.fr\/index.php\/wp-json\/wp\/v2\/comments?post=3839"}],"version-history":[{"count":8,"href":"https:\/\/wp-isite.urbiloglabs.fr\/index.php\/wp-json\/wp\/v2\/pages\/3839\/revisions"}],"predecessor-version":[{"id":4245,"href":"https:\/\/wp-isite.urbiloglabs.fr\/index.php\/wp-json\/wp\/v2\/pages\/3839\/revisions\/4245"}],"wp:attachment":[{"href":"https:\/\/wp-isite.urbiloglabs.fr\/index.php\/wp-json\/wp\/v2\/media?parent=3839"}],"curies":[{"name":"wp","href":"https:\/\/api.w.org\/{rel}","templated":true}]}}