{"id":4004,"date":"2018-10-18T16:48:36","date_gmt":"2018-10-18T14:48:36","guid":{"rendered":"http:\/\/wp-isite.urbiloglabs.fr\/?page_id=4004"},"modified":"2019-03-06T10:56:19","modified_gmt":"2019-03-06T09:56:19","slug":"dispositivos-complementarios","status":"publish","type":"page","link":"https:\/\/wp-isite.urbiloglabs.fr\/index.php\/es\/dispositivos-complementarios\/","title":{"rendered":"Dispositivos complementarios"},"content":{"rendered":"<h3><span style=\"color: #e94e1d;\"><strong>Convocatoria\u00a0para manifestaciones de inter\u00e9s<\/strong><\/span><\/h3>\n<p>La fundaci\u00f3n I-SITE ULNE contribuye a la organizaci\u00f3n de manifestaciones cient\u00edficas de excelencia organizadas por sus miembros fundadores con la condici\u00f3n que corresponden a su estrategia en el \u00e1mbito de la investigaci\u00f3n y del desarollo internacional.<\/p>\n<p><a href=\"https:\/\/wp-isite.urbiloglabs.fr\/wp-content\/uploads\/2019\/03\/190306-AppelManifestations-V3-EN-1.pdf\">M\u00e1s informaciones sobre el dispositivo [en ingl\u00e8s]<\/a><\/p>\n<p>Contactos:\u00a0<a href=\"mailto:juliette.babilotte@wp-isite.urbiloglabs.fr\" target=\"_blank\" rel=\"noopener\">Juliette Babilotte<\/a> (A<span class=\"tlid-translation translation\"><span class=\"\" title=\"\">dministraci\u00f3n<\/span><\/span>), <a href=\"mailto:elodie.legrand@wp-isite.urbiloglabs.fr\">\u00c9lodie Legrand<\/a> (Comunicaci\u00f3n) y <a href=\"mailto:stephane.thys@wp-isite.urbiloglabs.fr\">St\u00e9phane Thys<\/a> (Cooperaci\u00f3n internacional)<\/p>\n<p>&nbsp;<\/p>\n<h3><span style=\"color: #e94e1d;\">Clarivate Analytics<\/span><\/h3>\n<p>La Fundaci\u00f3n ofrece a todos sus miembros fundadores apoyos para expender su visibilidad internacional. Para ello, se un acuerdo con <a href=\"https:\/\/clarivate.com\/\" target=\"_blank\" rel=\"noopener\">Clarivate Analytics<\/a> que permite dar a las publicaciones cient\u00edficas una mejor visibilidad en las clasificaciones internacionales optimizando sus afiliaciones.<\/p>\n<p>&nbsp;<\/p>\n<h3><span style=\"color: #e94e1d;\">The Conversation<\/span><\/h3>\n<p>A nombre de los establecimientos del consorcio, la Fundaci\u00f3n se afilio al medio en l\u00ednea <a href=\"https:\/\/theconversation.com\/es\" target=\"_blank\" rel=\"noopener\">The Conversation<\/a>, que contribuye al debate p\u00fablico gracias a las contribuciones de los docentes-investigadores e investigadores y les da una gran difusi\u00f3n medi\u00e1tica.<\/p>\n<p>Cada miembro fundador dispone entonces de un espacio personal con los datos m\u00e9tricos vinculados con sus contribuciones. Recibe notificaciones cuando alguien de la instituci\u00f3n publica en ese medio.<\/p>\n<p>&nbsp;<\/p>\n<h3><span style=\"color: #e94e1d;\">Acciones coordinadas con nuestros socios<\/span><\/h3>\n<h4>Con la MEL:<\/h4>\n<ul>\n<li><a href=\"http:\/\/www.lillemetropole.fr\/sites\/lmcu\/mel\/actualites-metropole-lille\/recherche-enseignement\/appel-a-projets-accueil-de-talen.html\" target=\"_blank\" rel=\"noopener\">Acogida de talentos<\/a><\/li>\n<\/ul>\n<h4>Con la Regi\u00f3n:<\/h4>\n<ul>\n<li><a href=\"http:\/\/guide-aides.hautsdefrance.fr\/spip.php?page=aide&amp;id_dispositif=712\" target=\"_blank\" rel=\"noopener\">Equipos mixtos laboratorio-empresas<\/a><\/li>\n<li><a href=\"http:\/\/guide-aides.hautsdefrance.fr\/spip.php?page=aide&amp;id_dispositif=491\" target=\"_blank\" rel=\"noopener\">Becas de investigaci\u00f3n vinculadas con las empresas<\/a><\/li>\n<li><a href=\"http:\/\/www.hautsdefrance.fr\/stars-de-recherche\/\" target=\"_blank\" rel=\"noopener\">Apoyo a la acogida de talentos en la investigaci\u00f3n cient\u00edfica (STaRS)<\/a><\/li>\n<\/ul>\n","protected":false},"excerpt":{"rendered":"<p>Convocatoria\u00a0para manifestaciones de inter\u00e9s La fundaci\u00f3n I-SITE ULNE contribuye a la organizaci\u00f3n de manifestaciones cient\u00edficas de excelencia organizadas por sus miembros fundadores con la condici\u00f3n que corresponden a su estrategia en el \u00e1mbito de la investigaci\u00f3n y del desarollo internacional. M\u00e1s informaciones sobre el dispositivo [en ingl\u00e8s] Contactos:\u00a0Juliette Babilotte (Administraci\u00f3n), \u00c9lodie Legrand (Comunicaci\u00f3n) y St\u00e9phane &hellip; <a href=\"https:\/\/wp-isite.urbiloglabs.fr\/index.php\/es\/dispositivos-complementarios\/\" class=\"more-link\">Continuer la lecture<span class=\"screen-reader-text\"> de &laquo;&nbsp;Dispositivos complementarios&nbsp;&raquo;<\/span><\/a><\/p>\n","protected":false},"author":2,"featured_media":0,"parent":0,"menu_order":0,"comment_status":"closed","ping_status":"closed","template":"","meta":[],"_links":{"self":[{"href":"https:\/\/wp-isite.urbiloglabs.fr\/index.php\/wp-json\/wp\/v2\/pages\/4004"}],"collection":[{"href":"https:\/\/wp-isite.urbiloglabs.fr\/index.php\/wp-json\/wp\/v2\/pages"}],"about":[{"href":"https:\/\/wp-isite.urbiloglabs.fr\/index.php\/wp-json\/wp\/v2\/types\/page"}],"author":[{"embeddable":true,"href":"https:\/\/wp-isite.urbiloglabs.fr\/index.php\/wp-json\/wp\/v2\/users\/2"}],"replies":[{"embeddable":true,"href":"https:\/\/wp-isite.urbiloglabs.fr\/index.php\/wp-json\/wp\/v2\/comments?post=4004"}],"version-history":[{"count":6,"href":"https:\/\/wp-isite.urbiloglabs.fr\/index.php\/wp-json\/wp\/v2\/pages\/4004\/revisions"}],"predecessor-version":[{"id":4450,"href":"https:\/\/wp-isite.urbiloglabs.fr\/index.php\/wp-json\/wp\/v2\/pages\/4004\/revisions\/4450"}],"wp:attachment":[{"href":"https:\/\/wp-isite.urbiloglabs.fr\/index.php\/wp-json\/wp\/v2\/media?parent=4004"}],"curies":[{"name":"wp","href":"https:\/\/api.w.org\/{rel}","templated":true}]}}