{"id":4221,"date":"2018-12-11T17:32:59","date_gmt":"2018-12-11T16:32:59","guid":{"rendered":"http:\/\/wp-isite.urbiloglabs.fr\/?page_id=4221"},"modified":"2018-12-11T17:59:32","modified_gmt":"2018-12-11T16:59:32","slug":"escuela-de-posgrados-friendly-deep-tech","status":"publish","type":"page","link":"https:\/\/wp-isite.urbiloglabs.fr\/index.php\/es\/escuela-de-posgrados-friendly-deep-tech\/","title":{"rendered":"Escuela de Posgrados \u00ab Friendly deep tech \u00bb"},"content":{"rendered":"<p><img loading=\"lazy\" class=\"alignleft size-large wp-image-4228\" src=\"https:\/\/wp-isite.urbiloglabs.fr\/wp-content\/uploads\/2018\/12\/GS3_ES-1024x195.jpg\" alt=\"\" width=\"840\" height=\"160\" \/><\/p>\n<p>El objetivo de la Escuela de Posgrado \u00ab\u00a0Friendly Deep Tech\u00a0\u00bb es formar profesionales con habilidades <em>hybride<\/em> en diferentes campos cient\u00edficos y tecnol\u00f3gicos claves, directamente relacionados con el entorno empresarial y social : datos e inteligencia artificial, Internet de las cosas, fot\u00f3nica, interacci\u00f3n hombre-m\u00e1quina, etc.<\/p>\n<p>En apoyo del Labex y de los equipos de excelencia, el programa ofrece los siguientes cursos: datos e inteligencia artificial, Internet de las cosas, fot\u00f3nica, cognici\u00f3n e interacci\u00f3n hombre-m\u00e1quina. Las ciencias humanas y sociales tambi\u00e9n est\u00e1n involucradas. El enfoque de la tecnolog\u00eda cognitiva (interacci\u00f3n entre la tecnolog\u00eda y los procesos mentales para estudiar la cognici\u00f3n) es esencial. Dentro de esta Escuela de Posgrados, el Deep Tech Lab ocupa un lugar central donde se llevan a cabo proyectos de maestr\u00eda y doctorado en colaboraci\u00f3n con laboratorios de investigaci\u00f3n, escuelas de ingenier\u00eda y empresas. Gracias a la organizaci\u00f3n de eventos como Deep Tech Show y Deep Tech Trophy, los estudiantes refuerzan sus habilidades de gesti\u00f3n, el gusto por la competencia y la creaci\u00f3n de un negocio.<\/p>\n<p>Las fortalezas de la Escuela de Posgrados \u00ab\u00a0Friendly Deep Tech\u00a0\u00bb se basan en: equipos de investigaci\u00f3n en ciencias de la computaci\u00f3n, matem\u00e1ticas, f\u00edsica, electr\u00f3nica y ciencias cognitivas, reconocidos como excelentes en particular por su participaci\u00f3n en 6 proyectos nacionales de excelencia en Francia (<a href=\"http:\/\/math.univ-lille1.fr\/~cempi\/index_eng.php\">Cempi<\/a>, <a href=\"http:\/\/www.agence-nationale-recherche.fr\/ProjetIA-11-EQPX-0017\">Flux<\/a>, <a href=\"https:\/\/leaf-equipex.iemn.univ-lille1.fr\/\">LEAF<\/a>, <a href=\"https:\/\/www.iemn.fr\/actualites\/projet-excelsior-2.html\">EXCELSIOR<\/a>, <a href=\"https:\/\/fit-equipex.fr\/\">FIT<\/a> et <a href=\"http:\/\/www.irdive.fr\/?page_id=9&amp;lang=fr\">IrDIVE<\/a>), 5 proyectos ERC y 8 proyectos europeos (incluyendo Flagships de Graphene y Quantum).<\/p>\n<p>&nbsp;<\/p>\n<p class=\"paragraph-orange\">Coordinador : <a href=\"mailto:Marc.DOUAY@univ-lille1.fr\">Marc Douay<\/a><\/p>\n","protected":false},"excerpt":{"rendered":"<p>El objetivo de la Escuela de Posgrado \u00ab\u00a0Friendly Deep Tech\u00a0\u00bb es formar profesionales con habilidades hybride en diferentes campos cient\u00edficos y tecnol\u00f3gicos claves, directamente relacionados con el entorno empresarial y social : datos e inteligencia artificial, Internet de las cosas, fot\u00f3nica, interacci\u00f3n hombre-m\u00e1quina, etc. En apoyo del Labex y de los equipos de excelencia, el &hellip; <a href=\"https:\/\/wp-isite.urbiloglabs.fr\/index.php\/es\/escuela-de-posgrados-friendly-deep-tech\/\" class=\"more-link\">Continuer la lecture<span class=\"screen-reader-text\"> de &laquo;&nbsp;Escuela de Posgrados \u00ab Friendly deep tech \u00bb&nbsp;&raquo;<\/span><\/a><\/p>\n","protected":false},"author":2,"featured_media":0,"parent":0,"menu_order":0,"comment_status":"closed","ping_status":"closed","template":"","meta":[],"_links":{"self":[{"href":"https:\/\/wp-isite.urbiloglabs.fr\/index.php\/wp-json\/wp\/v2\/pages\/4221"}],"collection":[{"href":"https:\/\/wp-isite.urbiloglabs.fr\/index.php\/wp-json\/wp\/v2\/pages"}],"about":[{"href":"https:\/\/wp-isite.urbiloglabs.fr\/index.php\/wp-json\/wp\/v2\/types\/page"}],"author":[{"embeddable":true,"href":"https:\/\/wp-isite.urbiloglabs.fr\/index.php\/wp-json\/wp\/v2\/users\/2"}],"replies":[{"embeddable":true,"href":"https:\/\/wp-isite.urbiloglabs.fr\/index.php\/wp-json\/wp\/v2\/comments?post=4221"}],"version-history":[{"count":2,"href":"https:\/\/wp-isite.urbiloglabs.fr\/index.php\/wp-json\/wp\/v2\/pages\/4221\/revisions"}],"predecessor-version":[{"id":4229,"href":"https:\/\/wp-isite.urbiloglabs.fr\/index.php\/wp-json\/wp\/v2\/pages\/4221\/revisions\/4229"}],"wp:attachment":[{"href":"https:\/\/wp-isite.urbiloglabs.fr\/index.php\/wp-json\/wp\/v2\/media?parent=4221"}],"curies":[{"name":"wp","href":"https:\/\/api.w.org\/{rel}","templated":true}]}}