{"id":4223,"date":"2018-12-11T17:34:22","date_gmt":"2018-12-11T16:34:22","guid":{"rendered":"http:\/\/wp-isite.urbiloglabs.fr\/?page_id=4223"},"modified":"2019-03-25T11:01:48","modified_gmt":"2019-03-25T10:01:48","slug":"escuela-de-posgrados-salud","status":"publish","type":"page","link":"https:\/\/wp-isite.urbiloglabs.fr\/index.php\/es\/escuela-de-posgrados-salud\/","title":{"rendered":"Escuela de Posgrados \u00ab Salud \u00bb"},"content":{"rendered":"<p><img loading=\"lazy\" class=\"alignleft size-large wp-image-4225\" src=\"https:\/\/wp-isite.urbiloglabs.fr\/wp-content\/uploads\/2018\/12\/GS1_ES-1024x194.jpg\" alt=\"\" width=\"840\" height=\"159\" \/><\/p>\n<p>La Escuela de Posgrados \u00ab\u00a0Salud\u00a0\u00bb ofrece una formaci\u00f3n \u00fanica en investigaci\u00f3n de excelencia en dos temas cient\u00edficos principales: <strong>(1) diabetes, enfermedades metab\u00f3licas y sus complicaciones; (2) Alzheimer y otras enfermedades neurodegenerativas<\/strong>.<\/p>\n<p>La Escuela est\u00e1 abierta a bi\u00f3logos talentosos, m\u00e9dicos y farmac\u00e9uticos de todos los or\u00edgenes para formar la pr\u00f3xima generaci\u00f3n de l\u00edderes en investigaci\u00f3n acad\u00e9mica e industrial en el campo de la biotecnolog\u00eda.<\/p>\n<p>Las fortalezas de esta Escuela de Posgrados se basan en: 3 ERC, 2 Labex (<a href=\"http:\/\/www.egid.fr\/1\/home\/\">EGID<\/a> y<a href=\"http:\/\/distalz.univ-lille2.fr\/\"> DISTALZ<\/a>), 2 Equipex (<a href=\"http:\/\/ligan.good.cnrs.fr\/en\/presentation\/la-plateforme-ligan\/\">LIGAN<\/a> y <a href=\"http:\/\/www.bicel.org\/\">ImaginEX<\/a>), un centro de excelencia en enfermedades neurodegenerativas (<a href=\"http:\/\/licend.fr\/en\/licend-lille-centre-of-excellence-for-neurodegenerative-disorders\/\">LiCEND<\/a>) y una red de capacitaci\u00f3n innovadora (ITN) <a href=\"http:\/\/tasppi.eu\/about\/\">TASPPI<\/a> (Estabilizaci\u00f3n dirigida de peque\u00f1as mol\u00e9culas de interacciones prote\u00edna-prote\u00edna). La Escuela de Posgrados organiza dos cursos de verano (uno para cada laboratorio de excelencia).<\/p>\n<p>La Escuela de Posgrados ofrece una maestr\u00eda en biolog\u00eda y salud (M1 y M2) y un programa de doctorado en ingl\u00e9s, abierto a toda la comunidad cient\u00edfica, incluidos postdoc, ingenieros, profesores e investigadores. Re\u00fane cursos pr\u00e1cticos innovadores sobre tecnolog\u00edas y enfoques de vanguardia (secuenciaci\u00f3n de la pr\u00f3xima generaci\u00f3n, biolog\u00eda de sistemas, bioinform\u00e1tica integrada &#8230;) y m\u00f3dulos interdisciplinarios sobre las ciencias humanas, econ\u00f3micas y sociales impartidas por expertos locales, nacionales y europeos de la disciplina. Todos los estudiantes tendr\u00e1n movilidad obligatoria durante sus estudios\/su investigaci\u00f3n con socios internacionales de la Escuela de Posgrados como Sanofi y <a href=\"https:\/\/apteeus.fr\/fr\/\">Apteus<\/a>, entre otros.<\/p>\n<p>&nbsp;<\/p>\n<p class=\"paragraph-orange\"><strong>Coordinadores :<\/strong> <a href=\"mailto:amar.abderrahmani@univ-lille2.fr\">Amar Abderrahmani<\/a>, <a href=\"mailto:julien.chapuis@pasteur-lille.fr\">Julien Chapuis<\/a> y <a href=\"mailto:anne.tailleux@univ-lille.fr\">Anne Tailleux<\/a>.<\/p>\n","protected":false},"excerpt":{"rendered":"<p>La Escuela de Posgrados \u00ab\u00a0Salud\u00a0\u00bb ofrece una formaci\u00f3n \u00fanica en investigaci\u00f3n de excelencia en dos temas cient\u00edficos principales: (1) diabetes, enfermedades metab\u00f3licas y sus complicaciones; (2) Alzheimer y otras enfermedades neurodegenerativas. La Escuela est\u00e1 abierta a bi\u00f3logos talentosos, m\u00e9dicos y farmac\u00e9uticos de todos los or\u00edgenes para formar la pr\u00f3xima generaci\u00f3n de l\u00edderes en investigaci\u00f3n acad\u00e9mica &hellip; <a href=\"https:\/\/wp-isite.urbiloglabs.fr\/index.php\/es\/escuela-de-posgrados-salud\/\" class=\"more-link\">Continuer la lecture<span class=\"screen-reader-text\"> de &laquo;&nbsp;Escuela de Posgrados \u00ab Salud \u00bb&nbsp;&raquo;<\/span><\/a><\/p>\n","protected":false},"author":2,"featured_media":0,"parent":0,"menu_order":0,"comment_status":"closed","ping_status":"closed","template":"","meta":[],"_links":{"self":[{"href":"https:\/\/wp-isite.urbiloglabs.fr\/index.php\/wp-json\/wp\/v2\/pages\/4223"}],"collection":[{"href":"https:\/\/wp-isite.urbiloglabs.fr\/index.php\/wp-json\/wp\/v2\/pages"}],"about":[{"href":"https:\/\/wp-isite.urbiloglabs.fr\/index.php\/wp-json\/wp\/v2\/types\/page"}],"author":[{"embeddable":true,"href":"https:\/\/wp-isite.urbiloglabs.fr\/index.php\/wp-json\/wp\/v2\/users\/2"}],"replies":[{"embeddable":true,"href":"https:\/\/wp-isite.urbiloglabs.fr\/index.php\/wp-json\/wp\/v2\/comments?post=4223"}],"version-history":[{"count":4,"href":"https:\/\/wp-isite.urbiloglabs.fr\/index.php\/wp-json\/wp\/v2\/pages\/4223\/revisions"}],"predecessor-version":[{"id":4492,"href":"https:\/\/wp-isite.urbiloglabs.fr\/index.php\/wp-json\/wp\/v2\/pages\/4223\/revisions\/4492"}],"wp:attachment":[{"href":"https:\/\/wp-isite.urbiloglabs.fr\/index.php\/wp-json\/wp\/v2\/media?parent=4223"}],"curies":[{"name":"wp","href":"https:\/\/api.w.org\/{rel}","templated":true}]}}