{"id":4476,"date":"2019-03-22T16:05:58","date_gmt":"2019-03-22T15:05:58","guid":{"rendered":"http:\/\/wp-isite.urbiloglabs.fr\/?page_id=4476"},"modified":"2019-03-22T16:05:58","modified_gmt":"2019-03-22T15:05:58","slug":"lillometrics-2","status":"publish","type":"page","link":"https:\/\/wp-isite.urbiloglabs.fr\/index.php\/fr\/lillometrics-2\/","title":{"rendered":"Lillometrics"},"content":{"rendered":"<p><img loading=\"lazy\" class=\"alignleft size-medium wp-image-4477\" src=\"https:\/\/wp-isite.urbiloglabs.fr\/wp-content\/uploads\/2019\/03\/190130-LogoLillometricsFinal-300x52.png\" alt=\"\" width=\"300\" height=\"52\" \/><\/p>\n<p>Lillometrics est la plateforme d\u2019analyse bibliom\u00e9trique du campus lillois. Rattach\u00e9e \u00e0 l\u2019I-SITE ULNE, elle int\u00e8gre des comp\u00e9tences et des personnels provenant du <a href=\"http:\/\/www.chru-lille.fr\/\" target=\"_blank\" rel=\"noopener\">CHU de Lille<\/a> et de l\u2019<a href=\"https:\/\/www.univ-lille.fr\/\" target=\"_blank\" rel=\"noopener\">Universit\u00e9 de Lille<\/a>. Elle a pour missions de\u00a0 :<\/p>\n<ul>\n<li>Coordonner la visibilit\u00e9 dans les bases internationales : expertise, m\u00e9thodologie et interface avec les \u00e9diteurs ;<\/li>\n<li>Favoriser l\u2019interop\u00e9rabilit\u00e9 des donn\u00e9es avec d\u2019autres applications recherche (archive ouverte LillOA, ORCID\u2026)<\/li>\n<li>R\u00e9aliser des formations, une veille et de la recherche ;<\/li>\n<li>Apporter l\u2019expertise bibliom\u00e9trique dans le d\u00e9ploiement de SAMPRA.<\/li>\n<\/ul>\n<p>&nbsp;<\/p>\n<p><i class=\"wp-svg-plus plus\"><\/i> infos : <a href=\"https:\/\/lillometrics.univ-lille.fr\/\">https:\/\/lillometrics.univ-lille.fr\/<\/a><\/p>\n","protected":false},"excerpt":{"rendered":"<p>Lillometrics est la plateforme d\u2019analyse bibliom\u00e9trique du campus lillois. Rattach\u00e9e \u00e0 l\u2019I-SITE ULNE, elle int\u00e8gre des comp\u00e9tences et des personnels provenant du CHU de Lille et de l\u2019Universit\u00e9 de Lille. Elle a pour missions de\u00a0 : Coordonner la visibilit\u00e9 dans les bases internationales : expertise, m\u00e9thodologie et interface avec les \u00e9diteurs ; Favoriser l\u2019interop\u00e9rabilit\u00e9 des &hellip; <a href=\"https:\/\/wp-isite.urbiloglabs.fr\/index.php\/fr\/lillometrics-2\/\" class=\"more-link\">Continuer la lecture<span class=\"screen-reader-text\"> de &laquo;&nbsp;Lillometrics&nbsp;&raquo;<\/span><\/a><\/p>\n","protected":false},"author":2,"featured_media":0,"parent":0,"menu_order":0,"comment_status":"closed","ping_status":"closed","template":"","meta":[],"_links":{"self":[{"href":"https:\/\/wp-isite.urbiloglabs.fr\/index.php\/wp-json\/wp\/v2\/pages\/4476"}],"collection":[{"href":"https:\/\/wp-isite.urbiloglabs.fr\/index.php\/wp-json\/wp\/v2\/pages"}],"about":[{"href":"https:\/\/wp-isite.urbiloglabs.fr\/index.php\/wp-json\/wp\/v2\/types\/page"}],"author":[{"embeddable":true,"href":"https:\/\/wp-isite.urbiloglabs.fr\/index.php\/wp-json\/wp\/v2\/users\/2"}],"replies":[{"embeddable":true,"href":"https:\/\/wp-isite.urbiloglabs.fr\/index.php\/wp-json\/wp\/v2\/comments?post=4476"}],"version-history":[{"count":2,"href":"https:\/\/wp-isite.urbiloglabs.fr\/index.php\/wp-json\/wp\/v2\/pages\/4476\/revisions"}],"predecessor-version":[{"id":4479,"href":"https:\/\/wp-isite.urbiloglabs.fr\/index.php\/wp-json\/wp\/v2\/pages\/4476\/revisions\/4479"}],"wp:attachment":[{"href":"https:\/\/wp-isite.urbiloglabs.fr\/index.php\/wp-json\/wp\/v2\/media?parent=4476"}],"curies":[{"name":"wp","href":"https:\/\/api.w.org\/{rel}","templated":true}]}}